{"id":31262,"date":"2023-06-16T11:21:27","date_gmt":"2023-06-16T10:21:27","guid":{"rendered":"https:\/\/www.b-et-c.com\/accueil\/?post_type=product&#038;p=31262"},"modified":"2023-06-16T14:05:43","modified_gmt":"2023-06-16T13:05:43","slug":"sigalas","status":"publish","type":"product","link":"https:\/\/www.b-et-c.com\/en\/shop\/europe\/domaines-grece\/sigalas\/","title":{"rendered":"Sigalas"},"content":{"rendered":"","protected":false},"excerpt":{"rendered":"<p><strong>Appellation :  Santorini <\/strong><\/p>\n<p>Au c\u0153ur des Cyclades, au nord de l\u2019\u00eele de Santorin, le domaine Sigalas s\u2019\u00e9tend sur 40 hectares de terroirs sculpt\u00e9s par les coul\u00e9es de lave. Fait rare, cette composante volcanique a pr\u00e9serv\u00e9 les sols du phyllox\u00e9ra, les vignes sont donc non greff\u00e9es. Les rendements, relativement faibles, ne d\u00e9passent pas les 200 000 bouteilles annuelles.<br \/>\nExport\u00e9 dans plus de 20 pays, Sigalas jouit aujourd\u2019hui d\u2019une reconnaissance internationale. L\u2019\u00e9quipe, dirig\u00e9e par Stellio Boutaris et Lambros Papadimitriou, est port\u00e9e par de jeunes agronomes et \u0153nologues en constante recherche d\u2019\u00e9quilibre entre innovation, respect de l\u2019environnement et perp\u00e9tuation de l\u2019incroyable h\u00e9ritage viticole mill\u00e9naire grec.<\/p>","protected":false},"featured_media":31266,"comment_status":"closed","ping_status":"closed","template":"","meta":{"_monsterinsights_skip_tracking":false,"_monsterinsights_sitenote_active":false,"_monsterinsights_sitenote_note":"","_monsterinsights_sitenote_category":0},"product_brand":[],"product_cat":[252],"product_tag":[],"class_list":{"0":"post-31262","1":"product","2":"type-product","3":"status-publish","4":"has-post-thumbnail","6":"product_cat-domaines-grece","8":"first","9":"instock","10":"shipping-taxable","11":"product-type-simple"},"aioseo_notices":[],"_links":{"self":[{"href":"https:\/\/www.b-et-c.com\/en\/wp-json\/wp\/v2\/product\/31262","targetHints":{"allow":["GET"]}}],"collection":[{"href":"https:\/\/www.b-et-c.com\/en\/wp-json\/wp\/v2\/product"}],"about":[{"href":"https:\/\/www.b-et-c.com\/en\/wp-json\/wp\/v2\/types\/product"}],"replies":[{"embeddable":true,"href":"https:\/\/www.b-et-c.com\/en\/wp-json\/wp\/v2\/comments?post=31262"}],"version-history":[{"count":2,"href":"https:\/\/www.b-et-c.com\/en\/wp-json\/wp\/v2\/product\/31262\/revisions"}],"predecessor-version":[{"id":31327,"href":"https:\/\/www.b-et-c.com\/en\/wp-json\/wp\/v2\/product\/31262\/revisions\/31327"}],"wp:featuredmedia":[{"embeddable":true,"href":"https:\/\/www.b-et-c.com\/en\/wp-json\/wp\/v2\/media\/31266"}],"wp:attachment":[{"href":"https:\/\/www.b-et-c.com\/en\/wp-json\/wp\/v2\/media?parent=31262"}],"wp:term":[{"taxonomy":"product_brand","embeddable":true,"href":"https:\/\/www.b-et-c.com\/en\/wp-json\/wp\/v2\/product_brand?post=31262"},{"taxonomy":"product_cat","embeddable":true,"href":"https:\/\/www.b-et-c.com\/en\/wp-json\/wp\/v2\/product_cat?post=31262"},{"taxonomy":"product_tag","embeddable":true,"href":"https:\/\/www.b-et-c.com\/en\/wp-json\/wp\/v2\/product_tag?post=31262"}],"curies":[{"name":"wp","href":"https:\/\/api.w.org\/{rel}","templated":true}]}}