{"id":31238,"date":"2023-06-14T15:14:23","date_gmt":"2023-06-14T14:14:23","guid":{"rendered":"https:\/\/www.b-et-c.com\/accueil\/?post_type=product&#038;p=31238"},"modified":"2023-10-17T15:46:25","modified_gmt":"2023-10-17T14:46:25","slug":"kir-yianni","status":"publish","type":"product","link":"https:\/\/www.b-et-c.com\/en\/shop\/europe\/domaines-grece\/kir-yianni\/","title":{"rendered":"Kir-Yianni"},"content":{"rendered":"","protected":false},"excerpt":{"rendered":"<p><strong>Appellation : Naoussa <\/strong><\/p>\n<p>Fond\u00e9 en 1997 par Yiannis Boutaris Kir-Yianni se situe sur les collines du mont Vermion, en Mac\u00e9doine, au c\u0153ur de l&rsquo;appellation Naoussa.<br \/>\nLe vignoble, conduit selon les principes de l\u2019agriculture int\u00e9gr\u00e9e, accorde une place pr\u00e9pond\u00e9rante au respect de l\u2019environnement.<br \/>\nLa s\u00e9lection fine de raisins \u00e0 la vigne ainsi qu\u2019un m\u00e9ticuleux travail de microvinification assurent aux vins de Kir-Yianni une v\u00e9ritable typicit\u00e9 et un excellent potentiel de garde.<br \/>\nLes rouges \u00ab\u00a0bourguignons\u00a0\u00bb de Xinomavro, le plus noble des c\u00e9pages rouges grecs et les Assyrtiko blancs, gourmands et salins sont une r\u00e9v\u00e9lation.<\/p>","protected":false},"featured_media":31243,"comment_status":"closed","ping_status":"closed","template":"","meta":{"_monsterinsights_skip_tracking":false,"_monsterinsights_sitenote_active":false,"_monsterinsights_sitenote_note":"","_monsterinsights_sitenote_category":0},"product_brand":[],"product_cat":[252],"product_tag":[],"class_list":{"0":"post-31238","1":"product","2":"type-product","3":"status-publish","4":"has-post-thumbnail","6":"product_cat-domaines-grece","8":"first","9":"instock","10":"shipping-taxable","11":"product-type-simple"},"aioseo_notices":[],"_links":{"self":[{"href":"https:\/\/www.b-et-c.com\/en\/wp-json\/wp\/v2\/product\/31238","targetHints":{"allow":["GET"]}}],"collection":[{"href":"https:\/\/www.b-et-c.com\/en\/wp-json\/wp\/v2\/product"}],"about":[{"href":"https:\/\/www.b-et-c.com\/en\/wp-json\/wp\/v2\/types\/product"}],"replies":[{"embeddable":true,"href":"https:\/\/www.b-et-c.com\/en\/wp-json\/wp\/v2\/comments?post=31238"}],"version-history":[{"count":5,"href":"https:\/\/www.b-et-c.com\/en\/wp-json\/wp\/v2\/product\/31238\/revisions"}],"predecessor-version":[{"id":31447,"href":"https:\/\/www.b-et-c.com\/en\/wp-json\/wp\/v2\/product\/31238\/revisions\/31447"}],"wp:featuredmedia":[{"embeddable":true,"href":"https:\/\/www.b-et-c.com\/en\/wp-json\/wp\/v2\/media\/31243"}],"wp:attachment":[{"href":"https:\/\/www.b-et-c.com\/en\/wp-json\/wp\/v2\/media?parent=31238"}],"wp:term":[{"taxonomy":"product_brand","embeddable":true,"href":"https:\/\/www.b-et-c.com\/en\/wp-json\/wp\/v2\/product_brand?post=31238"},{"taxonomy":"product_cat","embeddable":true,"href":"https:\/\/www.b-et-c.com\/en\/wp-json\/wp\/v2\/product_cat?post=31238"},{"taxonomy":"product_tag","embeddable":true,"href":"https:\/\/www.b-et-c.com\/en\/wp-json\/wp\/v2\/product_tag?post=31238"}],"curies":[{"name":"wp","href":"https:\/\/api.w.org\/{rel}","templated":true}]}}