{"id":31168,"date":"2023-04-05T15:39:05","date_gmt":"2023-04-05T14:39:05","guid":{"rendered":"https:\/\/www.b-et-c.com\/accueil\/?post_type=product&#038;p=31168"},"modified":"2023-04-05T15:40:44","modified_gmt":"2023-04-05T14:40:44","slug":"terlano-andrian","status":"publish","type":"product","link":"https:\/\/www.b-et-c.com\/en\/shop\/europe\/domaines-italie\/alto-adige\/terlano-andrian\/","title":{"rendered":"Terlano &#038; Andrian"},"content":{"rendered":"","protected":false},"excerpt":{"rendered":"<p><span style=\"color: #eed7fa;\">Appellation : Alto-Adige<\/span><\/p>\n<p>Les vignerons de Terlano et d\u2019Andrian font vivre la le\u0301gende depuis 1893 sur une constellation de micro parcelles au pied des Dolomites. \u00a0Les deux domaines sont plac\u00e9s chacun sur un versant de la vall\u00e9e. Terlano, au Sud-Ouest, sur des sols de porphyre volcanique, offre des vins amples et majestueux. Andrian, au Nord-Ouest, b\u00e9n\u00e9ficie pour sa part de sols calcaires \u00e0 l\u2019origine d\u2019une min\u00e9ralit\u00e9 rare.<\/p>","protected":false},"featured_media":31175,"comment_status":"closed","ping_status":"closed","template":"","meta":{"_monsterinsights_skip_tracking":false,"_monsterinsights_sitenote_active":false,"_monsterinsights_sitenote_note":"","_monsterinsights_sitenote_category":0},"product_brand":[],"product_cat":[250,230],"product_tag":[],"class_list":{"0":"post-31168","1":"product","2":"type-product","3":"status-publish","4":"has-post-thumbnail","6":"product_cat-alto-adige","7":"product_cat-gamme-italie","9":"first","10":"instock","11":"shipping-taxable","12":"product-type-simple"},"aioseo_notices":[],"_links":{"self":[{"href":"https:\/\/www.b-et-c.com\/en\/wp-json\/wp\/v2\/product\/31168","targetHints":{"allow":["GET"]}}],"collection":[{"href":"https:\/\/www.b-et-c.com\/en\/wp-json\/wp\/v2\/product"}],"about":[{"href":"https:\/\/www.b-et-c.com\/en\/wp-json\/wp\/v2\/types\/product"}],"replies":[{"embeddable":true,"href":"https:\/\/www.b-et-c.com\/en\/wp-json\/wp\/v2\/comments?post=31168"}],"version-history":[{"count":4,"href":"https:\/\/www.b-et-c.com\/en\/wp-json\/wp\/v2\/product\/31168\/revisions"}],"predecessor-version":[{"id":31326,"href":"https:\/\/www.b-et-c.com\/en\/wp-json\/wp\/v2\/product\/31168\/revisions\/31326"}],"wp:featuredmedia":[{"embeddable":true,"href":"https:\/\/www.b-et-c.com\/en\/wp-json\/wp\/v2\/media\/31175"}],"wp:attachment":[{"href":"https:\/\/www.b-et-c.com\/en\/wp-json\/wp\/v2\/media?parent=31168"}],"wp:term":[{"taxonomy":"product_brand","embeddable":true,"href":"https:\/\/www.b-et-c.com\/en\/wp-json\/wp\/v2\/product_brand?post=31168"},{"taxonomy":"product_cat","embeddable":true,"href":"https:\/\/www.b-et-c.com\/en\/wp-json\/wp\/v2\/product_cat?post=31168"},{"taxonomy":"product_tag","embeddable":true,"href":"https:\/\/www.b-et-c.com\/en\/wp-json\/wp\/v2\/product_tag?post=31168"}],"curies":[{"name":"wp","href":"https:\/\/api.w.org\/{rel}","templated":true}]}}