{"id":16815,"date":"2019-04-11T16:04:17","date_gmt":"2019-04-11T15:04:17","guid":{"rendered":"http:\/\/www.b-et-c.com\/?post_type=product&#038;p=16815"},"modified":"2019-07-15T11:10:39","modified_gmt":"2019-07-15T10:10:39","slug":"cantina-di-carpi-e-sorbara","status":"publish","type":"product","link":"https:\/\/www.b-et-c.com\/en\/shop\/europe\/domaines-italie\/emilie-romagne\/cantina-di-carpi-e-sorbara\/","title":{"rendered":"Cantina di Carpi e Sorbara"},"content":{"rendered":"<p>Pr\u00e9sentation de Cantina di Carpi<\/p>\n<p><video src=\"http:\/\/www.b-et-c.com\/wp-content\/uploads\/2019\/04\/CANTINACARPISORBARA-SPUMANTI-2.mov\" controls poster=\"http:\/\/www.b-et-c.com\/wp-content\/uploads\/2014\/12\/Image-Vid\u00e9o-Piazza-Grande.jpg\" width=\"600\"><\/video><\/p>","protected":false},"excerpt":{"rendered":"<p style=\"text-align: justify;\"><span style=\"color: #eed7fa;\">Appellation : Emilie Romagne<\/span><\/p>\n<p style=\"text-align: justify;\"><strong>La gourmandise du lambrusco<\/strong><\/p>\n<p style=\"text-align: justify;\">La Cantina di Carpi e Sorbara est n\u00e9e de la fusion de deux producteurs historiques d\u2019Emilie Romagne pr\u00e8s de Mod\u00e8ne. Elle \u0153uvre activement pour la pr\u00e9servation des m\u00e9thodes et vari\u00e9t\u00e9s des c\u00e9pages traditionnels du lambrusco. Qualit\u00e9 du fruit, fraicheur et \u00e9quilibre sont les ma\u00eetres mots des vignerons de Carpi e Sorbara. <\/p>","protected":false},"featured_media":16817,"comment_status":"closed","ping_status":"closed","template":"","meta":{"_monsterinsights_skip_tracking":false,"_monsterinsights_sitenote_active":false,"_monsterinsights_sitenote_note":"","_monsterinsights_sitenote_category":0},"product_brand":[],"product_cat":[152,230],"product_tag":[],"class_list":{"0":"post-16815","1":"product","2":"type-product","3":"status-publish","4":"has-post-thumbnail","6":"product_cat-emilie-romagne","7":"product_cat-gamme-italie","9":"first","10":"instock","11":"featured","12":"shipping-taxable","13":"product-type-simple"},"aioseo_notices":[],"_links":{"self":[{"href":"https:\/\/www.b-et-c.com\/en\/wp-json\/wp\/v2\/product\/16815","targetHints":{"allow":["GET"]}}],"collection":[{"href":"https:\/\/www.b-et-c.com\/en\/wp-json\/wp\/v2\/product"}],"about":[{"href":"https:\/\/www.b-et-c.com\/en\/wp-json\/wp\/v2\/types\/product"}],"replies":[{"embeddable":true,"href":"https:\/\/www.b-et-c.com\/en\/wp-json\/wp\/v2\/comments?post=16815"}],"version-history":[{"count":5,"href":"https:\/\/www.b-et-c.com\/en\/wp-json\/wp\/v2\/product\/16815\/revisions"}],"predecessor-version":[{"id":18086,"href":"https:\/\/www.b-et-c.com\/en\/wp-json\/wp\/v2\/product\/16815\/revisions\/18086"}],"wp:featuredmedia":[{"embeddable":true,"href":"https:\/\/www.b-et-c.com\/en\/wp-json\/wp\/v2\/media\/16817"}],"wp:attachment":[{"href":"https:\/\/www.b-et-c.com\/en\/wp-json\/wp\/v2\/media?parent=16815"}],"wp:term":[{"taxonomy":"product_brand","embeddable":true,"href":"https:\/\/www.b-et-c.com\/en\/wp-json\/wp\/v2\/product_brand?post=16815"},{"taxonomy":"product_cat","embeddable":true,"href":"https:\/\/www.b-et-c.com\/en\/wp-json\/wp\/v2\/product_cat?post=16815"},{"taxonomy":"product_tag","embeddable":true,"href":"https:\/\/www.b-et-c.com\/en\/wp-json\/wp\/v2\/product_tag?post=16815"}],"curies":[{"name":"wp","href":"https:\/\/api.w.org\/{rel}","templated":true}]}}