{"id":16587,"date":"2019-03-20T15:56:41","date_gmt":"2019-03-20T14:56:41","guid":{"rendered":"http:\/\/www.b-et-c.com\/?post_type=product&#038;p=16587"},"modified":"2019-07-01T09:19:12","modified_gmt":"2019-07-01T08:19:12","slug":"macchie","status":"publish","type":"product","link":"https:\/\/www.b-et-c.com\/en\/shop\/europe\/domaines-italie\/toscane\/macchie\/","title":{"rendered":"Tenuta Delle Macchie"},"content":{"rendered":"","protected":false},"excerpt":{"rendered":"<p style=\"text-align: justify;\"><span style=\"color: #eed7fa;\">Appellation : Toscane<\/span><\/p>\n<p style=\"text-align: justify;\"><strong>L\u2019\u00e9l\u00e9gance raffin\u00e9e du sangiovese<\/strong><\/p>\n<p style=\"text-align: justify;\">C\u2019est au c\u0153ur de la Toscane pr\u00e8s de Sienne, sur des sols d\u2019origine volcanique l\u00e9g\u00e8rement sablonneux riches en min\u00e9raux que l\u2019incroyable Paolo Caciorgna a d\u00e9cid\u00e9 de planter ses 2,3 Ha de sangiovese issus de s\u00e9lection massale. Ses vins sont d\u2019une finesse et d\u2019une \u00e9l\u00e9gance rares, qui subliment l\u2019expression magnifique de la d\u00e9licatesse et la complexit\u00e9 du sangiovese.<\/p>","protected":false},"featured_media":16600,"comment_status":"closed","ping_status":"closed","template":"","meta":{"_monsterinsights_skip_tracking":false,"_monsterinsights_sitenote_active":false,"_monsterinsights_sitenote_note":"","_monsterinsights_sitenote_category":0},"product_brand":[],"product_cat":[99,230],"product_tag":[],"class_list":{"0":"post-16587","1":"product","2":"type-product","3":"status-publish","4":"has-post-thumbnail","6":"product_cat-toscane","7":"product_cat-gamme-italie","9":"first","10":"instock","11":"featured","12":"shipping-taxable","13":"product-type-simple"},"aioseo_notices":[],"_links":{"self":[{"href":"https:\/\/www.b-et-c.com\/en\/wp-json\/wp\/v2\/product\/16587","targetHints":{"allow":["GET"]}}],"collection":[{"href":"https:\/\/www.b-et-c.com\/en\/wp-json\/wp\/v2\/product"}],"about":[{"href":"https:\/\/www.b-et-c.com\/en\/wp-json\/wp\/v2\/types\/product"}],"replies":[{"embeddable":true,"href":"https:\/\/www.b-et-c.com\/en\/wp-json\/wp\/v2\/comments?post=16587"}],"version-history":[{"count":2,"href":"https:\/\/www.b-et-c.com\/en\/wp-json\/wp\/v2\/product\/16587\/revisions"}],"predecessor-version":[{"id":17618,"href":"https:\/\/www.b-et-c.com\/en\/wp-json\/wp\/v2\/product\/16587\/revisions\/17618"}],"wp:featuredmedia":[{"embeddable":true,"href":"https:\/\/www.b-et-c.com\/en\/wp-json\/wp\/v2\/media\/16600"}],"wp:attachment":[{"href":"https:\/\/www.b-et-c.com\/en\/wp-json\/wp\/v2\/media?parent=16587"}],"wp:term":[{"taxonomy":"product_brand","embeddable":true,"href":"https:\/\/www.b-et-c.com\/en\/wp-json\/wp\/v2\/product_brand?post=16587"},{"taxonomy":"product_cat","embeddable":true,"href":"https:\/\/www.b-et-c.com\/en\/wp-json\/wp\/v2\/product_cat?post=16587"},{"taxonomy":"product_tag","embeddable":true,"href":"https:\/\/www.b-et-c.com\/en\/wp-json\/wp\/v2\/product_tag?post=16587"}],"curies":[{"name":"wp","href":"https:\/\/api.w.org\/{rel}","templated":true}]}}