{"id":16554,"date":"2019-03-20T12:35:14","date_gmt":"2019-03-20T11:35:14","guid":{"rendered":"http:\/\/www.b-et-c.com\/?post_type=product&#038;p=16554"},"modified":"2019-07-01T09:17:40","modified_gmt":"2019-07-01T08:17:40","slug":"santa-maria-la-nave","status":"publish","type":"product","link":"https:\/\/www.b-et-c.com\/en\/shop\/europe\/domaines-italie\/sicile\/santa-maria-la-nave\/","title":{"rendered":"Santa Maria la Nave"},"content":{"rendered":"","protected":false},"excerpt":{"rendered":"<p style=\"text-align: justify;\"><span style=\"color: #eed7fa;\">Appellation : Sicile<\/span><\/p>\n<p style=\"text-align: justify;\"><strong>Passion pour la viticulture de l\u2019extr\u00eame<\/strong><\/p>\n<p style=\"text-align: justify;\">Il est incroyable de voir le travail h\u00e9ro\u00efque de Sonia Spadaro sur l\u2019Etna, men\u00e9 en culture organique. A peine 5 barriques de blancs de grecanico dorato \u00e0 1.110 m d\u2019altitude sur la face nord-ouest du volcan, et 10 barriques de rouges de nerello mascalese et cappuccio pr\u00e9phyllox\u00e9riques \u00e0 plus de 800 m d\u2019altitudes sur la face sud-est. Les vins sont d\u2019une finesse et subtilit\u00e9 absolues.<\/p>","protected":false},"featured_media":16555,"comment_status":"closed","ping_status":"closed","template":"","meta":{"_monsterinsights_skip_tracking":false,"_monsterinsights_sitenote_active":false,"_monsterinsights_sitenote_note":"","_monsterinsights_sitenote_category":0},"product_brand":[],"product_cat":[102,230],"product_tag":[],"class_list":{"0":"post-16554","1":"product","2":"type-product","3":"status-publish","4":"has-post-thumbnail","6":"product_cat-sicile","7":"product_cat-gamme-italie","9":"first","10":"instock","11":"featured","12":"shipping-taxable","13":"product-type-simple"},"aioseo_notices":[],"_links":{"self":[{"href":"https:\/\/www.b-et-c.com\/en\/wp-json\/wp\/v2\/product\/16554","targetHints":{"allow":["GET"]}}],"collection":[{"href":"https:\/\/www.b-et-c.com\/en\/wp-json\/wp\/v2\/product"}],"about":[{"href":"https:\/\/www.b-et-c.com\/en\/wp-json\/wp\/v2\/types\/product"}],"replies":[{"embeddable":true,"href":"https:\/\/www.b-et-c.com\/en\/wp-json\/wp\/v2\/comments?post=16554"}],"version-history":[{"count":1,"href":"https:\/\/www.b-et-c.com\/en\/wp-json\/wp\/v2\/product\/16554\/revisions"}],"predecessor-version":[{"id":17608,"href":"https:\/\/www.b-et-c.com\/en\/wp-json\/wp\/v2\/product\/16554\/revisions\/17608"}],"wp:featuredmedia":[{"embeddable":true,"href":"https:\/\/www.b-et-c.com\/en\/wp-json\/wp\/v2\/media\/16555"}],"wp:attachment":[{"href":"https:\/\/www.b-et-c.com\/en\/wp-json\/wp\/v2\/media?parent=16554"}],"wp:term":[{"taxonomy":"product_brand","embeddable":true,"href":"https:\/\/www.b-et-c.com\/en\/wp-json\/wp\/v2\/product_brand?post=16554"},{"taxonomy":"product_cat","embeddable":true,"href":"https:\/\/www.b-et-c.com\/en\/wp-json\/wp\/v2\/product_cat?post=16554"},{"taxonomy":"product_tag","embeddable":true,"href":"https:\/\/www.b-et-c.com\/en\/wp-json\/wp\/v2\/product_tag?post=16554"}],"curies":[{"name":"wp","href":"https:\/\/api.w.org\/{rel}","templated":true}]}}