{"id":16542,"date":"2019-03-20T12:22:06","date_gmt":"2019-03-20T11:22:06","guid":{"rendered":"http:\/\/www.b-et-c.com\/?post_type=product&#038;p=16542"},"modified":"2019-11-21T15:41:02","modified_gmt":"2019-11-21T14:41:02","slug":"pietro-caciorgna","status":"publish","type":"product","link":"https:\/\/www.b-et-c.com\/en\/shop\/europe\/domaines-italie\/sicile\/pietro-caciorgna\/","title":{"rendered":"Pietro Caciorgna"},"content":{"rendered":"","protected":false},"excerpt":{"rendered":"<p style=\"text-align: justify;\"><span style=\"color: #eed7fa;\">Appellation : Sicile<\/span><\/p>\n<p style=\"text-align: justify;\"><strong>La magie de l\u2019Etna r\u00e9v\u00e9l\u00e9e<\/strong><\/p>\n<p style=\"text-align: justify;\">Pr\u00e8s de Santo Spirito, \u00e0 plus de 700 m d\u2019altitude sur les sols noirs de lave et de cendres volcaniques du versant nord de l\u2019Etna, l\u2019oenologue Paolo Caciorgna \u00e0 la renomm\u00e9e internationale produits de vins de nerello mascalese issus de s\u00e9lection massale et pr\u00e9phyllox\u00e9riques pour certaines parcelles. Ses vins sont expressifs, vifs, \u00e9l\u00e9gants, soyeux et riches en complexit\u00e9 min\u00e9rale volcanique.<\/p>","protected":false},"featured_media":16543,"comment_status":"closed","ping_status":"closed","template":"","meta":{"_monsterinsights_skip_tracking":false,"_monsterinsights_sitenote_active":false,"_monsterinsights_sitenote_note":"","_monsterinsights_sitenote_category":0},"product_brand":[],"product_cat":[102,230],"product_tag":[],"class_list":{"0":"post-16542","1":"product","2":"type-product","3":"status-publish","4":"has-post-thumbnail","6":"product_cat-sicile","7":"product_cat-gamme-italie","9":"first","10":"instock","11":"featured","12":"shipping-taxable","13":"product-type-simple"},"aioseo_notices":[],"_links":{"self":[{"href":"https:\/\/www.b-et-c.com\/en\/wp-json\/wp\/v2\/product\/16542","targetHints":{"allow":["GET"]}}],"collection":[{"href":"https:\/\/www.b-et-c.com\/en\/wp-json\/wp\/v2\/product"}],"about":[{"href":"https:\/\/www.b-et-c.com\/en\/wp-json\/wp\/v2\/types\/product"}],"replies":[{"embeddable":true,"href":"https:\/\/www.b-et-c.com\/en\/wp-json\/wp\/v2\/comments?post=16542"}],"version-history":[{"count":2,"href":"https:\/\/www.b-et-c.com\/en\/wp-json\/wp\/v2\/product\/16542\/revisions"}],"predecessor-version":[{"id":24467,"href":"https:\/\/www.b-et-c.com\/en\/wp-json\/wp\/v2\/product\/16542\/revisions\/24467"}],"wp:featuredmedia":[{"embeddable":true,"href":"https:\/\/www.b-et-c.com\/en\/wp-json\/wp\/v2\/media\/16543"}],"wp:attachment":[{"href":"https:\/\/www.b-et-c.com\/en\/wp-json\/wp\/v2\/media?parent=16542"}],"wp:term":[{"taxonomy":"product_brand","embeddable":true,"href":"https:\/\/www.b-et-c.com\/en\/wp-json\/wp\/v2\/product_brand?post=16542"},{"taxonomy":"product_cat","embeddable":true,"href":"https:\/\/www.b-et-c.com\/en\/wp-json\/wp\/v2\/product_cat?post=16542"},{"taxonomy":"product_tag","embeddable":true,"href":"https:\/\/www.b-et-c.com\/en\/wp-json\/wp\/v2\/product_tag?post=16542"}],"curies":[{"name":"wp","href":"https:\/\/api.w.org\/{rel}","templated":true}]}}