{"id":16517,"date":"2019-03-20T12:08:38","date_gmt":"2019-03-20T11:08:38","guid":{"rendered":"http:\/\/www.b-et-c.com\/?post_type=product&#038;p=16517"},"modified":"2019-07-01T09:19:08","modified_gmt":"2019-07-01T08:19:08","slug":"il-palagio","status":"publish","type":"product","link":"https:\/\/www.b-et-c.com\/en\/shop\/europe\/domaines-italie\/toscane\/il-palagio\/","title":{"rendered":"Il Palagio"},"content":{"rendered":"","protected":false},"excerpt":{"rendered":"<p style=\"text-align: justify;\"><span style=\"color: #eed7fa;\">Appellation : Toscane<\/span><\/p>\n<p style=\"text-align: justify;\"><strong>Quand Sting fait chanter la vigne<\/strong><\/p>\n<p style=\"text-align: justify;\">En 1997, le chanteur Sting et sa femme Trudy Styler tomb\u00e8rent amoureux de la b\u00e2tisse du XVI\u00e8me si\u00e8cle Il Palagio au sud de Florence. Il d\u00e9cid\u00e8rent d\u2019y produire du vin sur des petites parcelles en culture organique et biodynamie, avec l\u2019aide de  l\u2019\u0153nologue Paolo Caciorgna. <\/p>\n<p style=\"text-align: justify;\">Les vins du domaines sont \u00e0 l\u2019image du chanteur, tout en finesse et \u00e9l\u00e9gance.<\/p>","protected":false},"featured_media":16519,"comment_status":"closed","ping_status":"closed","template":"","meta":{"_monsterinsights_skip_tracking":false,"_monsterinsights_sitenote_active":false,"_monsterinsights_sitenote_note":"","_monsterinsights_sitenote_category":0},"product_brand":[],"product_cat":[99,230],"product_tag":[],"class_list":{"0":"post-16517","1":"product","2":"type-product","3":"status-publish","4":"has-post-thumbnail","6":"product_cat-toscane","7":"product_cat-gamme-italie","9":"first","10":"instock","11":"featured","12":"shipping-taxable","13":"product-type-simple"},"aioseo_notices":[],"_links":{"self":[{"href":"https:\/\/www.b-et-c.com\/en\/wp-json\/wp\/v2\/product\/16517","targetHints":{"allow":["GET"]}}],"collection":[{"href":"https:\/\/www.b-et-c.com\/en\/wp-json\/wp\/v2\/product"}],"about":[{"href":"https:\/\/www.b-et-c.com\/en\/wp-json\/wp\/v2\/types\/product"}],"replies":[{"embeddable":true,"href":"https:\/\/www.b-et-c.com\/en\/wp-json\/wp\/v2\/comments?post=16517"}],"version-history":[{"count":1,"href":"https:\/\/www.b-et-c.com\/en\/wp-json\/wp\/v2\/product\/16517\/revisions"}],"predecessor-version":[{"id":17617,"href":"https:\/\/www.b-et-c.com\/en\/wp-json\/wp\/v2\/product\/16517\/revisions\/17617"}],"wp:featuredmedia":[{"embeddable":true,"href":"https:\/\/www.b-et-c.com\/en\/wp-json\/wp\/v2\/media\/16519"}],"wp:attachment":[{"href":"https:\/\/www.b-et-c.com\/en\/wp-json\/wp\/v2\/media?parent=16517"}],"wp:term":[{"taxonomy":"product_brand","embeddable":true,"href":"https:\/\/www.b-et-c.com\/en\/wp-json\/wp\/v2\/product_brand?post=16517"},{"taxonomy":"product_cat","embeddable":true,"href":"https:\/\/www.b-et-c.com\/en\/wp-json\/wp\/v2\/product_cat?post=16517"},{"taxonomy":"product_tag","embeddable":true,"href":"https:\/\/www.b-et-c.com\/en\/wp-json\/wp\/v2\/product_tag?post=16517"}],"curies":[{"name":"wp","href":"https:\/\/api.w.org\/{rel}","templated":true}]}}