{"id":16509,"date":"2019-03-20T12:00:46","date_gmt":"2019-03-20T11:00:46","guid":{"rendered":"http:\/\/www.b-et-c.com\/?post_type=product&#038;p=16509"},"modified":"2023-06-15T11:24:24","modified_gmt":"2023-06-15T10:24:24","slug":"frassinelli","status":"publish","type":"product","link":"https:\/\/www.b-et-c.com\/en\/shop\/europe\/domaines-italie\/gamme-italie\/frassinelli\/","title":{"rendered":"Frassinelli"},"content":{"rendered":"","protected":false},"excerpt":{"rendered":"<p style=\"text-align: justify;\"><strong><span style=\"color: #DA7D32;\">Appellation : Conegliano Valdobbiadene\u00a0<\/span><\/strong><\/p>\n<p>La famille Frassinelli est install\u00e9e depuis 1966 \u00e0 Mareno di Piave, au c\u0153ur de la prestigieuse appellation de Prosecco DOCG Conegliano Valdobbiadene, travers\u00e9e par la rivi\u00e8re Piave. Roberta et son fr\u00e8re Gianluca cultivent 13 Ha plant\u00e9s de c\u00e9pages autochtones comme le Manzoni bianco, le Raboso et le Glera. Leur devise\u00a0? \u00ab\u00a0Notre responsabilit\u00e9 est de respecter le terroir, notre passion est de le comprendre\u00a0\u00bb. Des vins d&rsquo;artisans au superbe rapport qualit\u00e9-prix.<\/p>","protected":false},"featured_media":16510,"comment_status":"closed","ping_status":"closed","template":"","meta":{"_monsterinsights_skip_tracking":false,"_monsterinsights_sitenote_active":false,"_monsterinsights_sitenote_note":"","_monsterinsights_sitenote_category":0},"product_brand":[],"product_cat":[230,103],"product_tag":[],"class_list":{"0":"post-16509","1":"product","2":"type-product","3":"status-publish","4":"has-post-thumbnail","6":"product_cat-gamme-italie","7":"product_cat-venetie","9":"first","10":"instock","11":"featured","12":"shipping-taxable","13":"product-type-simple"},"aioseo_notices":[],"_links":{"self":[{"href":"https:\/\/www.b-et-c.com\/en\/wp-json\/wp\/v2\/product\/16509","targetHints":{"allow":["GET"]}}],"collection":[{"href":"https:\/\/www.b-et-c.com\/en\/wp-json\/wp\/v2\/product"}],"about":[{"href":"https:\/\/www.b-et-c.com\/en\/wp-json\/wp\/v2\/types\/product"}],"replies":[{"embeddable":true,"href":"https:\/\/www.b-et-c.com\/en\/wp-json\/wp\/v2\/comments?post=16509"}],"version-history":[{"count":5,"href":"https:\/\/www.b-et-c.com\/en\/wp-json\/wp\/v2\/product\/16509\/revisions"}],"predecessor-version":[{"id":31259,"href":"https:\/\/www.b-et-c.com\/en\/wp-json\/wp\/v2\/product\/16509\/revisions\/31259"}],"wp:featuredmedia":[{"embeddable":true,"href":"https:\/\/www.b-et-c.com\/en\/wp-json\/wp\/v2\/media\/16510"}],"wp:attachment":[{"href":"https:\/\/www.b-et-c.com\/en\/wp-json\/wp\/v2\/media?parent=16509"}],"wp:term":[{"taxonomy":"product_brand","embeddable":true,"href":"https:\/\/www.b-et-c.com\/en\/wp-json\/wp\/v2\/product_brand?post=16509"},{"taxonomy":"product_cat","embeddable":true,"href":"https:\/\/www.b-et-c.com\/en\/wp-json\/wp\/v2\/product_cat?post=16509"},{"taxonomy":"product_tag","embeddable":true,"href":"https:\/\/www.b-et-c.com\/en\/wp-json\/wp\/v2\/product_tag?post=16509"}],"curies":[{"name":"wp","href":"https:\/\/api.w.org\/{rel}","templated":true}]}}