{"id":16459,"date":"2019-03-20T11:32:03","date_gmt":"2019-03-20T10:32:03","guid":{"rendered":"http:\/\/www.b-et-c.com\/?post_type=product&#038;p=16459"},"modified":"2019-07-01T09:21:07","modified_gmt":"2019-07-01T08:21:07","slug":"corvezzo","status":"publish","type":"product","link":"https:\/\/www.b-et-c.com\/en\/shop\/europe\/domaines-italie\/gamme-italie\/corvezzo\/","title":{"rendered":"Corvezzo"},"content":{"rendered":"","protected":false},"excerpt":{"rendered":"<p style=\"text-align: justify;\"><span style=\"color: #eed7fa;\">Appellation : Venetto<\/span><\/p>\n<p style=\"text-align: justify;\"><strong>Un air de symbiose viticole, \u00e0 deux pas de Venise<\/strong><\/p>\n<p style=\"text-align: justify;\">Corvezzo est situ\u00e9 \u00e0 Cessalto, pr\u00e8s de Venise, au milieu d&rsquo;un paysage reconnu pour la fertilit\u00e9 de ses sols depuis l&rsquo;\u00e8re Romaine. Le paysage urbain y est par ailleurs charg\u00e9 d&rsquo;histoire, comme en t\u00e9moignent les somptueuses villas v\u00e9nitiennes et les incroyables panoramas qui la jalonnent. Les appelations qui la composent sont notamment les Prosecco Treviso DOC, Piave DOC, Venezia DOC, et Delle Venezie DOC.<\/p>\n<p style=\"text-align: justify;\">Au d\u00e9but des ann\u00e9es 1900, Giuseppe Corvezzo travaillait avec passion les terres autour de Cessalto, propri\u00e9t\u00e9s de la noblesse venitienne. Courant 1960, son fils, Giovanni, cr\u00e9a le premier domaine vinicole de la province. En 1970, port\u00e9e par le travail de Giuseppe et de Renzo (son fils a\u00een\u00e9), le vignoble s&rsquo;\u00e9tend jusqu&rsquo;\u00e0 atteindre une aire cultivable de 140ha. Dans les ann\u00e9es 90, la propri\u00e9t\u00e9 continue \u00e0 s\u2019agrandir gr\u00e2ce \u00e0 l&rsquo;habilet\u00e9 et les connaissances de Renzo. Aujourd&rsquo;hui, c&rsquo;est le fils de Renzo, Giovanni (aussi surnomm\u00e9 \u00ab\u00a0Happy Farmer\u00a0\u00bb), qui a l&rsquo;honneur de d\u00e9fendre et promouvoir l&rsquo;h\u00e9ritage familial en continuant \u00e0 produire un vin de tr\u00e8s haute qualit\u00e9. Il est \u00e0 l&rsquo;origine de la conversion du vignoble vers une agriculture biologique entre 2010 et 2017. L&rsquo;int\u00e9gralit\u00e9 du vignoble, soit 150ha, a connu cette conversion, d\u00e9sormais enti\u00e8rement certifi\u00e9e comme biologique.<\/p>\n<p style=\"text-align: justify;\">Quant au climat, il est typique du Nord de l&rsquo;Italie. Froid et humide en hiver, ensoleill\u00e9 et chaud en \u00e9t\u00e9. Le domaine est situ\u00e9 \u00e0 proximit\u00e9 de la mer, ce qui lui permet de b\u00e9n\u00e9ficier des effets ass\u00eachants du vent; cette diminution induite d&rsquo;humidit\u00e9 profitant aux baies.<\/p>\n<p style=\"text-align: justify;\">Les sols sont un m\u00e9lange d&rsquo;argile, de glaise et de calcaire.<\/p>\n<p style=\"text-align: justify;\">Cette richesse de terroir, ainsi que l&rsquo;h\u00e9ritage familial de plus d&rsquo;un si\u00e8cle sont les cl\u00e9s d&rsquo;une r\u00e9ussite, qui peut se targuer aujourd&rsquo;hui d&rsquo;avoir su rendre l&rsquo;amour et le soin \u00e0 ce vignoble tout en en tirant le meilleur. Une bienveillance doubl\u00e9e d&rsquo;un savoir qui sont la recette du succ\u00e8s de Corvezzo.<\/p>","protected":false},"featured_media":16460,"comment_status":"closed","ping_status":"closed","template":"","meta":{"_monsterinsights_skip_tracking":false,"_monsterinsights_sitenote_active":false,"_monsterinsights_sitenote_note":"","_monsterinsights_sitenote_category":0},"product_brand":[],"product_cat":[230,103],"product_tag":[],"class_list":{"0":"post-16459","1":"product","2":"type-product","3":"status-publish","4":"has-post-thumbnail","6":"product_cat-gamme-italie","7":"product_cat-venetie","9":"first","10":"instock","11":"featured","12":"shipping-taxable","13":"product-type-simple"},"aioseo_notices":[],"_links":{"self":[{"href":"https:\/\/www.b-et-c.com\/en\/wp-json\/wp\/v2\/product\/16459","targetHints":{"allow":["GET"]}}],"collection":[{"href":"https:\/\/www.b-et-c.com\/en\/wp-json\/wp\/v2\/product"}],"about":[{"href":"https:\/\/www.b-et-c.com\/en\/wp-json\/wp\/v2\/types\/product"}],"replies":[{"embeddable":true,"href":"https:\/\/www.b-et-c.com\/en\/wp-json\/wp\/v2\/comments?post=16459"}],"version-history":[{"count":1,"href":"https:\/\/www.b-et-c.com\/en\/wp-json\/wp\/v2\/product\/16459\/revisions"}],"predecessor-version":[{"id":17628,"href":"https:\/\/www.b-et-c.com\/en\/wp-json\/wp\/v2\/product\/16459\/revisions\/17628"}],"wp:featuredmedia":[{"embeddable":true,"href":"https:\/\/www.b-et-c.com\/en\/wp-json\/wp\/v2\/media\/16460"}],"wp:attachment":[{"href":"https:\/\/www.b-et-c.com\/en\/wp-json\/wp\/v2\/media?parent=16459"}],"wp:term":[{"taxonomy":"product_brand","embeddable":true,"href":"https:\/\/www.b-et-c.com\/en\/wp-json\/wp\/v2\/product_brand?post=16459"},{"taxonomy":"product_cat","embeddable":true,"href":"https:\/\/www.b-et-c.com\/en\/wp-json\/wp\/v2\/product_cat?post=16459"},{"taxonomy":"product_tag","embeddable":true,"href":"https:\/\/www.b-et-c.com\/en\/wp-json\/wp\/v2\/product_tag?post=16459"}],"curies":[{"name":"wp","href":"https:\/\/api.w.org\/{rel}","templated":true}]}}