{"id":16452,"date":"2019-03-19T17:15:34","date_gmt":"2019-03-19T16:15:34","guid":{"rendered":"http:\/\/www.b-et-c.com\/?post_type=product&#038;p=16452"},"modified":"2019-10-31T10:50:46","modified_gmt":"2019-10-31T09:50:46","slug":"casanova-di-neri","status":"publish","type":"product","link":"https:\/\/www.b-et-c.com\/en\/shop\/europe\/domaines-italie\/toscane\/casanova-di-neri\/","title":{"rendered":"Casanova di Neri"},"content":{"rendered":"","protected":false},"excerpt":{"rendered":"<p style=\"text-align: justify;\"><span style=\"color: #eed7fa;\">Appellation : Toscane<\/span><\/p>\n<p style=\"text-align: justify;\"><strong>Le g\u00e9ant du Brunello di Montalcino<\/strong><\/p>\n<p style=\"text-align: justify;\">A l\u2019instar d\u2019Il Marroneto, Casanova di Neri est consid\u00e9r\u00e9 comme l\u2019un des plus grands vins d\u2019Italie (100\/100 Parker sur le 2010), avec approche tr\u00e8s l\u00e9g\u00e8rement plus de la tradition, bas\u00e9e sur une compr\u00e9hension profonde du sol, du microclimat et du sangiovese. Un soin absolu est apport\u00e9 \u00e0 la vigne, aux sols, puis dans les chais pour produire des vins immenses qui sont l\u2019expression parfaite du terroir.<\/p>","protected":false},"featured_media":23414,"comment_status":"closed","ping_status":"closed","template":"","meta":{"_monsterinsights_skip_tracking":false,"_monsterinsights_sitenote_active":false,"_monsterinsights_sitenote_note":"","_monsterinsights_sitenote_category":0},"product_brand":[],"product_cat":[99,230],"product_tag":[],"class_list":{"0":"post-16452","1":"product","2":"type-product","3":"status-publish","4":"has-post-thumbnail","6":"product_cat-toscane","7":"product_cat-gamme-italie","9":"first","10":"instock","11":"featured","12":"shipping-taxable","13":"product-type-simple"},"aioseo_notices":[],"_links":{"self":[{"href":"https:\/\/www.b-et-c.com\/en\/wp-json\/wp\/v2\/product\/16452","targetHints":{"allow":["GET"]}}],"collection":[{"href":"https:\/\/www.b-et-c.com\/en\/wp-json\/wp\/v2\/product"}],"about":[{"href":"https:\/\/www.b-et-c.com\/en\/wp-json\/wp\/v2\/types\/product"}],"replies":[{"embeddable":true,"href":"https:\/\/www.b-et-c.com\/en\/wp-json\/wp\/v2\/comments?post=16452"}],"version-history":[{"count":2,"href":"https:\/\/www.b-et-c.com\/en\/wp-json\/wp\/v2\/product\/16452\/revisions"}],"predecessor-version":[{"id":23415,"href":"https:\/\/www.b-et-c.com\/en\/wp-json\/wp\/v2\/product\/16452\/revisions\/23415"}],"wp:featuredmedia":[{"embeddable":true,"href":"https:\/\/www.b-et-c.com\/en\/wp-json\/wp\/v2\/media\/23414"}],"wp:attachment":[{"href":"https:\/\/www.b-et-c.com\/en\/wp-json\/wp\/v2\/media?parent=16452"}],"wp:term":[{"taxonomy":"product_brand","embeddable":true,"href":"https:\/\/www.b-et-c.com\/en\/wp-json\/wp\/v2\/product_brand?post=16452"},{"taxonomy":"product_cat","embeddable":true,"href":"https:\/\/www.b-et-c.com\/en\/wp-json\/wp\/v2\/product_cat?post=16452"},{"taxonomy":"product_tag","embeddable":true,"href":"https:\/\/www.b-et-c.com\/en\/wp-json\/wp\/v2\/product_tag?post=16452"}],"curies":[{"name":"wp","href":"https:\/\/api.w.org\/{rel}","templated":true}]}}