{"id":16447,"date":"2019-03-19T17:09:43","date_gmt":"2019-03-19T16:09:43","guid":{"rendered":"http:\/\/www.b-et-c.com\/?post_type=product&#038;p=16447"},"modified":"2019-10-31T16:17:07","modified_gmt":"2019-10-31T15:17:07","slug":"pedro-parra","status":"publish","type":"product","link":"https:\/\/www.b-et-c.com\/en\/shop\/amerique-du-sud\/domaines-chili\/itata\/pedro-parra\/","title":{"rendered":"Pedro Parra"},"content":{"rendered":"","protected":false},"excerpt":{"rendered":"<p style=\"text-align: justify;\"><span style=\"color: #eed7fa;\">Appellation : Itata<\/span><\/p>\n<p style=\"text-align: justify;\"><strong>L\u2019 \u00abhomme terroir \u00bb<\/strong><\/p>\n<p style=\"text-align: justify;\">Apr\u00e8s 15 ann\u00e9es comme consultant sp\u00e9cialiste du terroir, Pedro Parra a acquis une position respect\u00e9e sur plusieurs continents. Il a d\u00e9velopp\u00e9 l\u2019obsession de produire des vins de terroirs sur des sols granitiques purs et a \u00e9t\u00e9 d\u00e9crit par DECANTER comme l\u2019une des figures leaders du \u00ab nouveau \u00bb Chili. Ses vins sont \u00e9l\u00e9gants et fort d\u2019une identit\u00e9 incomparable.<\/p>","protected":false},"featured_media":16448,"comment_status":"closed","ping_status":"closed","template":"","meta":{"_monsterinsights_skip_tracking":false,"_monsterinsights_sitenote_active":false,"_monsterinsights_sitenote_note":"","_monsterinsights_sitenote_category":0},"product_brand":[],"product_cat":[196,228,244],"product_tag":[],"class_list":{"0":"post-16447","1":"product","2":"type-product","3":"status-publish","4":"has-post-thumbnail","6":"product_cat-itata","7":"product_cat-gamme-amerique-du-sud","8":"product_cat-gamme-chili","10":"first","11":"instock","12":"featured","13":"shipping-taxable","14":"product-type-simple"},"aioseo_notices":[],"_links":{"self":[{"href":"https:\/\/www.b-et-c.com\/en\/wp-json\/wp\/v2\/product\/16447","targetHints":{"allow":["GET"]}}],"collection":[{"href":"https:\/\/www.b-et-c.com\/en\/wp-json\/wp\/v2\/product"}],"about":[{"href":"https:\/\/www.b-et-c.com\/en\/wp-json\/wp\/v2\/types\/product"}],"replies":[{"embeddable":true,"href":"https:\/\/www.b-et-c.com\/en\/wp-json\/wp\/v2\/comments?post=16447"}],"version-history":[{"count":2,"href":"https:\/\/www.b-et-c.com\/en\/wp-json\/wp\/v2\/product\/16447\/revisions"}],"predecessor-version":[{"id":23433,"href":"https:\/\/www.b-et-c.com\/en\/wp-json\/wp\/v2\/product\/16447\/revisions\/23433"}],"wp:featuredmedia":[{"embeddable":true,"href":"https:\/\/www.b-et-c.com\/en\/wp-json\/wp\/v2\/media\/16448"}],"wp:attachment":[{"href":"https:\/\/www.b-et-c.com\/en\/wp-json\/wp\/v2\/media?parent=16447"}],"wp:term":[{"taxonomy":"product_brand","embeddable":true,"href":"https:\/\/www.b-et-c.com\/en\/wp-json\/wp\/v2\/product_brand?post=16447"},{"taxonomy":"product_cat","embeddable":true,"href":"https:\/\/www.b-et-c.com\/en\/wp-json\/wp\/v2\/product_cat?post=16447"},{"taxonomy":"product_tag","embeddable":true,"href":"https:\/\/www.b-et-c.com\/en\/wp-json\/wp\/v2\/product_tag?post=16447"}],"curies":[{"name":"wp","href":"https:\/\/api.w.org\/{rel}","templated":true}]}}