{"id":16442,"date":"2019-03-19T17:05:32","date_gmt":"2019-03-19T16:05:32","guid":{"rendered":"http:\/\/www.b-et-c.com\/?post_type=product&#038;p=16442"},"modified":"2019-10-31T16:38:40","modified_gmt":"2019-10-31T15:38:40","slug":"casa-marin","status":"publish","type":"product","link":"https:\/\/www.b-et-c.com\/en\/shop\/amerique-du-sud\/domaines-chili\/san-antonio\/casa-marin\/","title":{"rendered":"Casa Marin"},"content":{"rendered":"","protected":false},"excerpt":{"rendered":"<p style=\"text-align: justify;\"><span style=\"color: #eed7fa;\">Appellation : San Antonio<\/span><\/p>\n<p style=\"text-align: justify;\"><strong>L\u2019\u00e9l\u00e9gance de la c\u00f4te Pacifique<\/strong><\/p>\n<p style=\"text-align: justify;\">Maril\u00fa Mar\u00edn a forg\u00e9 son domaine \u00e0 la sueur de son front. En 2.000, elle \u00e9tait la seule femme propri\u00e9taire et \u0153nologue d\u2019Am\u00e9rique du Sud. Situ\u00e9 \u00e0 Lo Abarca dans la vall\u00e9e de San Antonio, ce terroir unique et privil\u00e9gi\u00e9 \u00e0 4 km de la c\u00f4te Pacifique ou r\u00e8gne le froid en hiver ainsi que du brouillard et du vent toute l\u2019ann\u00e9e, lui permet de produire des parcellaires extraordinaires.<\/p>","protected":false},"featured_media":23436,"comment_status":"closed","ping_status":"closed","template":"","meta":{"_monsterinsights_skip_tracking":false,"_monsterinsights_sitenote_active":false,"_monsterinsights_sitenote_note":"","_monsterinsights_sitenote_category":0},"product_brand":[],"product_cat":[194,228,244],"product_tag":[],"class_list":{"0":"post-16442","1":"product","2":"type-product","3":"status-publish","4":"has-post-thumbnail","6":"product_cat-san-antonio","7":"product_cat-gamme-amerique-du-sud","8":"product_cat-gamme-chili","10":"first","11":"instock","12":"featured","13":"shipping-taxable","14":"product-type-simple"},"aioseo_notices":[],"_links":{"self":[{"href":"https:\/\/www.b-et-c.com\/en\/wp-json\/wp\/v2\/product\/16442","targetHints":{"allow":["GET"]}}],"collection":[{"href":"https:\/\/www.b-et-c.com\/en\/wp-json\/wp\/v2\/product"}],"about":[{"href":"https:\/\/www.b-et-c.com\/en\/wp-json\/wp\/v2\/types\/product"}],"replies":[{"embeddable":true,"href":"https:\/\/www.b-et-c.com\/en\/wp-json\/wp\/v2\/comments?post=16442"}],"version-history":[{"count":2,"href":"https:\/\/www.b-et-c.com\/en\/wp-json\/wp\/v2\/product\/16442\/revisions"}],"predecessor-version":[{"id":16446,"href":"https:\/\/www.b-et-c.com\/en\/wp-json\/wp\/v2\/product\/16442\/revisions\/16446"}],"wp:featuredmedia":[{"embeddable":true,"href":"https:\/\/www.b-et-c.com\/en\/wp-json\/wp\/v2\/media\/23436"}],"wp:attachment":[{"href":"https:\/\/www.b-et-c.com\/en\/wp-json\/wp\/v2\/media?parent=16442"}],"wp:term":[{"taxonomy":"product_brand","embeddable":true,"href":"https:\/\/www.b-et-c.com\/en\/wp-json\/wp\/v2\/product_brand?post=16442"},{"taxonomy":"product_cat","embeddable":true,"href":"https:\/\/www.b-et-c.com\/en\/wp-json\/wp\/v2\/product_cat?post=16442"},{"taxonomy":"product_tag","embeddable":true,"href":"https:\/\/www.b-et-c.com\/en\/wp-json\/wp\/v2\/product_tag?post=16442"}],"curies":[{"name":"wp","href":"https:\/\/api.w.org\/{rel}","templated":true}]}}