{"id":16437,"date":"2019-03-19T17:02:15","date_gmt":"2019-03-19T16:02:15","guid":{"rendered":"http:\/\/www.b-et-c.com\/?post_type=product&#038;p=16437"},"modified":"2019-07-01T09:04:17","modified_gmt":"2019-07-01T08:04:17","slug":"schiefer","status":"publish","type":"product","link":"https:\/\/www.b-et-c.com\/en\/shop\/europe\/autriche\/burgenland\/schiefer\/","title":{"rendered":"Schiefer"},"content":{"rendered":"","protected":false},"excerpt":{"rendered":"<p style=\"text-align: justify;\"><span style=\"color: #eed7fa;\">Appellation : Burgenland<\/span><\/p>\n<p style=\"text-align: justify;\"><strong>La puret\u00e9 du Blaufr\u00e4nkisch<\/strong><\/p>\n<p style=\"text-align: justify;\">C\u2019est dans le sud du Burgenland pr\u00e8s de la fronti\u00e8re avec la Hongrie, sur les plus beaux terroirs de la \u00ab montagne de fer \u00bb qu\u2019Uwe Schiefer excelle dans la culture peu interventionniste de ses vieilles vignes de blaufr\u00e4nkisch sur des sols de schistes riches en fer. L\u2019\u00e9l\u00e9gance, la finesse, la d\u00e9licatesse, la pr\u00e9cision, la puret\u00e9 du fruit, l\u2019\u00e9quilibre et la longueur font de Schiefer les vins rouges les plus r\u00e9put\u00e9s d\u2019Autriche.<\/p>","protected":false},"featured_media":16438,"comment_status":"closed","ping_status":"closed","template":"","meta":{"_monsterinsights_skip_tracking":false,"_monsterinsights_sitenote_active":false,"_monsterinsights_sitenote_note":"","_monsterinsights_sitenote_category":0},"product_brand":[],"product_cat":[202,234],"product_tag":[],"class_list":{"0":"post-16437","1":"product","2":"type-product","3":"status-publish","4":"has-post-thumbnail","6":"product_cat-burgenland","7":"product_cat-gamme-autriche","9":"first","10":"instock","11":"featured","12":"shipping-taxable","13":"product-type-simple"},"aioseo_notices":[],"_links":{"self":[{"href":"https:\/\/www.b-et-c.com\/en\/wp-json\/wp\/v2\/product\/16437","targetHints":{"allow":["GET"]}}],"collection":[{"href":"https:\/\/www.b-et-c.com\/en\/wp-json\/wp\/v2\/product"}],"about":[{"href":"https:\/\/www.b-et-c.com\/en\/wp-json\/wp\/v2\/types\/product"}],"replies":[{"embeddable":true,"href":"https:\/\/www.b-et-c.com\/en\/wp-json\/wp\/v2\/comments?post=16437"}],"version-history":[{"count":0,"href":"https:\/\/www.b-et-c.com\/en\/wp-json\/wp\/v2\/product\/16437\/revisions"}],"wp:featuredmedia":[{"embeddable":true,"href":"https:\/\/www.b-et-c.com\/en\/wp-json\/wp\/v2\/media\/16438"}],"wp:attachment":[{"href":"https:\/\/www.b-et-c.com\/en\/wp-json\/wp\/v2\/media?parent=16437"}],"wp:term":[{"taxonomy":"product_brand","embeddable":true,"href":"https:\/\/www.b-et-c.com\/en\/wp-json\/wp\/v2\/product_brand?post=16437"},{"taxonomy":"product_cat","embeddable":true,"href":"https:\/\/www.b-et-c.com\/en\/wp-json\/wp\/v2\/product_cat?post=16437"},{"taxonomy":"product_tag","embeddable":true,"href":"https:\/\/www.b-et-c.com\/en\/wp-json\/wp\/v2\/product_tag?post=16437"}],"curies":[{"name":"wp","href":"https:\/\/api.w.org\/{rel}","templated":true}]}}