{"id":16419,"date":"2019-03-19T16:54:19","date_gmt":"2019-03-19T15:54:19","guid":{"rendered":"http:\/\/www.b-et-c.com\/?post_type=product&#038;p=16419"},"modified":"2019-07-01T09:06:55","modified_gmt":"2019-07-01T08:06:55","slug":"pfaffl","status":"publish","type":"product","link":"https:\/\/www.b-et-c.com\/en\/shop\/europe\/autriche\/gamme-autriche\/pfaffl\/","title":{"rendered":"Pfaffl"},"content":{"rendered":"","protected":false},"excerpt":{"rendered":"<p style=\"text-align: justify;\"><span style=\"color: #eed7fa;\">Appellation : Weinviertel<\/span><\/p>\n<p style=\"text-align: justify;\"><strong>Un esprit de famille<\/strong><\/p>\n<p style=\"text-align: justify;\">Roman Pfaffl officie avec brio aux c\u00f4t\u00e9s de sa s\u0153ur Heidi et leur p\u00e8re Roman Josef Pfaffl, \u00e0 Stetten, au nord de Vienne sur une mosa\u00efque de terroirs lui permmettant de jouer sur une palette infinies de textures et d\u2019ar\u00f4mes dans ses vins.<\/p>\n<p style=\"text-align: justify;\">Elu producteur de l\u2019ann\u00e9e par le Wine Enthusiast, Pfaffl jouit d\u2019une reconnaissance mondiale et produit des vins au fruit \u00e9clatant, expressifs, juteux et savoureux.<\/p>","protected":false},"featured_media":16420,"comment_status":"closed","ping_status":"closed","template":"","meta":{"_monsterinsights_skip_tracking":false,"_monsterinsights_sitenote_active":false,"_monsterinsights_sitenote_note":"","_monsterinsights_sitenote_category":0},"product_brand":[],"product_cat":[234,200],"product_tag":[],"class_list":{"0":"post-16419","1":"product","2":"type-product","3":"status-publish","4":"has-post-thumbnail","6":"product_cat-gamme-autriche","7":"product_cat-weinviertel","9":"first","10":"instock","11":"featured","12":"shipping-taxable","13":"product-type-simple"},"aioseo_notices":[],"_links":{"self":[{"href":"https:\/\/www.b-et-c.com\/en\/wp-json\/wp\/v2\/product\/16419","targetHints":{"allow":["GET"]}}],"collection":[{"href":"https:\/\/www.b-et-c.com\/en\/wp-json\/wp\/v2\/product"}],"about":[{"href":"https:\/\/www.b-et-c.com\/en\/wp-json\/wp\/v2\/types\/product"}],"replies":[{"embeddable":true,"href":"https:\/\/www.b-et-c.com\/en\/wp-json\/wp\/v2\/comments?post=16419"}],"version-history":[{"count":1,"href":"https:\/\/www.b-et-c.com\/en\/wp-json\/wp\/v2\/product\/16419\/revisions"}],"predecessor-version":[{"id":17573,"href":"https:\/\/www.b-et-c.com\/en\/wp-json\/wp\/v2\/product\/16419\/revisions\/17573"}],"wp:featuredmedia":[{"embeddable":true,"href":"https:\/\/www.b-et-c.com\/en\/wp-json\/wp\/v2\/media\/16420"}],"wp:attachment":[{"href":"https:\/\/www.b-et-c.com\/en\/wp-json\/wp\/v2\/media?parent=16419"}],"wp:term":[{"taxonomy":"product_brand","embeddable":true,"href":"https:\/\/www.b-et-c.com\/en\/wp-json\/wp\/v2\/product_brand?post=16419"},{"taxonomy":"product_cat","embeddable":true,"href":"https:\/\/www.b-et-c.com\/en\/wp-json\/wp\/v2\/product_cat?post=16419"},{"taxonomy":"product_tag","embeddable":true,"href":"https:\/\/www.b-et-c.com\/en\/wp-json\/wp\/v2\/product_tag?post=16419"}],"curies":[{"name":"wp","href":"https:\/\/api.w.org\/{rel}","templated":true}]}}