{"id":16402,"date":"2019-03-19T13:03:16","date_gmt":"2019-03-19T12:03:16","guid":{"rendered":"http:\/\/www.b-et-c.com\/?post_type=product&#038;p=16402"},"modified":"2019-07-01T09:06:59","modified_gmt":"2019-07-01T08:06:59","slug":"pichler-krutzler","status":"publish","type":"product","link":"https:\/\/www.b-et-c.com\/en\/shop\/europe\/autriche\/gamme-autriche\/pichler-krutzler\/","title":{"rendered":"Pichler Krutzler"},"content":{"rendered":"","protected":false},"excerpt":{"rendered":"<p style=\"text-align: justify;\"><span style=\"color: #eed7fa;\">Appellation : Wachau<\/span><\/p>\n<p style=\"text-align: justify;\"><strong>Des vins de garage en Wachau<\/strong><\/p>\n<p style=\"text-align: justify;\">H\u00e9ritiers d\u2019une longue tradition vigneronne, Elisabeth Pichler, fille de FX Pichler, et Eric Krutzler, originaire du Burgenland, ont fond\u00e9 le domaine en 2006. Ils produisent des vins de garage en biodynamie sur les plus grands terroirs de la Wachau.<\/p>\n<p style=\"text-align: justify;\">Pr\u00e9cision, \u00e9l\u00e9gance, min\u00e9ralit\u00e9 et puret\u00e9 sont les marqueurs de leurs vinifications, avec une culture \u00e0 la vigne extr\u00eamement soign\u00e9e et d\u00e9licate.<\/p>","protected":false},"featured_media":16404,"comment_status":"closed","ping_status":"closed","template":"","meta":{"_monsterinsights_skip_tracking":false,"_monsterinsights_sitenote_active":false,"_monsterinsights_sitenote_note":"","_monsterinsights_sitenote_category":0},"product_brand":[],"product_cat":[234,198],"product_tag":[],"class_list":{"0":"post-16402","1":"product","2":"type-product","3":"status-publish","4":"has-post-thumbnail","6":"product_cat-gamme-autriche","7":"product_cat-wachau","9":"first","10":"instock","11":"featured","12":"shipping-taxable","13":"product-type-simple"},"aioseo_notices":[],"_links":{"self":[{"href":"https:\/\/www.b-et-c.com\/en\/wp-json\/wp\/v2\/product\/16402","targetHints":{"allow":["GET"]}}],"collection":[{"href":"https:\/\/www.b-et-c.com\/en\/wp-json\/wp\/v2\/product"}],"about":[{"href":"https:\/\/www.b-et-c.com\/en\/wp-json\/wp\/v2\/types\/product"}],"replies":[{"embeddable":true,"href":"https:\/\/www.b-et-c.com\/en\/wp-json\/wp\/v2\/comments?post=16402"}],"version-history":[{"count":1,"href":"https:\/\/www.b-et-c.com\/en\/wp-json\/wp\/v2\/product\/16402\/revisions"}],"predecessor-version":[{"id":17574,"href":"https:\/\/www.b-et-c.com\/en\/wp-json\/wp\/v2\/product\/16402\/revisions\/17574"}],"wp:featuredmedia":[{"embeddable":true,"href":"https:\/\/www.b-et-c.com\/en\/wp-json\/wp\/v2\/media\/16404"}],"wp:attachment":[{"href":"https:\/\/www.b-et-c.com\/en\/wp-json\/wp\/v2\/media?parent=16402"}],"wp:term":[{"taxonomy":"product_brand","embeddable":true,"href":"https:\/\/www.b-et-c.com\/en\/wp-json\/wp\/v2\/product_brand?post=16402"},{"taxonomy":"product_cat","embeddable":true,"href":"https:\/\/www.b-et-c.com\/en\/wp-json\/wp\/v2\/product_cat?post=16402"},{"taxonomy":"product_tag","embeddable":true,"href":"https:\/\/www.b-et-c.com\/en\/wp-json\/wp\/v2\/product_tag?post=16402"}],"curies":[{"name":"wp","href":"https:\/\/api.w.org\/{rel}","templated":true}]}}