{"id":16396,"date":"2019-03-19T12:52:34","date_gmt":"2019-03-19T11:52:34","guid":{"rendered":"http:\/\/www.b-et-c.com\/?post_type=product&#038;p=16396"},"modified":"2019-07-01T09:07:03","modified_gmt":"2019-07-01T08:07:03","slug":"domane-wachau","status":"publish","type":"product","link":"https:\/\/www.b-et-c.com\/en\/shop\/europe\/autriche\/gamme-autriche\/domane-wachau\/","title":{"rendered":"Dom\u00e4ne Wachau"},"content":{"rendered":"","protected":false},"excerpt":{"rendered":"<p style=\"text-align: justify;\"><span style=\"color: #eed7fa;\">Appellation : Wachau<\/span><\/p>\n<p style=\"text-align: justify;\"><strong>Des vins de caract\u00e8re<\/strong><\/p>\n<p style=\"text-align: justify;\">Fi\u00e8re de ses 300 ans d\u2019existence, Dom\u00e4ne Wachau est l\u2019une des meilleures caves coop\u00e9ratives du monde avec 250 vignerons travaillant exclusivement leurs propres vignes sur les plus beaux terroirs de la Wachau.  Les pentes escarp\u00e9es des parcelles, le long du Danube, sur des sols rocheux de gneiss riches en quartz mais aussi en mica et en feldspath donnent des vins au caract\u00e8re cisel\u00e9, taill\u00e9s pour la garde.<\/p>","protected":false},"featured_media":16397,"comment_status":"closed","ping_status":"closed","template":"","meta":{"_monsterinsights_skip_tracking":false,"_monsterinsights_sitenote_active":false,"_monsterinsights_sitenote_note":"","_monsterinsights_sitenote_category":0},"product_brand":[],"product_cat":[234,198],"product_tag":[],"class_list":{"0":"post-16396","1":"product","2":"type-product","3":"status-publish","4":"has-post-thumbnail","6":"product_cat-gamme-autriche","7":"product_cat-wachau","9":"first","10":"instock","11":"featured","12":"shipping-taxable","13":"product-type-simple"},"aioseo_notices":[],"_links":{"self":[{"href":"https:\/\/www.b-et-c.com\/en\/wp-json\/wp\/v2\/product\/16396","targetHints":{"allow":["GET"]}}],"collection":[{"href":"https:\/\/www.b-et-c.com\/en\/wp-json\/wp\/v2\/product"}],"about":[{"href":"https:\/\/www.b-et-c.com\/en\/wp-json\/wp\/v2\/types\/product"}],"replies":[{"embeddable":true,"href":"https:\/\/www.b-et-c.com\/en\/wp-json\/wp\/v2\/comments?post=16396"}],"version-history":[{"count":1,"href":"https:\/\/www.b-et-c.com\/en\/wp-json\/wp\/v2\/product\/16396\/revisions"}],"predecessor-version":[{"id":17575,"href":"https:\/\/www.b-et-c.com\/en\/wp-json\/wp\/v2\/product\/16396\/revisions\/17575"}],"wp:featuredmedia":[{"embeddable":true,"href":"https:\/\/www.b-et-c.com\/en\/wp-json\/wp\/v2\/media\/16397"}],"wp:attachment":[{"href":"https:\/\/www.b-et-c.com\/en\/wp-json\/wp\/v2\/media?parent=16396"}],"wp:term":[{"taxonomy":"product_brand","embeddable":true,"href":"https:\/\/www.b-et-c.com\/en\/wp-json\/wp\/v2\/product_brand?post=16396"},{"taxonomy":"product_cat","embeddable":true,"href":"https:\/\/www.b-et-c.com\/en\/wp-json\/wp\/v2\/product_cat?post=16396"},{"taxonomy":"product_tag","embeddable":true,"href":"https:\/\/www.b-et-c.com\/en\/wp-json\/wp\/v2\/product_tag?post=16396"}],"curies":[{"name":"wp","href":"https:\/\/api.w.org\/{rel}","templated":true}]}}