{"id":16358,"date":"2019-03-19T12:12:46","date_gmt":"2019-03-19T11:12:46","guid":{"rendered":"http:\/\/www.b-et-c.com\/?post_type=product&#038;p=16358"},"modified":"2019-07-01T09:08:02","modified_gmt":"2019-07-01T08:08:02","slug":"zehnthof-luckert","status":"publish","type":"product","link":"https:\/\/www.b-et-c.com\/en\/shop\/europe\/domaines-allemagne\/franken\/zehnthof-luckert\/","title":{"rendered":"Zehnthof Luckert"},"content":{"rendered":"","protected":false},"excerpt":{"rendered":"<p style=\"text-align: justify;\"><span style=\"color: #eed7fa;\">Appellation : Franken<\/span><\/p>\n<p style=\"text-align: justify;\"><strong>Des vignes de silvaner de 140 ans<\/strong><\/p>\n<p style=\"text-align: justify;\">A Sulzfeld, la famille Luckert cultive depuis 70 ans 17 Ha de silvaner en bio sur des sols calcaires. Ils sont membres de l\u2019exigeant VDP. Les vins du domaines sont complexes, rac\u00e9s, marqu\u00e9s par la min\u00e9ralit\u00e9 et l\u2019\u00e9l\u00e9gance. En particulier, les 600 pieds francs de la vignes Creutz, plant\u00e9s en 1870 donnent quelques 350 rares bouteilles des silvaner les plus anciens d\u2019Allemagne et probablement du monde.<\/p>","protected":false},"featured_media":16366,"comment_status":"closed","ping_status":"closed","template":"","meta":{"_monsterinsights_skip_tracking":false,"_monsterinsights_sitenote_active":false,"_monsterinsights_sitenote_note":"","_monsterinsights_sitenote_category":0},"product_brand":[],"product_cat":[188,233],"product_tag":[],"class_list":{"0":"post-16358","1":"product","2":"type-product","3":"status-publish","4":"has-post-thumbnail","6":"product_cat-franken","7":"product_cat-gamme-allemagne","9":"first","10":"instock","11":"featured","12":"shipping-taxable","13":"product-type-simple"},"aioseo_notices":[],"_links":{"self":[{"href":"https:\/\/www.b-et-c.com\/en\/wp-json\/wp\/v2\/product\/16358","targetHints":{"allow":["GET"]}}],"collection":[{"href":"https:\/\/www.b-et-c.com\/en\/wp-json\/wp\/v2\/product"}],"about":[{"href":"https:\/\/www.b-et-c.com\/en\/wp-json\/wp\/v2\/types\/product"}],"replies":[{"embeddable":true,"href":"https:\/\/www.b-et-c.com\/en\/wp-json\/wp\/v2\/comments?post=16358"}],"version-history":[{"count":1,"href":"https:\/\/www.b-et-c.com\/en\/wp-json\/wp\/v2\/product\/16358\/revisions"}],"predecessor-version":[{"id":17577,"href":"https:\/\/www.b-et-c.com\/en\/wp-json\/wp\/v2\/product\/16358\/revisions\/17577"}],"wp:featuredmedia":[{"embeddable":true,"href":"https:\/\/www.b-et-c.com\/en\/wp-json\/wp\/v2\/media\/16366"}],"wp:attachment":[{"href":"https:\/\/www.b-et-c.com\/en\/wp-json\/wp\/v2\/media?parent=16358"}],"wp:term":[{"taxonomy":"product_brand","embeddable":true,"href":"https:\/\/www.b-et-c.com\/en\/wp-json\/wp\/v2\/product_brand?post=16358"},{"taxonomy":"product_cat","embeddable":true,"href":"https:\/\/www.b-et-c.com\/en\/wp-json\/wp\/v2\/product_cat?post=16358"},{"taxonomy":"product_tag","embeddable":true,"href":"https:\/\/www.b-et-c.com\/en\/wp-json\/wp\/v2\/product_tag?post=16358"}],"curies":[{"name":"wp","href":"https:\/\/api.w.org\/{rel}","templated":true}]}}