{"id":16309,"date":"2019-03-19T11:00:42","date_gmt":"2019-03-19T10:00:42","guid":{"rendered":"http:\/\/www.b-et-c.com\/?post_type=product&#038;p=16309"},"modified":"2019-07-01T09:07:59","modified_gmt":"2019-07-01T08:07:59","slug":"dr-heger","status":"publish","type":"product","link":"https:\/\/www.b-et-c.com\/en\/shop\/europe\/domaines-allemagne\/baden\/dr-heger\/","title":{"rendered":"Dr Heger"},"content":{"rendered":"","protected":false},"excerpt":{"rendered":"<p style=\"text-align: justify;\"><span style=\"color: #eed7fa;\">Appellation : Baden<\/span><\/p>\n<p style=\"text-align: justify;\"><strong>De sublimes pinot noirs<\/strong><\/p>\n<p style=\"text-align: justify;\">Joachim Heger, 4<sup>\u00e8me<\/sup> g\u00e9n\u00e9ration de vignerons depuis 1935, et sa femme Silvia cultivent dans un esprit tr\u00e8s bourguignon 60 Ha de vignes autour d\u2019Ihringen, dans le sud du Kaiserstuhl, la zone la plus chaude d\u2019Allemagne, sur des sols volcaniques et de loess. Ils produisent des vins extraordinaires, notamment des grands pinots noirs de terroir, expressifs, \u00e9l\u00e9gants, vifs et fruit\u00e9s, marqu\u00e9s par la min\u00e9ralit\u00e9.<\/p>","protected":false},"featured_media":16333,"comment_status":"closed","ping_status":"closed","template":"","meta":{"_monsterinsights_skip_tracking":false,"_monsterinsights_sitenote_active":false,"_monsterinsights_sitenote_note":"","_monsterinsights_sitenote_category":0},"product_brand":[],"product_cat":[184,233],"product_tag":[],"class_list":{"0":"post-16309","1":"product","2":"type-product","3":"status-publish","4":"has-post-thumbnail","6":"product_cat-baden","7":"product_cat-gamme-allemagne","9":"first","10":"instock","11":"featured","12":"shipping-taxable","13":"product-type-simple"},"aioseo_notices":[],"_links":{"self":[{"href":"https:\/\/www.b-et-c.com\/en\/wp-json\/wp\/v2\/product\/16309","targetHints":{"allow":["GET"]}}],"collection":[{"href":"https:\/\/www.b-et-c.com\/en\/wp-json\/wp\/v2\/product"}],"about":[{"href":"https:\/\/www.b-et-c.com\/en\/wp-json\/wp\/v2\/types\/product"}],"replies":[{"embeddable":true,"href":"https:\/\/www.b-et-c.com\/en\/wp-json\/wp\/v2\/comments?post=16309"}],"version-history":[{"count":2,"href":"https:\/\/www.b-et-c.com\/en\/wp-json\/wp\/v2\/product\/16309\/revisions"}],"predecessor-version":[{"id":17576,"href":"https:\/\/www.b-et-c.com\/en\/wp-json\/wp\/v2\/product\/16309\/revisions\/17576"}],"wp:featuredmedia":[{"embeddable":true,"href":"https:\/\/www.b-et-c.com\/en\/wp-json\/wp\/v2\/media\/16333"}],"wp:attachment":[{"href":"https:\/\/www.b-et-c.com\/en\/wp-json\/wp\/v2\/media?parent=16309"}],"wp:term":[{"taxonomy":"product_brand","embeddable":true,"href":"https:\/\/www.b-et-c.com\/en\/wp-json\/wp\/v2\/product_brand?post=16309"},{"taxonomy":"product_cat","embeddable":true,"href":"https:\/\/www.b-et-c.com\/en\/wp-json\/wp\/v2\/product_cat?post=16309"},{"taxonomy":"product_tag","embeddable":true,"href":"https:\/\/www.b-et-c.com\/en\/wp-json\/wp\/v2\/product_tag?post=16309"}],"curies":[{"name":"wp","href":"https:\/\/api.w.org\/{rel}","templated":true}]}}