{"id":16120,"date":"2017-02-19T19:29:55","date_gmt":"2017-02-19T18:29:55","guid":{"rendered":"http:\/\/www.b-et-c.com\/shop\/domaines-portugal\/alentejo\/herdade-da-calada\/"},"modified":"2021-02-02T12:22:16","modified_gmt":"2021-02-02T11:22:16","slug":"herdade-da-calada","status":"publish","type":"product","link":"https:\/\/www.b-et-c.com\/en\/shop\/europe\/domaines-portugal\/alentejo\/herdade-da-calada\/","title":{"rendered":"Herdade da Calada"},"content":{"rendered":"","protected":false},"excerpt":{"rendered":"<p style=\"text-align: justify;\"><span style=\"color: #eed7fa;\">Appellation : Alentejo<\/span><\/p>\n<p style=\"text-align: justify;\"><strong>Alentejo historique<\/strong><\/p>\n<p style=\"text-align: justify;\">Fond\u00e9e en 1854 par les descendants du Duc de Lancaster pr\u00e8s d\u2019Evora, la propri\u00e9t\u00e9 de 35 Ha  de vignes d\u2019Herdade da Calada a \u00e9t\u00e9 transmise de g\u00e9n\u00e9ration en g\u00e9n\u00e9ration avant d\u2019\u00eatre reprise par les fran\u00e7ais Maria et Jean-Claude Penauille qui lui ont donn\u00e9 la r\u00e9putation internationale que nous lui connaissons aujourd\u2019hui avec des vins g\u00e9n\u00e9reux, \u00e9l\u00e9gants et complexes.<\/p>","protected":false},"featured_media":31039,"comment_status":"closed","ping_status":"closed","template":"","meta":{"_monsterinsights_skip_tracking":false,"_monsterinsights_sitenote_active":false,"_monsterinsights_sitenote_note":"","_monsterinsights_sitenote_category":0},"product_brand":[],"product_cat":[162,232],"product_tag":[],"class_list":{"0":"post-16120","1":"product","2":"type-product","3":"status-publish","4":"has-post-thumbnail","6":"product_cat-alentejo","7":"product_cat-gamme-portugal","9":"first","10":"instock","11":"featured","12":"shipping-taxable","13":"product-type-simple"},"aioseo_notices":[],"_links":{"self":[{"href":"https:\/\/www.b-et-c.com\/en\/wp-json\/wp\/v2\/product\/16120","targetHints":{"allow":["GET"]}}],"collection":[{"href":"https:\/\/www.b-et-c.com\/en\/wp-json\/wp\/v2\/product"}],"about":[{"href":"https:\/\/www.b-et-c.com\/en\/wp-json\/wp\/v2\/types\/product"}],"replies":[{"embeddable":true,"href":"https:\/\/www.b-et-c.com\/en\/wp-json\/wp\/v2\/comments?post=16120"}],"version-history":[{"count":5,"href":"https:\/\/www.b-et-c.com\/en\/wp-json\/wp\/v2\/product\/16120\/revisions"}],"predecessor-version":[{"id":18094,"href":"https:\/\/www.b-et-c.com\/en\/wp-json\/wp\/v2\/product\/16120\/revisions\/18094"}],"wp:featuredmedia":[{"embeddable":true,"href":"https:\/\/www.b-et-c.com\/en\/wp-json\/wp\/v2\/media\/31039"}],"wp:attachment":[{"href":"https:\/\/www.b-et-c.com\/en\/wp-json\/wp\/v2\/media?parent=16120"}],"wp:term":[{"taxonomy":"product_brand","embeddable":true,"href":"https:\/\/www.b-et-c.com\/en\/wp-json\/wp\/v2\/product_brand?post=16120"},{"taxonomy":"product_cat","embeddable":true,"href":"https:\/\/www.b-et-c.com\/en\/wp-json\/wp\/v2\/product_cat?post=16120"},{"taxonomy":"product_tag","embeddable":true,"href":"https:\/\/www.b-et-c.com\/en\/wp-json\/wp\/v2\/product_tag?post=16120"}],"curies":[{"name":"wp","href":"https:\/\/api.w.org\/{rel}","templated":true}]}}