{"id":16115,"date":"2017-02-19T19:13:55","date_gmt":"2017-02-19T18:13:55","guid":{"rendered":"http:\/\/www.b-et-c.com\/shop\/domaines-portugal\/vinho-verde\/quinta-do-ameal\/"},"modified":"2021-02-02T12:11:40","modified_gmt":"2021-02-02T11:11:40","slug":"quinta-do-ameal","status":"publish","type":"product","link":"https:\/\/www.b-et-c.com\/en\/shop\/europe\/domaines-portugal\/gamme-portugal\/quinta-do-ameal\/","title":{"rendered":"Quinta do Ameal"},"content":{"rendered":"","protected":false},"excerpt":{"rendered":"<p style=\"text-align: justify;\"><span style=\"color: #eed7fa;\">Appellation : Vinho Verde<\/span><\/p>\n<p style=\"text-align: justify;\"><strong>Le sp\u00e9cialiste des grands loureiro<\/strong><\/p>\n<p style=\"text-align: justify;\">Quinta do Ameal est une ancienne propri\u00e9t\u00e9 de 1710. Pedro Araujo est reconnu dans le monde entier comme l\u2019expert du Loureiro, ce c\u00e9page blanc exceptionnel.<br \/>\nIl \u00e9labore en culture biologique sur sols granitiques des vins blancs de exceptionnels de caract\u00e8re, aptes \u00e0 la garde, aromatiques et expressifs, dans la vall\u00e9e de Lima.<\/p>","protected":false},"featured_media":31020,"comment_status":"closed","ping_status":"closed","template":"","meta":{"_monsterinsights_skip_tracking":false,"_monsterinsights_sitenote_active":false,"_monsterinsights_sitenote_note":"","_monsterinsights_sitenote_category":0},"product_brand":[],"product_cat":[232,160],"product_tag":[],"class_list":{"0":"post-16115","1":"product","2":"type-product","3":"status-publish","4":"has-post-thumbnail","6":"product_cat-gamme-portugal","7":"product_cat-vinho-verde","9":"first","10":"instock","11":"featured","12":"shipping-taxable","13":"product-type-simple"},"aioseo_notices":[],"_links":{"self":[{"href":"https:\/\/www.b-et-c.com\/en\/wp-json\/wp\/v2\/product\/16115","targetHints":{"allow":["GET"]}}],"collection":[{"href":"https:\/\/www.b-et-c.com\/en\/wp-json\/wp\/v2\/product"}],"about":[{"href":"https:\/\/www.b-et-c.com\/en\/wp-json\/wp\/v2\/types\/product"}],"replies":[{"embeddable":true,"href":"https:\/\/www.b-et-c.com\/en\/wp-json\/wp\/v2\/comments?post=16115"}],"version-history":[{"count":4,"href":"https:\/\/www.b-et-c.com\/en\/wp-json\/wp\/v2\/product\/16115\/revisions"}],"predecessor-version":[{"id":18089,"href":"https:\/\/www.b-et-c.com\/en\/wp-json\/wp\/v2\/product\/16115\/revisions\/18089"}],"wp:featuredmedia":[{"embeddable":true,"href":"https:\/\/www.b-et-c.com\/en\/wp-json\/wp\/v2\/media\/31020"}],"wp:attachment":[{"href":"https:\/\/www.b-et-c.com\/en\/wp-json\/wp\/v2\/media?parent=16115"}],"wp:term":[{"taxonomy":"product_brand","embeddable":true,"href":"https:\/\/www.b-et-c.com\/en\/wp-json\/wp\/v2\/product_brand?post=16115"},{"taxonomy":"product_cat","embeddable":true,"href":"https:\/\/www.b-et-c.com\/en\/wp-json\/wp\/v2\/product_cat?post=16115"},{"taxonomy":"product_tag","embeddable":true,"href":"https:\/\/www.b-et-c.com\/en\/wp-json\/wp\/v2\/product_tag?post=16115"}],"curies":[{"name":"wp","href":"https:\/\/api.w.org\/{rel}","templated":true}]}}