{"id":16107,"date":"2017-02-19T19:05:38","date_gmt":"2017-02-19T18:05:38","guid":{"rendered":"http:\/\/www.b-et-c.com\/shop\/domaines-portugal\/vinho-verde\/casa-do-valle\/"},"modified":"2021-02-02T12:13:13","modified_gmt":"2021-02-02T11:13:13","slug":"casa-do-valle","status":"publish","type":"product","link":"https:\/\/www.b-et-c.com\/en\/shop\/europe\/domaines-portugal\/gamme-portugal\/casa-do-valle\/","title":{"rendered":"Casa do Valle"},"content":{"rendered":"","protected":false},"excerpt":{"rendered":"<p style=\"text-align: justify;\"><span style=\"color: #eed7fa;\">Appellation : Vinho Verde<\/span><\/p>\n<p style=\"text-align: justify;\"><strong>Des blancs d\u2019une grande fra\u00eecheur<\/strong><\/p>\n<p style=\"text-align: justify;\">C\u2019est dans un chai datant du 18\u00e8me si\u00e8cle que Luis Cameira travaille brillamment les magnifiques c\u00e9pages que sont l\u2019alvarinho, le loureiro, l\u2019arinto et le vinhao, en culture biologique. Les parcelles sont situ\u00e9es dans l\u2019est de l\u2019appellation Vinho Verde sur de sols granitiques et de schiste, entre 250 et 400 m d\u2019altitude, favorisant la complexit\u00e9 et la fra\u00eecheur de ces vins blancs superbes, gourmands et d\u2019une grande fra\u00eecheur.<\/p>","protected":false},"featured_media":31027,"comment_status":"closed","ping_status":"closed","template":"","meta":{"_monsterinsights_skip_tracking":false,"_monsterinsights_sitenote_active":false,"_monsterinsights_sitenote_note":"","_monsterinsights_sitenote_category":0},"product_brand":[],"product_cat":[232,160],"product_tag":[],"class_list":{"0":"post-16107","1":"product","2":"type-product","3":"status-publish","4":"has-post-thumbnail","6":"product_cat-gamme-portugal","7":"product_cat-vinho-verde","9":"first","10":"instock","11":"featured","12":"shipping-taxable","13":"product-type-simple"},"aioseo_notices":[],"_links":{"self":[{"href":"https:\/\/www.b-et-c.com\/en\/wp-json\/wp\/v2\/product\/16107","targetHints":{"allow":["GET"]}}],"collection":[{"href":"https:\/\/www.b-et-c.com\/en\/wp-json\/wp\/v2\/product"}],"about":[{"href":"https:\/\/www.b-et-c.com\/en\/wp-json\/wp\/v2\/types\/product"}],"replies":[{"embeddable":true,"href":"https:\/\/www.b-et-c.com\/en\/wp-json\/wp\/v2\/comments?post=16107"}],"version-history":[{"count":2,"href":"https:\/\/www.b-et-c.com\/en\/wp-json\/wp\/v2\/product\/16107\/revisions"}],"predecessor-version":[{"id":18097,"href":"https:\/\/www.b-et-c.com\/en\/wp-json\/wp\/v2\/product\/16107\/revisions\/18097"}],"wp:featuredmedia":[{"embeddable":true,"href":"https:\/\/www.b-et-c.com\/en\/wp-json\/wp\/v2\/media\/31027"}],"wp:attachment":[{"href":"https:\/\/www.b-et-c.com\/en\/wp-json\/wp\/v2\/media?parent=16107"}],"wp:term":[{"taxonomy":"product_brand","embeddable":true,"href":"https:\/\/www.b-et-c.com\/en\/wp-json\/wp\/v2\/product_brand?post=16107"},{"taxonomy":"product_cat","embeddable":true,"href":"https:\/\/www.b-et-c.com\/en\/wp-json\/wp\/v2\/product_cat?post=16107"},{"taxonomy":"product_tag","embeddable":true,"href":"https:\/\/www.b-et-c.com\/en\/wp-json\/wp\/v2\/product_tag?post=16107"}],"curies":[{"name":"wp","href":"https:\/\/api.w.org\/{rel}","templated":true}]}}