{"id":16102,"date":"2017-02-19T18:57:28","date_gmt":"2017-02-19T17:57:28","guid":{"rendered":"http:\/\/www.b-et-c.com\/shop\/domaines-portugal\/bairrada\/quinta-das-bageiras\/"},"modified":"2021-02-02T12:02:12","modified_gmt":"2021-02-02T11:02:12","slug":"quinta-das-bageiras","status":"publish","type":"product","link":"https:\/\/www.b-et-c.com\/en\/shop\/europe\/domaines-portugal\/bairrada\/quinta-das-bageiras\/","title":{"rendered":"Quinta das Bageiras"},"content":{"rendered":"","protected":false},"excerpt":{"rendered":"<p style=\"text-align: justify;\"><span style=\"color: #eed7fa;\">Appellation : Bairrada<\/span><\/p>\n<p style=\"text-align: justify;\"><strong>La noblesse du Baga<\/strong><\/p>\n<p style=\"text-align: justify;\">Vigneron authentique et embl\u00e9matique qui a permis de d\u00e9couvrir le po-tentiel exceptionnel du terroir de la Bairrada, Mario Sergio Alves Nuno \u00e9labore des vins traditionnels issus de vignes centenaires de Baga, ce c\u00e9page noble donnant des vins dans l\u2019esprit des grands barolo. Il faut d\u00e9couvrir absolument la finesse rac\u00e9e de ces grands vins, notamment le l\u00e9gendaire Garrafeira.<\/p>","protected":false},"featured_media":31018,"comment_status":"closed","ping_status":"closed","template":"","meta":{"_monsterinsights_skip_tracking":false,"_monsterinsights_sitenote_active":false,"_monsterinsights_sitenote_note":"","_monsterinsights_sitenote_category":0},"product_brand":[],"product_cat":[161,232],"product_tag":[],"class_list":{"0":"post-16102","1":"product","2":"type-product","3":"status-publish","4":"has-post-thumbnail","6":"product_cat-bairrada","7":"product_cat-gamme-portugal","9":"first","10":"instock","11":"featured","12":"shipping-taxable","13":"product-type-simple"},"aioseo_notices":[],"_links":{"self":[{"href":"https:\/\/www.b-et-c.com\/en\/wp-json\/wp\/v2\/product\/16102","targetHints":{"allow":["GET"]}}],"collection":[{"href":"https:\/\/www.b-et-c.com\/en\/wp-json\/wp\/v2\/product"}],"about":[{"href":"https:\/\/www.b-et-c.com\/en\/wp-json\/wp\/v2\/types\/product"}],"replies":[{"embeddable":true,"href":"https:\/\/www.b-et-c.com\/en\/wp-json\/wp\/v2\/comments?post=16102"}],"version-history":[{"count":3,"href":"https:\/\/www.b-et-c.com\/en\/wp-json\/wp\/v2\/product\/16102\/revisions"}],"predecessor-version":[{"id":18096,"href":"https:\/\/www.b-et-c.com\/en\/wp-json\/wp\/v2\/product\/16102\/revisions\/18096"}],"wp:featuredmedia":[{"embeddable":true,"href":"https:\/\/www.b-et-c.com\/en\/wp-json\/wp\/v2\/media\/31018"}],"wp:attachment":[{"href":"https:\/\/www.b-et-c.com\/en\/wp-json\/wp\/v2\/media?parent=16102"}],"wp:term":[{"taxonomy":"product_brand","embeddable":true,"href":"https:\/\/www.b-et-c.com\/en\/wp-json\/wp\/v2\/product_brand?post=16102"},{"taxonomy":"product_cat","embeddable":true,"href":"https:\/\/www.b-et-c.com\/en\/wp-json\/wp\/v2\/product_cat?post=16102"},{"taxonomy":"product_tag","embeddable":true,"href":"https:\/\/www.b-et-c.com\/en\/wp-json\/wp\/v2\/product_tag?post=16102"}],"curies":[{"name":"wp","href":"https:\/\/api.w.org\/{rel}","templated":true}]}}