{"id":16089,"date":"2017-02-19T18:45:44","date_gmt":"2017-02-19T17:45:44","guid":{"rendered":"http:\/\/www.b-et-c.com\/shop\/domaines-portugal\/douro\/quevedo\/"},"modified":"2023-03-28T10:33:21","modified_gmt":"2023-03-28T09:33:21","slug":"quevedo","status":"publish","type":"product","link":"https:\/\/www.b-et-c.com\/en\/shop\/europe\/domaines-portugal\/douro\/quevedo\/","title":{"rendered":"Quevedo"},"content":{"rendered":"","protected":false},"excerpt":{"rendered":"<p style=\"text-align: justify;\"><span style=\"color: #eed7fa;\">Appellation : Douro<\/span><\/p>\n<p style=\"text-align: justify;\"><strong>Le brio de la nouvelle g\u00e9n\u00e9ration<\/strong><\/p>\n<p style=\"text-align: justify;\">Oscar et Claudia Quevedo sont la nouvelle g\u00e9n\u00e9ration d\u2019une longue tradition familiale centenaire. Ils poss\u00e8dent 100 Ha r\u00e9parties sur les plus beaux terroirs du Douro Sup\u00e9rieur et de Cima Corgo, au travers de 6 quintas : Vale d\u2019Agodinho, Trovisca, Valeira, Senhora do Ros\u00e1rio, Alegria, et Das M\u00f3s.<br \/>\nLes vins de Quevedo sont surprenants de gourmandise et de fra\u00eecheur. Leurs Por-tos sont fins, complexes et \u00e9l\u00e9gants.<\/p>","protected":false},"featured_media":31107,"comment_status":"closed","ping_status":"closed","template":"","meta":{"_monsterinsights_skip_tracking":false,"_monsterinsights_sitenote_active":false,"_monsterinsights_sitenote_note":"","_monsterinsights_sitenote_category":0},"product_brand":[],"product_cat":[159,232],"product_tag":[],"class_list":{"0":"post-16089","1":"product","2":"type-product","3":"status-publish","4":"has-post-thumbnail","6":"product_cat-douro","7":"product_cat-gamme-portugal","9":"first","10":"instock","11":"featured","12":"shipping-taxable","13":"product-type-simple"},"aioseo_notices":[],"_links":{"self":[{"href":"https:\/\/www.b-et-c.com\/en\/wp-json\/wp\/v2\/product\/16089","targetHints":{"allow":["GET"]}}],"collection":[{"href":"https:\/\/www.b-et-c.com\/en\/wp-json\/wp\/v2\/product"}],"about":[{"href":"https:\/\/www.b-et-c.com\/en\/wp-json\/wp\/v2\/types\/product"}],"replies":[{"embeddable":true,"href":"https:\/\/www.b-et-c.com\/en\/wp-json\/wp\/v2\/comments?post=16089"}],"version-history":[{"count":4,"href":"https:\/\/www.b-et-c.com\/en\/wp-json\/wp\/v2\/product\/16089\/revisions"}],"predecessor-version":[{"id":31114,"href":"https:\/\/www.b-et-c.com\/en\/wp-json\/wp\/v2\/product\/16089\/revisions\/31114"}],"wp:featuredmedia":[{"embeddable":true,"href":"https:\/\/www.b-et-c.com\/en\/wp-json\/wp\/v2\/media\/31107"}],"wp:attachment":[{"href":"https:\/\/www.b-et-c.com\/en\/wp-json\/wp\/v2\/media?parent=16089"}],"wp:term":[{"taxonomy":"product_brand","embeddable":true,"href":"https:\/\/www.b-et-c.com\/en\/wp-json\/wp\/v2\/product_brand?post=16089"},{"taxonomy":"product_cat","embeddable":true,"href":"https:\/\/www.b-et-c.com\/en\/wp-json\/wp\/v2\/product_cat?post=16089"},{"taxonomy":"product_tag","embeddable":true,"href":"https:\/\/www.b-et-c.com\/en\/wp-json\/wp\/v2\/product_tag?post=16089"}],"curies":[{"name":"wp","href":"https:\/\/api.w.org\/{rel}","templated":true}]}}