{"id":16063,"date":"2017-02-19T18:29:17","date_gmt":"2017-02-19T17:29:17","guid":{"rendered":"http:\/\/www.b-et-c.com\/shop\/domaines-portugal\/douro\/alves-de-sousa\/"},"modified":"2021-02-02T11:42:22","modified_gmt":"2021-02-02T10:42:22","slug":"alves-de-sousa","status":"publish","type":"product","link":"https:\/\/www.b-et-c.com\/en\/shop\/europe\/domaines-portugal\/douro\/alves-de-sousa\/","title":{"rendered":"Alves de Sousa"},"content":{"rendered":"","protected":false},"excerpt":{"rendered":"<p style=\"text-align: justify;\"><span style=\"color: #eed7fa;\">Appellation : Douro<\/span><\/p>\n<p style=\"text-align: justify;\"><strong>Quinta da Gaivosa, l\u00e9gende  du Douro<\/strong><\/p>\n<p style=\"text-align: justify;\">Domingos Alves de Sousa est le premier vigneron portugais \u00e0 avoir \u00e9t\u00e9 nomm\u00e9 deux fois vigneron de l\u2019ann\u00e9e. Aujourd\u2019hui avec son fils Tiago, 5\u00e8me g\u00e9n\u00e9ration, ils \u00e9laborent des vins et Portos fabuleux d\u2019\u00e9l\u00e9gance et complexit\u00e9 sur les 130 Ha du domaine r\u00e9partis sur 6 quintas : l\u2019illustre Gaivosa, Vale da Raposa, Caldas, Esta\u00e7ao, Aveleira et Oliveirinha. Alves de Sousa n\u2019en finit pas d\u2019accumuler les r\u00e9compenses internationales.<br \/>\nSes Porto et grands vins sont consid\u00e9r\u00e9s parmi les meilleurs du Douro et sont pr\u00e9sents sur les plus belles tables du monde.<\/p>","protected":false},"featured_media":30992,"comment_status":"closed","ping_status":"closed","template":"","meta":{"_monsterinsights_skip_tracking":false,"_monsterinsights_sitenote_active":false,"_monsterinsights_sitenote_note":"","_monsterinsights_sitenote_category":0},"product_brand":[],"product_cat":[159,232],"product_tag":[],"class_list":{"0":"post-16063","1":"product","2":"type-product","3":"status-publish","4":"has-post-thumbnail","6":"product_cat-douro","7":"product_cat-gamme-portugal","9":"first","10":"instock","11":"featured","12":"shipping-taxable","13":"product-type-simple"},"aioseo_notices":[],"_links":{"self":[{"href":"https:\/\/www.b-et-c.com\/en\/wp-json\/wp\/v2\/product\/16063","targetHints":{"allow":["GET"]}}],"collection":[{"href":"https:\/\/www.b-et-c.com\/en\/wp-json\/wp\/v2\/product"}],"about":[{"href":"https:\/\/www.b-et-c.com\/en\/wp-json\/wp\/v2\/types\/product"}],"replies":[{"embeddable":true,"href":"https:\/\/www.b-et-c.com\/en\/wp-json\/wp\/v2\/comments?post=16063"}],"version-history":[{"count":3,"href":"https:\/\/www.b-et-c.com\/en\/wp-json\/wp\/v2\/product\/16063\/revisions"}],"predecessor-version":[{"id":18084,"href":"https:\/\/www.b-et-c.com\/en\/wp-json\/wp\/v2\/product\/16063\/revisions\/18084"}],"wp:featuredmedia":[{"embeddable":true,"href":"https:\/\/www.b-et-c.com\/en\/wp-json\/wp\/v2\/media\/30992"}],"wp:attachment":[{"href":"https:\/\/www.b-et-c.com\/en\/wp-json\/wp\/v2\/media?parent=16063"}],"wp:term":[{"taxonomy":"product_brand","embeddable":true,"href":"https:\/\/www.b-et-c.com\/en\/wp-json\/wp\/v2\/product_brand?post=16063"},{"taxonomy":"product_cat","embeddable":true,"href":"https:\/\/www.b-et-c.com\/en\/wp-json\/wp\/v2\/product_cat?post=16063"},{"taxonomy":"product_tag","embeddable":true,"href":"https:\/\/www.b-et-c.com\/en\/wp-json\/wp\/v2\/product_tag?post=16063"}],"curies":[{"name":"wp","href":"https:\/\/api.w.org\/{rel}","templated":true}]}}