{"id":16039,"date":"2017-02-19T17:41:39","date_gmt":"2017-02-19T16:41:39","guid":{"rendered":"http:\/\/www.b-et-c.com\/shop\/domaines-argentine\/mendoza\/finca-sophenia\/"},"modified":"2021-02-02T11:34:07","modified_gmt":"2021-02-02T10:34:07","slug":"finca-sophenia","status":"publish","type":"product","link":"https:\/\/www.b-et-c.com\/en\/shop\/amerique-du-sud\/domaines-argentine\/mendoza\/finca-sophenia\/","title":{"rendered":"Finca Sophenia"},"content":{"rendered":"","protected":false},"excerpt":{"rendered":"<p style=\"text-align: justify;\"><span style=\"color: #eed7fa;\">Appellation : Mendoza<\/span><\/p>\n<p style=\"text-align: justify;\"><strong>Le terroir de Tupungato, Mendoza<\/strong><\/p>\n<p style=\"text-align: justify;\">C\u2019est en 1997 que Roberto Luka se lance dans l\u2019aventure passionante de Finca Sophenia, avec les prestigieux \u0153nologues Mat\u00edas Michelini et Germ\u00e1n Masera. Situ\u00e9es \u00e0 1.200 m d\u2019altitude dans la vall\u00e9e de Tupun-gato sur des sols franco-sablonneux et pierreux, les vignes \u00e0 faibles ren-dement du domaine donnent des vins concentr\u00e9s, \u00e9l\u00e9gants et \u00e9quilibr\u00e9s, reflet du terroir qui les abrite.<\/p>","protected":false},"featured_media":30982,"comment_status":"closed","ping_status":"closed","template":"","meta":{"_monsterinsights_skip_tracking":false,"_monsterinsights_sitenote_active":false,"_monsterinsights_sitenote_note":"","_monsterinsights_sitenote_category":0},"product_brand":[],"product_cat":[158,228],"product_tag":[],"class_list":{"0":"post-16039","1":"product","2":"type-product","3":"status-publish","4":"has-post-thumbnail","6":"product_cat-mendoza","7":"product_cat-gamme-amerique-du-sud","9":"first","10":"instock","11":"featured","12":"shipping-taxable","13":"product-type-simple"},"aioseo_notices":[],"_links":{"self":[{"href":"https:\/\/www.b-et-c.com\/en\/wp-json\/wp\/v2\/product\/16039","targetHints":{"allow":["GET"]}}],"collection":[{"href":"https:\/\/www.b-et-c.com\/en\/wp-json\/wp\/v2\/product"}],"about":[{"href":"https:\/\/www.b-et-c.com\/en\/wp-json\/wp\/v2\/types\/product"}],"replies":[{"embeddable":true,"href":"https:\/\/www.b-et-c.com\/en\/wp-json\/wp\/v2\/comments?post=16039"}],"version-history":[{"count":2,"href":"https:\/\/www.b-et-c.com\/en\/wp-json\/wp\/v2\/product\/16039\/revisions"}],"predecessor-version":[{"id":18099,"href":"https:\/\/www.b-et-c.com\/en\/wp-json\/wp\/v2\/product\/16039\/revisions\/18099"}],"wp:featuredmedia":[{"embeddable":true,"href":"https:\/\/www.b-et-c.com\/en\/wp-json\/wp\/v2\/media\/30982"}],"wp:attachment":[{"href":"https:\/\/www.b-et-c.com\/en\/wp-json\/wp\/v2\/media?parent=16039"}],"wp:term":[{"taxonomy":"product_brand","embeddable":true,"href":"https:\/\/www.b-et-c.com\/en\/wp-json\/wp\/v2\/product_brand?post=16039"},{"taxonomy":"product_cat","embeddable":true,"href":"https:\/\/www.b-et-c.com\/en\/wp-json\/wp\/v2\/product_cat?post=16039"},{"taxonomy":"product_tag","embeddable":true,"href":"https:\/\/www.b-et-c.com\/en\/wp-json\/wp\/v2\/product_tag?post=16039"}],"curies":[{"name":"wp","href":"https:\/\/api.w.org\/{rel}","templated":true}]}}