{"id":16016,"date":"2017-02-19T17:27:19","date_gmt":"2017-02-19T16:27:19","guid":{"rendered":"http:\/\/www.b-et-c.com\/shop\/domaines-argentine\/mendoza\/susana-balbo\/"},"modified":"2021-02-02T11:32:13","modified_gmt":"2021-02-02T10:32:13","slug":"susana-balbo","status":"publish","type":"product","link":"https:\/\/www.b-et-c.com\/en\/shop\/amerique-du-sud\/domaines-argentine\/mendoza\/susana-balbo\/","title":{"rendered":"Susana Balbo"},"content":{"rendered":"","protected":false},"excerpt":{"rendered":"<p style=\"text-align: justify;\"><span style=\"color: #eed7fa;\">Appellation : Mendoza<\/span><\/p>\n<p style=\"text-align: justify;\"><strong>Une personnalit\u00e9 hors du commun<\/strong><\/p>\n<p style=\"text-align: justify;\">Avec plus de 30 vendanges \u00e0 son actif, Susana Balbo est l\u2019une des vigneronnes les plus influentes et charismatiques du nouveau monde. Au c\u0153ur de Lujan de Cuyo, sur les plus beaux terroirs de Mendoza, Susana \u00e9labore des cuv\u00e9es juteuses d\u2019une personnalit\u00e9 et d\u2019une complexit\u00e9 rares gr\u00e2ce \u00e0 un travail et une pr\u00e9cision hors du commun.<\/p>","protected":false},"featured_media":30969,"comment_status":"closed","ping_status":"closed","template":"","meta":{"_monsterinsights_skip_tracking":false,"_monsterinsights_sitenote_active":false,"_monsterinsights_sitenote_note":"","_monsterinsights_sitenote_category":0},"product_brand":[],"product_cat":[158,228],"product_tag":[],"class_list":{"0":"post-16016","1":"product","2":"type-product","3":"status-publish","4":"has-post-thumbnail","6":"product_cat-mendoza","7":"product_cat-gamme-amerique-du-sud","9":"first","10":"instock","11":"featured","12":"shipping-taxable","13":"product-type-simple"},"aioseo_notices":[],"_links":{"self":[{"href":"https:\/\/www.b-et-c.com\/en\/wp-json\/wp\/v2\/product\/16016","targetHints":{"allow":["GET"]}}],"collection":[{"href":"https:\/\/www.b-et-c.com\/en\/wp-json\/wp\/v2\/product"}],"about":[{"href":"https:\/\/www.b-et-c.com\/en\/wp-json\/wp\/v2\/types\/product"}],"replies":[{"embeddable":true,"href":"https:\/\/www.b-et-c.com\/en\/wp-json\/wp\/v2\/comments?post=16016"}],"version-history":[{"count":1,"href":"https:\/\/www.b-et-c.com\/en\/wp-json\/wp\/v2\/product\/16016\/revisions"}],"predecessor-version":[{"id":18100,"href":"https:\/\/www.b-et-c.com\/en\/wp-json\/wp\/v2\/product\/16016\/revisions\/18100"}],"wp:featuredmedia":[{"embeddable":true,"href":"https:\/\/www.b-et-c.com\/en\/wp-json\/wp\/v2\/media\/30969"}],"wp:attachment":[{"href":"https:\/\/www.b-et-c.com\/en\/wp-json\/wp\/v2\/media?parent=16016"}],"wp:term":[{"taxonomy":"product_brand","embeddable":true,"href":"https:\/\/www.b-et-c.com\/en\/wp-json\/wp\/v2\/product_brand?post=16016"},{"taxonomy":"product_cat","embeddable":true,"href":"https:\/\/www.b-et-c.com\/en\/wp-json\/wp\/v2\/product_cat?post=16016"},{"taxonomy":"product_tag","embeddable":true,"href":"https:\/\/www.b-et-c.com\/en\/wp-json\/wp\/v2\/product_tag?post=16016"}],"curies":[{"name":"wp","href":"https:\/\/api.w.org\/{rel}","templated":true}]}}