{"id":15996,"date":"2017-02-19T16:46:33","date_gmt":"2017-02-19T15:46:33","guid":{"rendered":"http:\/\/www.b-et-c.com\/shop\/domaines-argentine\/mendoza\/el-enemigo\/"},"modified":"2021-02-02T10:15:15","modified_gmt":"2021-02-02T09:15:15","slug":"el-enemigo","status":"publish","type":"product","link":"https:\/\/www.b-et-c.com\/en\/shop\/amerique-du-sud\/domaines-argentine\/mendoza\/el-enemigo\/","title":{"rendered":"El Enemigo"},"content":{"rendered":"","protected":false},"excerpt":{"rendered":"<p style=\"text-align: justify;\"><span style=\"color: #eed7fa;\">Appellation :\u00a0Mendoza<\/span><\/p>\n<p style=\"text-align: justify;\"><strong>Le g\u00e9ant d\u2019Argentine<\/strong><\/p>\n<p style=\"text-align: justify;\">Reconnu comme le meilleur \u0153nologue de son pays, l\u2019enfant terrible argentin Alejandro Vigil \u00e9labore des cuv\u00e9es exceptionnelles de finesse et d\u2019\u00e9l\u00e9gance avec des cabernets francs, malbecs et petits verdots incroyables, sur les terroirs magiques de Gualtallary. Tel un alchimiste, il joue avec les \u0153ufs en b\u00e9ton Nomblot, les f\u00fbts et les foudres pour r\u00e9aliser des vins de haute voltige, incroyablement frais et \u00e9quilibr\u00e9s.<\/p>","protected":false},"featured_media":30964,"comment_status":"closed","ping_status":"closed","template":"","meta":{"_monsterinsights_skip_tracking":false,"_monsterinsights_sitenote_active":false,"_monsterinsights_sitenote_note":"","_monsterinsights_sitenote_category":0},"product_brand":[],"product_cat":[158,228],"product_tag":[],"class_list":{"0":"post-15996","1":"product","2":"type-product","3":"status-publish","4":"has-post-thumbnail","6":"product_cat-mendoza","7":"product_cat-gamme-amerique-du-sud","9":"first","10":"instock","11":"featured","12":"shipping-taxable","13":"product-type-simple"},"aioseo_notices":[],"_links":{"self":[{"href":"https:\/\/www.b-et-c.com\/en\/wp-json\/wp\/v2\/product\/15996","targetHints":{"allow":["GET"]}}],"collection":[{"href":"https:\/\/www.b-et-c.com\/en\/wp-json\/wp\/v2\/product"}],"about":[{"href":"https:\/\/www.b-et-c.com\/en\/wp-json\/wp\/v2\/types\/product"}],"replies":[{"embeddable":true,"href":"https:\/\/www.b-et-c.com\/en\/wp-json\/wp\/v2\/comments?post=15996"}],"version-history":[{"count":2,"href":"https:\/\/www.b-et-c.com\/en\/wp-json\/wp\/v2\/product\/15996\/revisions"}],"predecessor-version":[{"id":18082,"href":"https:\/\/www.b-et-c.com\/en\/wp-json\/wp\/v2\/product\/15996\/revisions\/18082"}],"wp:featuredmedia":[{"embeddable":true,"href":"https:\/\/www.b-et-c.com\/en\/wp-json\/wp\/v2\/media\/30964"}],"wp:attachment":[{"href":"https:\/\/www.b-et-c.com\/en\/wp-json\/wp\/v2\/media?parent=15996"}],"wp:term":[{"taxonomy":"product_brand","embeddable":true,"href":"https:\/\/www.b-et-c.com\/en\/wp-json\/wp\/v2\/product_brand?post=15996"},{"taxonomy":"product_cat","embeddable":true,"href":"https:\/\/www.b-et-c.com\/en\/wp-json\/wp\/v2\/product_cat?post=15996"},{"taxonomy":"product_tag","embeddable":true,"href":"https:\/\/www.b-et-c.com\/en\/wp-json\/wp\/v2\/product_tag?post=15996"}],"curies":[{"name":"wp","href":"https:\/\/api.w.org\/{rel}","templated":true}]}}