{"id":15994,"date":"2017-02-19T16:19:21","date_gmt":"2017-02-19T15:19:21","guid":{"rendered":"http:\/\/www.b-et-c.com\/shop\/domaines-italie\/grappa-frioul\/nonino\/"},"modified":"2021-02-02T10:10:19","modified_gmt":"2021-02-02T09:10:19","slug":"nonino","status":"publish","type":"product","link":"https:\/\/www.b-et-c.com\/en\/shop\/europe\/domaines-italie\/grappa-frioul\/nonino\/","title":{"rendered":"Nonino"},"content":{"rendered":"","protected":false},"excerpt":{"rendered":"<p style=\"text-align: justify;\"><span style=\"color: #eed7fa;\">Appellation :\u00a0Grappa et liqueurs<\/span><\/p>\n<p style=\"text-align: justify;\"><strong>La puret\u00e9 de la grappa artisanale depuis 1897<\/strong><\/p>\n<p style=\"text-align: justify;\">Nonino a \u00e9t\u00e9 l\u2019inventeur et le pionnier de la grappa mono c\u00e9page. La famille distille exclusivement des grappa et eaux de vie \u00e0 partir de baies fra\u00eeches, juste cueillies, distill\u00e9es de fa\u00e7on 100% artisanale dans des alambics discontinus en cuivre \u00e0 vapeur, \u00e0 Ronchi di Perco-to, et les embouteille apr\u00e8s vieillissement naturel en barriques. D\u2019une puret\u00e9 exceptionnelle, les grappa de la famille Nonino sont sur les plus grandes tables \u00e9toil\u00e9es.<\/p>","protected":false},"featured_media":30952,"comment_status":"closed","ping_status":"closed","template":"","meta":{"_monsterinsights_skip_tracking":false,"_monsterinsights_sitenote_active":false,"_monsterinsights_sitenote_note":"","_monsterinsights_sitenote_category":0},"product_brand":[],"product_cat":[153,230],"product_tag":[],"class_list":{"0":"post-15994","1":"product","2":"type-product","3":"status-publish","4":"has-post-thumbnail","6":"product_cat-grappa-frioul","7":"product_cat-gamme-italie","9":"first","10":"instock","11":"featured","12":"shipping-taxable","13":"product-type-simple"},"aioseo_notices":[],"_links":{"self":[{"href":"https:\/\/www.b-et-c.com\/en\/wp-json\/wp\/v2\/product\/15994","targetHints":{"allow":["GET"]}}],"collection":[{"href":"https:\/\/www.b-et-c.com\/en\/wp-json\/wp\/v2\/product"}],"about":[{"href":"https:\/\/www.b-et-c.com\/en\/wp-json\/wp\/v2\/types\/product"}],"replies":[{"embeddable":true,"href":"https:\/\/www.b-et-c.com\/en\/wp-json\/wp\/v2\/comments?post=15994"}],"version-history":[{"count":3,"href":"https:\/\/www.b-et-c.com\/en\/wp-json\/wp\/v2\/product\/15994\/revisions"}],"predecessor-version":[{"id":18087,"href":"https:\/\/www.b-et-c.com\/en\/wp-json\/wp\/v2\/product\/15994\/revisions\/18087"}],"wp:featuredmedia":[{"embeddable":true,"href":"https:\/\/www.b-et-c.com\/en\/wp-json\/wp\/v2\/media\/30952"}],"wp:attachment":[{"href":"https:\/\/www.b-et-c.com\/en\/wp-json\/wp\/v2\/media?parent=15994"}],"wp:term":[{"taxonomy":"product_brand","embeddable":true,"href":"https:\/\/www.b-et-c.com\/en\/wp-json\/wp\/v2\/product_brand?post=15994"},{"taxonomy":"product_cat","embeddable":true,"href":"https:\/\/www.b-et-c.com\/en\/wp-json\/wp\/v2\/product_cat?post=15994"},{"taxonomy":"product_tag","embeddable":true,"href":"https:\/\/www.b-et-c.com\/en\/wp-json\/wp\/v2\/product_tag?post=15994"}],"curies":[{"name":"wp","href":"https:\/\/api.w.org\/{rel}","templated":true}]}}