{"id":15966,"date":"2015-10-13T16:07:59","date_gmt":"2015-10-13T15:07:59","guid":{"rendered":"http:\/\/www.b-et-c.com\/shop\/domaines-italie\/toscane\/joaquin-copie\/"},"modified":"2021-02-02T09:54:53","modified_gmt":"2021-02-02T08:54:53","slug":"querciabella","status":"publish","type":"product","link":"https:\/\/www.b-et-c.com\/en\/shop\/europe\/domaines-italie\/toscane\/querciabella\/","title":{"rendered":"Querciabella"},"content":{"rendered":"","protected":false},"excerpt":{"rendered":"<p style=\"text-align: justify;\"><span style=\"color: #eed7fa;\">Appellation :\u00a0Chianti Classico et Toscane<\/span><\/p>\n<p style=\"text-align: justify;\"><strong>Le plus respect\u00e9 des Chianti Classico<\/strong><\/p>\n<p style=\"text-align: justify;\">Le travail sans compromis de la famille Castiglioni depuis 1974 sur 74 Ha des plus beaux terroirs du Chianti Classico, exclusivement en micro vinifications et en biodynamie, a men\u00e9 le domaine au sommet de l\u2019appellation. Ses grands vins, d\u2019une finesse rarement \u00e9gal\u00e9e, sont pr\u00e9sents sur les plus grandes tables du monde.<\/p>","protected":false},"featured_media":30947,"comment_status":"closed","ping_status":"closed","template":"","meta":{"_monsterinsights_skip_tracking":false,"_monsterinsights_sitenote_active":false,"_monsterinsights_sitenote_note":"","_monsterinsights_sitenote_category":0},"product_brand":[],"product_cat":[99,230],"product_tag":[],"class_list":{"0":"post-15966","1":"product","2":"type-product","3":"status-publish","4":"has-post-thumbnail","6":"product_cat-toscane","7":"product_cat-gamme-italie","9":"first","10":"instock","11":"featured","12":"shipping-taxable","13":"product-type-simple"},"aioseo_notices":[],"_links":{"self":[{"href":"https:\/\/www.b-et-c.com\/en\/wp-json\/wp\/v2\/product\/15966","targetHints":{"allow":["GET"]}}],"collection":[{"href":"https:\/\/www.b-et-c.com\/en\/wp-json\/wp\/v2\/product"}],"about":[{"href":"https:\/\/www.b-et-c.com\/en\/wp-json\/wp\/v2\/types\/product"}],"replies":[{"embeddable":true,"href":"https:\/\/www.b-et-c.com\/en\/wp-json\/wp\/v2\/comments?post=15966"}],"version-history":[{"count":2,"href":"https:\/\/www.b-et-c.com\/en\/wp-json\/wp\/v2\/product\/15966\/revisions"}],"predecessor-version":[{"id":18085,"href":"https:\/\/www.b-et-c.com\/en\/wp-json\/wp\/v2\/product\/15966\/revisions\/18085"}],"wp:featuredmedia":[{"embeddable":true,"href":"https:\/\/www.b-et-c.com\/en\/wp-json\/wp\/v2\/media\/30947"}],"wp:attachment":[{"href":"https:\/\/www.b-et-c.com\/en\/wp-json\/wp\/v2\/media?parent=15966"}],"wp:term":[{"taxonomy":"product_brand","embeddable":true,"href":"https:\/\/www.b-et-c.com\/en\/wp-json\/wp\/v2\/product_brand?post=15966"},{"taxonomy":"product_cat","embeddable":true,"href":"https:\/\/www.b-et-c.com\/en\/wp-json\/wp\/v2\/product_cat?post=15966"},{"taxonomy":"product_tag","embeddable":true,"href":"https:\/\/www.b-et-c.com\/en\/wp-json\/wp\/v2\/product_tag?post=15966"}],"curies":[{"name":"wp","href":"https:\/\/api.w.org\/{rel}","templated":true}]}}