{"id":15189,"date":"2015-10-21T17:51:30","date_gmt":"2015-10-21T16:51:30","guid":{"rendered":"http:\/\/www.b-et-c.com\/produit\/neo\/"},"modified":"2019-07-01T09:13:34","modified_gmt":"2019-07-01T08:13:34","slug":"neo","status":"publish","type":"product","link":"https:\/\/www.b-et-c.com\/en\/shop\/europe\/domaines-espagne\/ribera-del-duero\/neo\/","title":{"rendered":"Neo"},"content":{"rendered":"<p>Neo, une bodega Rock&rsquo;n Roll<\/p>\n<p><iframe title=\"BODEGAS NEO\" width=\"500\" height=\"281\" src=\"https:\/\/www.youtube.com\/embed\/gK4UPwo1rfk?feature=oembed\" frameborder=\"0\" allow=\"accelerometer; autoplay; clipboard-write; encrypted-media; gyroscope; picture-in-picture; web-share\" referrerpolicy=\"strict-origin-when-cross-origin\" allowfullscreen><\/iframe><\/p>\n<p>Enregistrement du disque de Medelia dans les studios de Neo<\/p>\n<p><iframe title=\"Medelia, en Sonorama 2011\" width=\"500\" height=\"281\" src=\"https:\/\/www.youtube.com\/embed\/J0NuJAfOiy8?feature=oembed\" frameborder=\"0\" allow=\"accelerometer; autoplay; clipboard-write; encrypted-media; gyroscope; picture-in-picture; web-share\" referrerpolicy=\"strict-origin-when-cross-origin\" allowfullscreen><\/iframe><\/p>\n<p>\u00ab\u00a0Ana\u00a0\u00bb, par Shinova, clip enregistr\u00e9s dans le studio de Neo, dans les chais<\/p>\n<p><iframe title=\"SHINOVA - Ana (Sesi\u00f3n Ac\u00fastica en Bodegas Neo)\" width=\"500\" height=\"281\" src=\"https:\/\/www.youtube.com\/embed\/wK2pvvx-av8?feature=oembed\" frameborder=\"0\" allow=\"accelerometer; autoplay; clipboard-write; encrypted-media; gyroscope; picture-in-picture; web-share\" referrerpolicy=\"strict-origin-when-cross-origin\" allowfullscreen><\/iframe><\/p>\n<p>&nbsp;<\/p>","protected":false},"excerpt":{"rendered":"<p class=\"p1\" style=\"text-align: justify;\"><span style=\"color: #eed7fa;\">Appellation : Ribera del Duero<\/span><\/p>\n<p class=\"p1\" style=\"text-align: justify;\"><b>Quand les grands vins jouent du Rock <\/b><\/p>\n<p class=\"p1\" style=\"text-align: justify;\">Bodegas NEO est une bodega de cr\u00e9ation r\u00e9cente, fruit de l&rsquo;association de 3 musiciens espagnols, amis et passionn\u00e9s de vin.<\/p>\n<p class=\"p1\" style=\"text-align: justify;\">La bodega NEO a \u00e9t\u00e9 d\u00e9sign\u00e9e par Robert PARKER comme l&rsquo;une de 5 bodegas ayant le futur le plus prometteur en Espagne.<\/p>\n<p class=\"p1\" style=\"text-align: justify;\">Les parcelles du vignoble s\u2019\u00e9tendent sur les plus beaux terroirs de l\u2019appellation.<\/p>\n<p class=\"p1\" style=\"text-align: justify;\">L&rsquo;\u0153nologue de la Bodega n\u2019est autre qu\u2019Isaac Fern\u00e1ndez Monta\u00f1a, le neveu de Mariano Garc\u00eda (\u0153nologue de VEGA SICILIA pendant 30 ans, qui officie aujourd\u2019hui chez Aalto que nous avons l\u2019honneur de repr\u00e9senter en France).\u00a0Isaac m\u00e8ne les vinifications de main de ma\u00eetre avec un respect profond pour la vigne.<\/p>\n<p class=\"p1\" style=\"text-align: justify;\">La bodega est capable d&rsquo;aligner 7 cuv\u00e9es distinctes not\u00e9es au dessus de 90 par PARKER la m\u00eame ann\u00e9e, atteignant 98 en 2010 pour la cuv\u00e9e Punta Esencia 2004.<\/p>\n<p class=\"p1\" style=\"text-align: justify;\">La cuv\u00e9e Neo a \u00e9t\u00e9 not\u00e9e 96 et choisie comme meilleur vin d&rsquo;Espagne par le Wine Spectator.<\/p>\n<p class=\"p1\" style=\"text-align: justify;\">Le DISCO est sans aucun doute l&rsquo;un des rapports qualit\u00e9-prix les plus int\u00e9ressants pour la Ribera del Duero.<\/p>\n<p class=\"p1\" style=\"text-align: justify;\">Curiosit\u00e9 musicale, les fondateurs, passionn\u00e9s de musique et eux-m\u00eames musiciens ont construit \u00e0 l&rsquo;int\u00e9rieur de la bodega studio d&rsquo;enregistrement.<\/p>\n<p class=\"p1\" style=\"text-align: justify;\">Ils y enregistrent les plus grandes stars de la chanson espagnole. Dans les chais de vieillissements, les barriques sont sign\u00e9es par des pointures de la pop et du rock espagnol. Le studio a \u00e9t\u00e9 con\u00e7u et r\u00e9alis\u00e9 par Philip Newell, cr\u00e9ateur de Abbey Road, et qui a travaill\u00e9 avec Pink Floyd, Mike Oldfield,etc.<\/p>\n<p class=\"p1\" style=\"text-align: justify;\">Les vins de Neo sont des vins de plaisir, expressifs, de terroir. A d\u00e9couvrir.<\/p>","protected":false},"featured_media":15195,"comment_status":"closed","ping_status":"closed","template":"","meta":{"_monsterinsights_skip_tracking":false,"_monsterinsights_sitenote_active":false,"_monsterinsights_sitenote_note":"","_monsterinsights_sitenote_category":0},"product_brand":[],"product_cat":[105,231],"product_tag":[],"class_list":{"0":"post-15189","1":"product","2":"type-product","3":"status-publish","4":"has-post-thumbnail","6":"product_cat-ribera-del-duero","7":"product_cat-gamme-espagne","9":"first","10":"instock","11":"featured","12":"shipping-taxable","13":"product-type-simple"},"aioseo_notices":[],"_links":{"self":[{"href":"https:\/\/www.b-et-c.com\/en\/wp-json\/wp\/v2\/product\/15189","targetHints":{"allow":["GET"]}}],"collection":[{"href":"https:\/\/www.b-et-c.com\/en\/wp-json\/wp\/v2\/product"}],"about":[{"href":"https:\/\/www.b-et-c.com\/en\/wp-json\/wp\/v2\/types\/product"}],"replies":[{"embeddable":true,"href":"https:\/\/www.b-et-c.com\/en\/wp-json\/wp\/v2\/comments?post=15189"}],"version-history":[{"count":2,"href":"https:\/\/www.b-et-c.com\/en\/wp-json\/wp\/v2\/product\/15189\/revisions"}],"predecessor-version":[{"id":17594,"href":"https:\/\/www.b-et-c.com\/en\/wp-json\/wp\/v2\/product\/15189\/revisions\/17594"}],"wp:featuredmedia":[{"embeddable":true,"href":"https:\/\/www.b-et-c.com\/en\/wp-json\/wp\/v2\/media\/15195"}],"wp:attachment":[{"href":"https:\/\/www.b-et-c.com\/en\/wp-json\/wp\/v2\/media?parent=15189"}],"wp:term":[{"taxonomy":"product_brand","embeddable":true,"href":"https:\/\/www.b-et-c.com\/en\/wp-json\/wp\/v2\/product_brand?post=15189"},{"taxonomy":"product_cat","embeddable":true,"href":"https:\/\/www.b-et-c.com\/en\/wp-json\/wp\/v2\/product_cat?post=15189"},{"taxonomy":"product_tag","embeddable":true,"href":"https:\/\/www.b-et-c.com\/en\/wp-json\/wp\/v2\/product_tag?post=15189"}],"curies":[{"name":"wp","href":"https:\/\/api.w.org\/{rel}","templated":true}]}}