{"id":15188,"date":"2015-10-21T17:10:26","date_gmt":"2015-10-21T16:10:26","guid":{"rendered":"http:\/\/www.b-et-c.com\/produit\/decugnano-dei-barbi\/"},"modified":"2019-10-31T16:52:35","modified_gmt":"2019-10-31T15:52:35","slug":"decugnano-dei-barbi","status":"publish","type":"product","link":"https:\/\/www.b-et-c.com\/en\/shop\/europe\/domaines-italie\/centre\/decugnano-dei-barbi\/","title":{"rendered":"Decugnano dei Barbi"},"content":{"rendered":"<p>A venir : Des Racine et des Ailes avec un reportage sur Decugnano dei Barbi pendant les vendanges.<\/p>\n<p>Pr\u00e9sentation du domaine<\/p>\n<p><iframe title=\"Decugnano dei Barbi\" width=\"500\" height=\"281\" src=\"https:\/\/www.youtube.com\/embed\/lXcBoks3cfY?feature=oembed\" frameborder=\"0\" allow=\"accelerometer; autoplay; clipboard-write; encrypted-media; gyroscope; picture-in-picture; web-share\" referrerpolicy=\"strict-origin-when-cross-origin\" allowfullscreen><\/iframe><\/p>\n<p>Interview d&rsquo;Enzo Barbi<\/p>\n<p><iframe title=\"Enzo Barbi Orvieto\" width=\"500\" height=\"281\" src=\"https:\/\/www.youtube.com\/embed\/mIzf7oK4Ox0?feature=oembed\" frameborder=\"0\" allow=\"accelerometer; autoplay; clipboard-write; encrypted-media; gyroscope; picture-in-picture; web-share\" referrerpolicy=\"strict-origin-when-cross-origin\" allowfullscreen><\/iframe><\/p>\n<p>Interview d&rsquo;Enzo Barbi<\/p>\n<p><iframe title=\"Intervista a Enzo e Claudio Barbi, Decugnano dei Barbi, Orvieto\" width=\"500\" height=\"281\" src=\"https:\/\/www.youtube.com\/embed\/wy5bTjuC6q0?feature=oembed\" frameborder=\"0\" allow=\"accelerometer; autoplay; clipboard-write; encrypted-media; gyroscope; picture-in-picture; web-share\" referrerpolicy=\"strict-origin-when-cross-origin\" allowfullscreen><\/iframe><\/p>","protected":false},"excerpt":{"rendered":"<p class=\"p1\" style=\"text-align: justify;\"><span style=\"color: #eed7fa;\">Appellations : Orvieto, Ombrie<\/span><\/p>\n<p class=\"p1\" style=\"text-align: justify;\"><b>Le terroir avant tout<\/b><\/p>\n<p class=\"p1\" style=\"text-align: justify;\">La culture des vignes de Decugnago remonte \u00e0 1212. Le domaine a \u00e9t\u00e9 fond\u00e9 par la Claudio Barbi il y a plus de 40 ans, pour y produire des vins fins, de haute qualit\u00e9 et orient\u00e9s terroirs.<\/p>\n<p class=\"p1\" style=\"text-align: justify;\">C\u2019est aujourd\u2019hui Enzo Barbi qui g\u00e8re les 32 Ha de grechetto, procanico, vermentino, sangiovese, montepulciano, etc., qui<span class=\"Apple-converted-space\">\u00a0 <\/span>sont plant\u00e9s sur des sols argilo-sablonneux riches en fossiles marins d\u2019origine organique marine du plioc\u00e8ne \u00e2g\u00e9s de 3 \u00e0 5 millions d\u2019ann\u00e9es.<\/p>\n<p class=\"p1\">Une altitude de 300 m conf\u00e9rant une ventilation id\u00e9ale, et une conduite biologique et minutieuse de la vigne permettent au domaine<span class=\"Apple-converted-space\">\u00a0 <\/span>d\u2019\u00e9laborer des magnifiques cuv\u00e9es de terroir d\u2019Orvieto blanc et d\u2019Ombrie rouge. Les vins du domaine sont expressifs, vifs et \u00e9l\u00e9gants.<\/p>\n<p class=\"p1\">Ils pr\u00e9sentent une belle salinit\u00e9 rappelant l\u2019origine fossile marine des sols.<\/p>\n<p class=\"p1\">Les vins d\u2019Enzo Barbi sont \u00e9labor\u00e9s autour du respect du terroir. On le sent d\u00e8s que l\u2019on plonge le nez dans le verre.<\/p>","protected":false},"featured_media":23439,"comment_status":"closed","ping_status":"closed","template":"","meta":{"_monsterinsights_skip_tracking":false,"_monsterinsights_sitenote_active":false,"_monsterinsights_sitenote_note":"","_monsterinsights_sitenote_category":0},"product_brand":[],"product_cat":[118,230],"product_tag":[],"class_list":{"0":"post-15188","1":"product","2":"type-product","3":"status-publish","4":"has-post-thumbnail","6":"product_cat-centre","7":"product_cat-gamme-italie","9":"first","10":"instock","11":"featured","12":"shipping-taxable","13":"product-type-simple"},"aioseo_notices":[],"_links":{"self":[{"href":"https:\/\/www.b-et-c.com\/en\/wp-json\/wp\/v2\/product\/15188","targetHints":{"allow":["GET"]}}],"collection":[{"href":"https:\/\/www.b-et-c.com\/en\/wp-json\/wp\/v2\/product"}],"about":[{"href":"https:\/\/www.b-et-c.com\/en\/wp-json\/wp\/v2\/types\/product"}],"replies":[{"embeddable":true,"href":"https:\/\/www.b-et-c.com\/en\/wp-json\/wp\/v2\/comments?post=15188"}],"version-history":[{"count":2,"href":"https:\/\/www.b-et-c.com\/en\/wp-json\/wp\/v2\/product\/15188\/revisions"}],"predecessor-version":[{"id":17601,"href":"https:\/\/www.b-et-c.com\/en\/wp-json\/wp\/v2\/product\/15188\/revisions\/17601"}],"wp:featuredmedia":[{"embeddable":true,"href":"https:\/\/www.b-et-c.com\/en\/wp-json\/wp\/v2\/media\/23439"}],"wp:attachment":[{"href":"https:\/\/www.b-et-c.com\/en\/wp-json\/wp\/v2\/media?parent=15188"}],"wp:term":[{"taxonomy":"product_brand","embeddable":true,"href":"https:\/\/www.b-et-c.com\/en\/wp-json\/wp\/v2\/product_brand?post=15188"},{"taxonomy":"product_cat","embeddable":true,"href":"https:\/\/www.b-et-c.com\/en\/wp-json\/wp\/v2\/product_cat?post=15188"},{"taxonomy":"product_tag","embeddable":true,"href":"https:\/\/www.b-et-c.com\/en\/wp-json\/wp\/v2\/product_tag?post=15188"}],"curies":[{"name":"wp","href":"https:\/\/api.w.org\/{rel}","templated":true}]}}