{"id":15169,"date":"2015-10-21T15:59:43","date_gmt":"2015-10-21T14:59:43","guid":{"rendered":"http:\/\/www.b-et-c.com\/produit\/sumarroca\/"},"modified":"2019-11-21T15:28:21","modified_gmt":"2019-11-21T14:28:21","slug":"sumarroca","status":"publish","type":"product","link":"https:\/\/www.b-et-c.com\/en\/shop\/europe\/domaines-espagne\/catalogne\/sumarroca\/","title":{"rendered":"Sumarroca"},"content":{"rendered":"<p>Pr\u00e9sentation de Sumarroca<\/p>\n<p><a href=\"https:\/\/www.youtube.com\/watch?v=mAnFsXqCz4I&#038;feature=youtu.be\">https:\/\/www.youtube.com\/watch?v=mAnFsXqCz4I&amp;feature=youtu.be<\/a><\/p>\n<p>Fiesta Sumarroca, Hola Club \u00e0 Sitges<\/p>\n<p>https:\/\/www.youtube.com\/watch?v=3SQYCx4-YHM<\/p>","protected":false},"excerpt":{"rendered":"<p class=\"p1\" style=\"text-align: justify;\"><span style=\"color: #eed7fa;\">Appellation : Cava<\/span><\/p>\n<p class=\"p1\" style=\"text-align: justify;\"><b>Une l\u00e9gende dans le monde du Cava <\/b><\/p>\n<p class=\"p1\" style=\"text-align: justify;\">Situ\u00e9e au c\u0153ur du Pened\u00e8s, r\u00e9gion embl\u00e9matique de l&rsquo;appellation CAVA, vins blancs effervescents de m\u00e9thode traditionnelle, la propri\u00e9t\u00e9 est\u00a0 plant\u00e9e essentiellement de Parellada, Chardonnay, pinot noir, Xarello, et Macabeo.<\/p>\n<p class=\"p1\" style=\"text-align: justify;\">Sumarroca est r\u00e9put\u00e9e dans le monde entier comme l&rsquo;une des bodegas qui \u00e9labore le meilleur cava d&rsquo;Espagne.<\/p>\n<p class=\"p1\" style=\"text-align: justify;\">Les effervescents de Sumarroca sont particuli\u00e8rement \u00e9l\u00e9gants et parmi les plus r\u00e9put\u00e9s mondialement. Ils pr\u00e9sentent de plus un rapport qualit\u00e9 prix extraordinaire.<\/p>\n<p class=\"p1\" style=\"text-align: justify;\">La bodega travaille ces c\u00e9pages et les vinifications de ses cavas selon la m\u00e9thode traditionnelle champenoise.<\/p>\n<p class=\"p1\" style=\"text-align: justify;\">La particularit\u00e9 des sols du domaine est d&rsquo;\u00eatre de type argilo-calcaire, favorisant l&rsquo;\u00e9laboration des meilleurs cavas.<\/p>\n<p class=\"p1\" style=\"text-align: justify;\">Un soin extr\u00eame est apport\u00e9 \u00e0 la culture de la vigne.<\/p>\n<p class=\"p1\" style=\"text-align: justify;\">Les cavas de Sumarroca sont juteux, fins et complexes. Un r\u00e9gal \u00e0 d\u00e9couvrir absolument.<\/p>","protected":false},"featured_media":15500,"comment_status":"closed","ping_status":"closed","template":"","meta":{"_monsterinsights_skip_tracking":false,"_monsterinsights_sitenote_active":false,"_monsterinsights_sitenote_note":"","_monsterinsights_sitenote_category":0},"product_brand":[],"product_cat":[111,231],"product_tag":[],"class_list":{"0":"post-15169","1":"product","2":"type-product","3":"status-publish","4":"has-post-thumbnail","6":"product_cat-catalogne","7":"product_cat-gamme-espagne","9":"first","10":"instock","11":"featured","12":"shipping-taxable","13":"product-type-simple"},"aioseo_notices":[],"_links":{"self":[{"href":"https:\/\/www.b-et-c.com\/en\/wp-json\/wp\/v2\/product\/15169","targetHints":{"allow":["GET"]}}],"collection":[{"href":"https:\/\/www.b-et-c.com\/en\/wp-json\/wp\/v2\/product"}],"about":[{"href":"https:\/\/www.b-et-c.com\/en\/wp-json\/wp\/v2\/types\/product"}],"replies":[{"embeddable":true,"href":"https:\/\/www.b-et-c.com\/en\/wp-json\/wp\/v2\/comments?post=15169"}],"version-history":[{"count":3,"href":"https:\/\/www.b-et-c.com\/en\/wp-json\/wp\/v2\/product\/15169\/revisions"}],"predecessor-version":[{"id":24464,"href":"https:\/\/www.b-et-c.com\/en\/wp-json\/wp\/v2\/product\/15169\/revisions\/24464"}],"wp:featuredmedia":[{"embeddable":true,"href":"https:\/\/www.b-et-c.com\/en\/wp-json\/wp\/v2\/media\/15500"}],"wp:attachment":[{"href":"https:\/\/www.b-et-c.com\/en\/wp-json\/wp\/v2\/media?parent=15169"}],"wp:term":[{"taxonomy":"product_brand","embeddable":true,"href":"https:\/\/www.b-et-c.com\/en\/wp-json\/wp\/v2\/product_brand?post=15169"},{"taxonomy":"product_cat","embeddable":true,"href":"https:\/\/www.b-et-c.com\/en\/wp-json\/wp\/v2\/product_cat?post=15169"},{"taxonomy":"product_tag","embeddable":true,"href":"https:\/\/www.b-et-c.com\/en\/wp-json\/wp\/v2\/product_tag?post=15169"}],"curies":[{"name":"wp","href":"https:\/\/api.w.org\/{rel}","templated":true}]}}