{"id":15158,"date":"2015-10-21T15:44:56","date_gmt":"2015-10-21T14:44:56","guid":{"rendered":"http:\/\/www.b-et-c.com\/produit\/grandes-vinos-y-vinedos\/"},"modified":"2019-07-01T09:12:59","modified_gmt":"2019-07-01T08:12:59","slug":"grandes-vinos-y-vinedos","status":"publish","type":"product","link":"https:\/\/www.b-et-c.com\/en\/shop\/europe\/domaines-espagne\/aragon\/grandes-vinos-y-vinedos\/","title":{"rendered":"Grandes Vinos y Vi\u00f1edos"},"content":{"rendered":"<p>Pr\u00e9sentation USA de Beso de Vino<\/p>\n<p><iframe title=\"Beso de Vino - Fairgrounds Wine and Spirits Video\" width=\"500\" height=\"375\" src=\"https:\/\/www.youtube.com\/embed\/28r3Mh39Afk?feature=oembed\" frameborder=\"0\" allow=\"accelerometer; autoplay; clipboard-write; encrypted-media; gyroscope; picture-in-picture; web-share\" referrerpolicy=\"strict-origin-when-cross-origin\" allowfullscreen><\/iframe><\/p>\n<p>D\u00e9gustation de Beso de Vino par James the Wine Guy<\/p>\n<p><iframe title=\"Beso di Vino Cari\u00f1ena Garnacha 91 Points &#039;14\" width=\"500\" height=\"281\" src=\"https:\/\/www.youtube.com\/embed\/jJ75nnBNEPY?feature=oembed\" frameborder=\"0\" allow=\"accelerometer; autoplay; clipboard-write; encrypted-media; gyroscope; picture-in-picture; web-share\" referrerpolicy=\"strict-origin-when-cross-origin\" allowfullscreen><\/iframe><\/p>\n<p>Pr\u00e9sentation US Beso de Vino Tinto Selecci\u00f3n et Blanco<\/p>\n<p><iframe title=\"Mermaid Tipsy Tale with Jill Ditmire | Beso de Vino Wines from Spain\" width=\"500\" height=\"281\" src=\"https:\/\/www.youtube.com\/embed\/aW4XRZZyT1g?feature=oembed\" frameborder=\"0\" allow=\"accelerometer; autoplay; clipboard-write; encrypted-media; gyroscope; picture-in-picture; web-share\" referrerpolicy=\"strict-origin-when-cross-origin\" allowfullscreen><\/iframe><\/p>","protected":false},"excerpt":{"rendered":"<p class=\"p1\" style=\"text-align: justify;\"><span style=\"color: #eed7fa;\">Appellation : Cari\u00f1ena<\/span><\/p>\n<p class=\"p1\" style=\"text-align: justify;\"><b>Les cr\u00e9ateur de Beso de Vino<\/b><\/p>\n<p class=\"p1\" style=\"text-align: justify;\">La Bodega Grandes Vinos y Vi\u00f1edos a \u00e9t\u00e9 cr\u00e9\u00e9e en 1997 par l&rsquo;association de 5 groupes de vignerons de l&rsquo;appellation Cari\u00f1ena, qui ont investi dans une bodega alliant tradition ancestrale et techniques de vinification modernes. Le ma\u00eetre mot du domaine est la qualit\u00e9.<\/p>\n<p class=\"p1\" style=\"text-align: justify;\">Les vignes du domaine sont situ\u00e9es au creux des vall\u00e9es des montagnes Algair\u00e9n et Pecos, entre 320 et 850 m d&rsquo;altitude.<\/p>\n<p class=\"p1\" style=\"text-align: justify;\">Les sols sont pauvres et pierreux aux pieds des montagnes et limoneux sur les plaines. Le climat est de type continental avec une temp\u00e9rature moyenne annuelle de 14,4\u00baC et des pr\u00e9cipitations annuelles de 435mm (mai et juin \u00e9tant les mois les plus pluvieux). L\u2019\u00e2ge moyen des vignes du domaine est de 30 ans. 30% environ des vignes sont \u00e2g\u00e9es de plus de 40 ans.<\/p>\n<p class=\"p1\" style=\"text-align: justify;\">L&rsquo;\u0153nologue chilien Marcelo Morales dirige de main de ma\u00eetre les vinifications et produit des vins de caract\u00e8re refl\u00e9tant \u00a0la typicit\u00e9 de la r\u00e9gion, tout en conservant un fruit gourmand et frais.<\/p>\n<p class=\"p1\" style=\"text-align: justify;\">La gamme Beso de Vino est impressionnante de typicit\u00e9 et de qualit\u00e9 pour un prix exceptionnel.<\/p>\n<p class=\"p1\" style=\"text-align: justify;\">Robert Parker lui-m\u00eame dit que les prix du domaine sont <b>\u00ab\u00a0un choc, tellement le vin est bon !\u00a0\u00bb<\/b>.<\/p>\n<p class=\"p1\">","protected":false},"featured_media":15168,"comment_status":"closed","ping_status":"closed","template":"","meta":{"_monsterinsights_skip_tracking":false,"_monsterinsights_sitenote_active":false,"_monsterinsights_sitenote_note":"","_monsterinsights_sitenote_category":0},"product_brand":[],"product_cat":[121,231],"product_tag":[],"class_list":{"0":"post-15158","1":"product","2":"type-product","3":"status-publish","4":"has-post-thumbnail","6":"product_cat-aragon","7":"product_cat-gamme-espagne","9":"first","10":"instock","11":"featured","12":"shipping-taxable","13":"product-type-simple"},"aioseo_notices":[],"_links":{"self":[{"href":"https:\/\/www.b-et-c.com\/en\/wp-json\/wp\/v2\/product\/15158","targetHints":{"allow":["GET"]}}],"collection":[{"href":"https:\/\/www.b-et-c.com\/en\/wp-json\/wp\/v2\/product"}],"about":[{"href":"https:\/\/www.b-et-c.com\/en\/wp-json\/wp\/v2\/types\/product"}],"replies":[{"embeddable":true,"href":"https:\/\/www.b-et-c.com\/en\/wp-json\/wp\/v2\/comments?post=15158"}],"version-history":[{"count":2,"href":"https:\/\/www.b-et-c.com\/en\/wp-json\/wp\/v2\/product\/15158\/revisions"}],"predecessor-version":[{"id":17587,"href":"https:\/\/www.b-et-c.com\/en\/wp-json\/wp\/v2\/product\/15158\/revisions\/17587"}],"wp:featuredmedia":[{"embeddable":true,"href":"https:\/\/www.b-et-c.com\/en\/wp-json\/wp\/v2\/media\/15168"}],"wp:attachment":[{"href":"https:\/\/www.b-et-c.com\/en\/wp-json\/wp\/v2\/media?parent=15158"}],"wp:term":[{"taxonomy":"product_brand","embeddable":true,"href":"https:\/\/www.b-et-c.com\/en\/wp-json\/wp\/v2\/product_brand?post=15158"},{"taxonomy":"product_cat","embeddable":true,"href":"https:\/\/www.b-et-c.com\/en\/wp-json\/wp\/v2\/product_cat?post=15158"},{"taxonomy":"product_tag","embeddable":true,"href":"https:\/\/www.b-et-c.com\/en\/wp-json\/wp\/v2\/product_tag?post=15158"}],"curies":[{"name":"wp","href":"https:\/\/api.w.org\/{rel}","templated":true}]}}