{"id":15124,"date":"2015-10-21T11:20:15","date_gmt":"2015-10-21T10:20:15","guid":{"rendered":"http:\/\/www.b-et-c.com\/produit\/mustiguillo\/"},"modified":"2019-07-01T09:13:53","modified_gmt":"2019-07-01T08:13:53","slug":"mustiguillo","status":"publish","type":"product","link":"https:\/\/www.b-et-c.com\/en\/shop\/europe\/domaines-espagne\/gamme-espagne\/mustiguillo\/","title":{"rendered":"Mustiguillo"},"content":{"rendered":"<p>Interview de Toni Sari\u00f3n<\/p>\n<p><iframe title=\"Bodegas Mustiguillo\" width=\"500\" height=\"375\" src=\"https:\/\/www.youtube.com\/embed\/doiEySSDlvs?feature=oembed\" frameborder=\"0\" allow=\"accelerometer; autoplay; clipboard-write; encrypted-media; gyroscope; picture-in-picture; web-share\" referrerpolicy=\"strict-origin-when-cross-origin\" allowfullscreen><\/iframe><\/p>\n<p>Taille de la vigne en gobelet chez Mustiguillo par Toni Sari\u00f3n<\/p>\n<p><iframe title=\"RESUMEN VIDEOS PODA VASO MUSTIGUILLO.avi\" width=\"500\" height=\"375\" src=\"https:\/\/www.youtube.com\/embed\/ACIhChgniO8?feature=oembed\" frameborder=\"0\" allow=\"accelerometer; autoplay; clipboard-write; encrypted-media; gyroscope; picture-in-picture; web-share\" referrerpolicy=\"strict-origin-when-cross-origin\" allowfullscreen><\/iframe><\/p>\n<p>Bienvenue chez Mustiguillo<\/p>\n<p><iframe title=\"video welcome bodega mustiguillo.MOV\" width=\"500\" height=\"281\" src=\"https:\/\/www.youtube.com\/embed\/BlLVYQURpQs?feature=oembed\" frameborder=\"0\" allow=\"accelerometer; autoplay; clipboard-write; encrypted-media; gyroscope; picture-in-picture; web-share\" referrerpolicy=\"strict-origin-when-cross-origin\" allowfullscreen><\/iframe><\/p>\n<p>Mustiguillo, Grandes Pagos de Espa\u00f1a<\/p>\n<p><iframe title=\"X ANIVERSARIO GPE MUSTIGUILLO\" width=\"500\" height=\"281\" src=\"https:\/\/www.youtube.com\/embed\/BcSRqVZuVIs?feature=oembed\" frameborder=\"0\" allow=\"accelerometer; autoplay; clipboard-write; encrypted-media; gyroscope; picture-in-picture; web-share\" referrerpolicy=\"strict-origin-when-cross-origin\" allowfullscreen><\/iframe><\/p>","protected":false},"excerpt":{"rendered":"<p class=\"p1\" style=\"text-align: justify;\"><span style=\"color: #eed7fa;\">Appellation : Terrerazo<\/span><\/p>\n<p class=\"p1\" style=\"text-align: justify;\"><b>Le p\u00e8re du c\u00e9page Bobal, un des 100 meilleurs domaines au monde (Wine and Spirits USA).<\/b><\/p>\n<p class=\"p1\" style=\"text-align: justify;\">Situ\u00e9 sur altiplano valencien \u00e0 800 m d&rsquo;altitude \u00e0 environ 100 km de la mer en partant de Valencia, le terroir fabuleux de Mustiguillo jouit d&rsquo;une appellation \u00e0 lui tout seul : l&rsquo;appellation Terrerazo, pr\u00e8s d&rsquo;Utiel Requena.<\/p>\n<p class=\"p1\" style=\"text-align: justify;\">Mustiguillo fait partie du club tr\u00e8s ferm\u00e9 des \u00ab\u00a0grands terroirs\u00a0\u00bb espagnols, d\u00e9nomm\u00e9s \u00ab\u00a0Grandes Pagos de Espa\u00f1a\u00a0\u00bb avec Aalto et Mas Doix.<\/p>\n<p class=\"p1\" style=\"text-align: justify;\">L&rsquo;appellation est constitu\u00e9e d&rsquo;une seule et m\u00eame parcelle de 89 Ha autour du domaine extraordinaire de Toni Sarri\u00f3n.<\/p>\n<p class=\"p1\" style=\"text-align: justify;\">Les sols, orient\u00e9s Nord-Sud, sont de type franco-sablonneux et argileux, avec des apports importants en s\u00e9diments, sur un sous sol calcaire poreux affleurant \u00e0 moins d&rsquo;un m\u00e8tre de profondeur et qui marque fortement le caract\u00e8res des vins du domaine.<\/p>\n<p class=\"p1\" style=\"text-align: justify;\">Le climat est de type m\u00e9diterran\u00e9en avec une grande influence continentale, sur lequel les vents jouent un r\u00f4le pr\u00e9pond\u00e9rant. Le vent doux venu de m\u00e9diterran\u00e9e apporte fra\u00eecheur et humidit\u00e9 la nuit, tandis que les vents venus du plateau de la Mancha sont plus chauds et ass\u00e8chent la vigne.<\/p>\n<p class=\"p1\" style=\"text-align: justify;\">En ao\u00fbt et en septembre, l&rsquo;amplitude thermique entre le jour et la nuit atteint fr\u00e9quemment les 25\u00ba.<\/p>\n<p class=\"p1\" style=\"text-align: justify;\">La v\u00e9g\u00e9tation regorge de plantes aromatiques (thym, romarin, etc.) ainsi que de pins maritimes, d&rsquo;oliviers et autres amandiers.<\/p>\n<p class=\"p1\" style=\"text-align: justify;\">Toni Sarri\u00f3n, propri\u00e9taire du domaine, est consid\u00e9r\u00e9 comme le p\u00e8re de la renaissance du c\u00e9page autochtone, le Bobal. Il lui a redonn\u00e9 ses lettres de noblesse au fil d&rsquo;un long travail passionn\u00e9 sur des dizaines d&rsquo;ann\u00e9es, en menant de plus une culture 100% organique.<\/p>\n<p class=\"p1\" style=\"text-align: justify;\">Il a hiss\u00e9 aujourd&rsquo;hui le domaine au niveau de l&rsquo;un des \u00a0100 meilleurs domaines au monde selon Wine and Spirits (USA).<\/p>","protected":false},"featured_media":15146,"comment_status":"closed","ping_status":"closed","template":"","meta":{"_monsterinsights_skip_tracking":false,"_monsterinsights_sitenote_active":false,"_monsterinsights_sitenote_note":"","_monsterinsights_sitenote_category":0},"product_brand":[],"product_cat":[231,115],"product_tag":[],"class_list":{"0":"post-15124","1":"product","2":"type-product","3":"status-publish","4":"has-post-thumbnail","6":"product_cat-gamme-espagne","7":"product_cat-valence","9":"first","10":"instock","11":"featured","12":"shipping-taxable","13":"product-type-simple"},"aioseo_notices":[],"_links":{"self":[{"href":"https:\/\/www.b-et-c.com\/en\/wp-json\/wp\/v2\/product\/15124","targetHints":{"allow":["GET"]}}],"collection":[{"href":"https:\/\/www.b-et-c.com\/en\/wp-json\/wp\/v2\/product"}],"about":[{"href":"https:\/\/www.b-et-c.com\/en\/wp-json\/wp\/v2\/types\/product"}],"replies":[{"embeddable":true,"href":"https:\/\/www.b-et-c.com\/en\/wp-json\/wp\/v2\/comments?post=15124"}],"version-history":[{"count":2,"href":"https:\/\/www.b-et-c.com\/en\/wp-json\/wp\/v2\/product\/15124\/revisions"}],"predecessor-version":[{"id":17598,"href":"https:\/\/www.b-et-c.com\/en\/wp-json\/wp\/v2\/product\/15124\/revisions\/17598"}],"wp:featuredmedia":[{"embeddable":true,"href":"https:\/\/www.b-et-c.com\/en\/wp-json\/wp\/v2\/media\/15146"}],"wp:attachment":[{"href":"https:\/\/www.b-et-c.com\/en\/wp-json\/wp\/v2\/media?parent=15124"}],"wp:term":[{"taxonomy":"product_brand","embeddable":true,"href":"https:\/\/www.b-et-c.com\/en\/wp-json\/wp\/v2\/product_brand?post=15124"},{"taxonomy":"product_cat","embeddable":true,"href":"https:\/\/www.b-et-c.com\/en\/wp-json\/wp\/v2\/product_cat?post=15124"},{"taxonomy":"product_tag","embeddable":true,"href":"https:\/\/www.b-et-c.com\/en\/wp-json\/wp\/v2\/product_tag?post=15124"}],"curies":[{"name":"wp","href":"https:\/\/api.w.org\/{rel}","templated":true}]}}