{"id":15087,"date":"2015-10-21T10:25:33","date_gmt":"2015-10-21T09:25:33","guid":{"rendered":"http:\/\/www.b-et-c.com\/produit\/elias-mora\/"},"modified":"2019-07-01T09:13:48","modified_gmt":"2019-07-01T08:13:48","slug":"elias-mora","status":"publish","type":"product","link":"https:\/\/www.b-et-c.com\/en\/shop\/europe\/domaines-espagne\/toro\/elias-mora\/","title":{"rendered":"Elias Mora"},"content":{"rendered":"<p>D\u00e9gustation de la cuv\u00e9e\u00a0Vi\u00f1as\u00a0chez Elias Mora<\/p>\n<p><iframe title=\"Vendimia en la Bodega Elias Mora\" width=\"500\" height=\"375\" src=\"https:\/\/www.youtube.com\/embed\/WdqMxjl8WWk?list=PLZrPGUCy9Qt2HrSuc--SQnvU3b0y4XYAp\" frameborder=\"0\" allow=\"accelerometer; autoplay; clipboard-write; encrypted-media; gyroscope; picture-in-picture; web-share\" referrerpolicy=\"strict-origin-when-cross-origin\" allowfullscreen><\/iframe><\/p>\n<p>Pr\u00e9sentation du domaine<\/p>\n<p><iframe title=\"VIDEO PRESENTACI\u00d3N VA DE BACO.wmv\" width=\"500\" height=\"375\" src=\"https:\/\/www.youtube.com\/embed\/oduTdJ3C544?feature=oembed\" frameborder=\"0\" allow=\"accelerometer; autoplay; clipboard-write; encrypted-media; gyroscope; picture-in-picture; web-share\" referrerpolicy=\"strict-origin-when-cross-origin\" allowfullscreen><\/iframe><\/p>\n<p>Reportage sur Elias Mora<\/p>\n<p>&nbsp;<\/p>","protected":false},"excerpt":{"rendered":"<p class=\"p1\" style=\"text-align: justify;\"><span style=\"color: #eed7fa;\">Appellation : Toro<\/span><\/p>\n<p class=\"p1\" style=\"text-align: justify;\"><b>L\u2019immense Toro, par Viki Benavides, \u201cr\u00e9miniscence de nos Premiers Crus Class\u00e9s\u201d, R. Parker.<\/b><\/p>\n<p class=\"p1\" style=\"text-align: justify;\">C\u2019est en 2000 que Victoria Benavides reprend la Bodega Elias Mora, apr\u00e8s avoir cr\u00e9\u00e9 auparavant la Bodega Jos\u00e9 Pariente dans la Rueda voisine.<\/p>\n<p class=\"p1\" style=\"text-align: justify;\">Accompagn\u00e9e par une \u00e9quipe jeune et fortement f\u00e9minis\u00e9e (Vanessa P\u00e9rez l\u2019assiste dans sa t\u00e2che d\u2019oenologue au quotidien), elle a men\u00e9 de main de ma\u00eetre le domaine au meilleur niveau international, gr\u00e2ce \u00e0 une sensibilit\u00e9<span class=\"Apple-converted-space\">\u00a0 <\/span>et un respect du c\u00e9page autochtone, la tinta de Toro, et du terroir hors du commun.<\/p>\n<p class=\"p1\" style=\"text-align: justify;\">Situ\u00e9 entre les cours d\u2019eau du Ruero et de l\u2019Hornija, le vignoble est compos\u00e9 de sols de graves en surfaces, pos\u00e9es sur du calcaire brun, et pauvres en mati\u00e8res organiques, ce qui permet un d\u00e9veloppement vigoureux des ceps et oblige les racines \u00e0 aller chercher l\u2019eau en profondeur.\u00a0L\u2019extr\u00eame continentalit\u00e9 du climat, alli\u00e9e au d\u00e9ficit de pluie et \u00e0 l\u2019altitude du vignoble (800 m en moyenne), permet \u00e0 la Tinta de Toro d\u2019y trouver le meilleur \u00e9quiibre possible.<\/p>\n<p class=\"p1\" style=\"text-align: justify;\">Le travail extr\u00eamement respectueux de Victoria et Vanessa dans la vigne en pied franc (la Tinta de Toro n\u2019a pas souffert du phyllox\u00e9ra au si\u00e8cle dernier) permet l\u2019expression maximale de tout le potentiel du terroir de Toro.\u00a0Les grands vins D\u2019Elias Mora sont \u00e9l\u00e9gants, opulents, puissants et g\u00e9n\u00e9reux. Selon R. Parker, ils pr\u00e9sentent des r\u00e9miniscences de nos Premiers Crus Class\u00e9s de Bordeaux.<\/p>\n<p class=\"p1\" style=\"text-align: justify;\">Les vins d\u2019Elias Mora sont recherch\u00e9s dans le monde entier et acclam\u00e9s par la presse internationale.<\/p>","protected":false},"featured_media":15095,"comment_status":"closed","ping_status":"closed","template":"","meta":{"_monsterinsights_skip_tracking":false,"_monsterinsights_sitenote_active":false,"_monsterinsights_sitenote_note":"","_monsterinsights_sitenote_category":0},"product_brand":[],"product_cat":[109,231],"product_tag":[],"class_list":{"0":"post-15087","1":"product","2":"type-product","3":"status-publish","4":"has-post-thumbnail","6":"product_cat-toro","7":"product_cat-gamme-espagne","9":"first","10":"instock","11":"featured","12":"shipping-taxable","13":"product-type-simple"},"aioseo_notices":[],"_links":{"self":[{"href":"https:\/\/www.b-et-c.com\/en\/wp-json\/wp\/v2\/product\/15087","targetHints":{"allow":["GET"]}}],"collection":[{"href":"https:\/\/www.b-et-c.com\/en\/wp-json\/wp\/v2\/product"}],"about":[{"href":"https:\/\/www.b-et-c.com\/en\/wp-json\/wp\/v2\/types\/product"}],"replies":[{"embeddable":true,"href":"https:\/\/www.b-et-c.com\/en\/wp-json\/wp\/v2\/comments?post=15087"}],"version-history":[{"count":3,"href":"https:\/\/www.b-et-c.com\/en\/wp-json\/wp\/v2\/product\/15087\/revisions"}],"predecessor-version":[{"id":17597,"href":"https:\/\/www.b-et-c.com\/en\/wp-json\/wp\/v2\/product\/15087\/revisions\/17597"}],"wp:featuredmedia":[{"embeddable":true,"href":"https:\/\/www.b-et-c.com\/en\/wp-json\/wp\/v2\/media\/15095"}],"wp:attachment":[{"href":"https:\/\/www.b-et-c.com\/en\/wp-json\/wp\/v2\/media?parent=15087"}],"wp:term":[{"taxonomy":"product_brand","embeddable":true,"href":"https:\/\/www.b-et-c.com\/en\/wp-json\/wp\/v2\/product_brand?post=15087"},{"taxonomy":"product_cat","embeddable":true,"href":"https:\/\/www.b-et-c.com\/en\/wp-json\/wp\/v2\/product_cat?post=15087"},{"taxonomy":"product_tag","embeddable":true,"href":"https:\/\/www.b-et-c.com\/en\/wp-json\/wp\/v2\/product_tag?post=15087"}],"curies":[{"name":"wp","href":"https:\/\/api.w.org\/{rel}","templated":true}]}}