{"id":15077,"date":"2015-10-21T10:16:52","date_gmt":"2015-10-21T09:16:52","guid":{"rendered":"http:\/\/www.b-et-c.com\/produit\/barahonda\/"},"modified":"2019-07-01T09:13:59","modified_gmt":"2019-07-01T08:13:59","slug":"barahonda","status":"publish","type":"product","link":"https:\/\/www.b-et-c.com\/en\/shop\/europe\/domaines-espagne\/gamme-espagne\/barahonda\/","title":{"rendered":"Barahonda"},"content":{"rendered":"<p>Vendanges 2015 sur la parcelle Campo Arriba<\/p>\n<p><iframe title=\"Barahonda | Vendimia 2015\" width=\"500\" height=\"281\" src=\"https:\/\/www.youtube.com\/embed\/nP-3CRhRXeM?feature=oembed\" frameborder=\"0\" allow=\"accelerometer; autoplay; clipboard-write; encrypted-media; gyroscope; picture-in-picture; web-share\" referrerpolicy=\"strict-origin-when-cross-origin\" allowfullscreen><\/iframe><\/p>\n<p>Les vignes de monastrell 4 mois avant les vendanges, en mai 2015<\/p>\n<p><iframe title=\"Vi\u00f1edos Barahonda Mayo 2015\" width=\"500\" height=\"281\" src=\"https:\/\/www.youtube.com\/embed\/QXRo-oOcz-s?feature=oembed\" frameborder=\"0\" allow=\"accelerometer; autoplay; clipboard-write; encrypted-media; gyroscope; picture-in-picture; web-share\" referrerpolicy=\"strict-origin-when-cross-origin\" allowfullscreen><\/iframe><\/p>\n<p>Organic, le nouveau vin bio de Barahonda<\/p>\n<p><iframe title=\"Barahonda Organic | Vino Ecol\u00f3gico de Bodegas Barahonda .\" width=\"500\" height=\"281\" src=\"https:\/\/www.youtube.com\/embed\/lwNtp6HrqZU?feature=oembed\" frameborder=\"0\" allow=\"accelerometer; autoplay; clipboard-write; encrypted-media; gyroscope; picture-in-picture; web-share\" referrerpolicy=\"strict-origin-when-cross-origin\" allowfullscreen><\/iframe><\/p>\n<p>&nbsp;<\/p>","protected":false},"excerpt":{"rendered":"<p class=\"p1\" style=\"text-align: justify;\"><span style=\"color: #eed7fa;\">Appellation : Yecla<\/span><\/p>\n<p class=\"p1\" style=\"text-align: justify;\"><b>Une grande bodega avec une grande histoire. Des mourv\u00e8dres spectaculaires\u00a0!<\/b><\/p>\n<p class=\"p1\" style=\"text-align: justify;\">La bodega a \u00e9t\u00e9 fond\u00e9e en 1925 par Pedro Candela. Depuis, elle est toujours rest\u00e9e dans la m\u00eame famille et elle est aujourd\u2019hui men\u00e9e par les deux fr\u00e8res<span class=\"Apple-converted-space\">\u00a0 <\/span>Antonio et Alfredo Candela.<\/p>\n<p class=\"p1\" style=\"text-align: justify;\">La bodega s\u2019est toujours illustr\u00e9e par l\u2019\u00e9l\u00e9gance de son travail sur des c\u00e9pages comme le mourv\u00e8dre. C\u2019est d\u2019ailleurs l\u2019une des seules bodegas au monde capables de produire 6 cuv\u00e9es not\u00e9es au dessus de 90 par R. Parker la m\u00eame ann\u00e9e, en maintenant des prix tr\u00e8s accessibles pour le grand public.<\/p>\n<p class=\"p1\" style=\"text-align: justify;\">Le vignoble de la bodega est plant\u00e9 essentiellement en Mourv\u00e8dre, mais aussi en Syrah, Cabernet Sauvignon, Petit Verdot, Tempranillo, Merlot, Macabeu et Air\u00e9n. Le climat environnant est de type continental.<\/p>\n<p class=\"p1\" style=\"text-align: justify;\">Les sols<span class=\"Apple-converted-space\">\u00a0 <\/span>sont compos\u00e9s de calcaire, d\u2019argile et de sable en proportions variables selon les zones du vignoble, qui se situent entre les altitudes de 600 et de 800 m\u00e8tres au-dessus du niveau de la mer. Le climat autour de la bodega subit des variations thermiques d\u2019une grande amplitude entre le jour et la nuit en \u00e9t\u00e9, permettant ainsi l\u2019\u00e9panouissement de plusieurs facteurs de qualit\u00e9 (acidit\u00e9, maturit\u00e9, etc.).<\/p>\n<p class=\"p1\" style=\"text-align: justify;\">Conduites de main de ma\u00eetre par la brillante oenologue Araceli Gonz\u00e1lez, pionni\u00e8re dans la r\u00e9gion de Yecla, les vinifications<span class=\"Apple-converted-space\">\u00a0 <\/span>donnent naissance \u00e0 des vins tr\u00e8s personnels, dans un style \u00e0 la fois moderne, frais et vif et se combinant en parfaite harmonie avec une certaine note classique tr\u00e8s s\u00e9duisante. Des grands vins \u00e0 d\u00e9couvrir.<\/p>","protected":false},"featured_media":15493,"comment_status":"closed","ping_status":"closed","template":"","meta":{"_monsterinsights_skip_tracking":false,"_monsterinsights_sitenote_active":false,"_monsterinsights_sitenote_note":"","_monsterinsights_sitenote_category":0},"product_brand":[],"product_cat":[231,108],"product_tag":[],"class_list":{"0":"post-15077","1":"product","2":"type-product","3":"status-publish","4":"has-post-thumbnail","6":"product_cat-gamme-espagne","7":"product_cat-yecla","9":"first","10":"instock","11":"featured","12":"shipping-taxable","13":"product-type-simple"},"aioseo_notices":[],"_links":{"self":[{"href":"https:\/\/www.b-et-c.com\/en\/wp-json\/wp\/v2\/product\/15077","targetHints":{"allow":["GET"]}}],"collection":[{"href":"https:\/\/www.b-et-c.com\/en\/wp-json\/wp\/v2\/product"}],"about":[{"href":"https:\/\/www.b-et-c.com\/en\/wp-json\/wp\/v2\/types\/product"}],"replies":[{"embeddable":true,"href":"https:\/\/www.b-et-c.com\/en\/wp-json\/wp\/v2\/comments?post=15077"}],"version-history":[{"count":2,"href":"https:\/\/www.b-et-c.com\/en\/wp-json\/wp\/v2\/product\/15077\/revisions"}],"predecessor-version":[{"id":17599,"href":"https:\/\/www.b-et-c.com\/en\/wp-json\/wp\/v2\/product\/15077\/revisions\/17599"}],"wp:featuredmedia":[{"embeddable":true,"href":"https:\/\/www.b-et-c.com\/en\/wp-json\/wp\/v2\/media\/15493"}],"wp:attachment":[{"href":"https:\/\/www.b-et-c.com\/en\/wp-json\/wp\/v2\/media?parent=15077"}],"wp:term":[{"taxonomy":"product_brand","embeddable":true,"href":"https:\/\/www.b-et-c.com\/en\/wp-json\/wp\/v2\/product_brand?post=15077"},{"taxonomy":"product_cat","embeddable":true,"href":"https:\/\/www.b-et-c.com\/en\/wp-json\/wp\/v2\/product_cat?post=15077"},{"taxonomy":"product_tag","embeddable":true,"href":"https:\/\/www.b-et-c.com\/en\/wp-json\/wp\/v2\/product_tag?post=15077"}],"curies":[{"name":"wp","href":"https:\/\/api.w.org\/{rel}","templated":true}]}}