{"id":15066,"date":"2015-10-21T10:05:22","date_gmt":"2015-10-21T09:05:22","guid":{"rendered":"http:\/\/www.b-et-c.com\/produit\/vina-magana\/"},"modified":"2019-07-01T09:13:16","modified_gmt":"2019-07-01T08:13:16","slug":"vina-magana","status":"publish","type":"product","link":"https:\/\/www.b-et-c.com\/en\/shop\/europe\/domaines-espagne\/navarre\/vina-magana\/","title":{"rendered":"Vi\u00f1a Maga\u00f1a"},"content":{"rendered":"","protected":false},"excerpt":{"rendered":"<p class=\"p1\" style=\"text-align: justify;\"><span style=\"color: #eed7fa;\">Appellation : Navarre<\/span><\/p>\n<p class=\"p1\" style=\"text-align: justify;\"><b>Le vin du Roi d\u2019Espagne. Une bodega embl\u00e9matique<\/b><\/p>\n<p class=\"p1\" style=\"text-align: justify;\">Etablie en 1961 et situ\u00e9e dans l\u2019extr\u00e9mit\u00e9 sud de la Navarre, la bodega Vi\u00f1a Maga\u00f1a est l\u2019embl\u00e8me de l\u2019appellation depuis ses d\u00e9buts.<\/p>\n<p class=\"p1\" style=\"text-align: justify;\">Les fr\u00e8res Maga\u00f1a ont r\u00e9volutionn\u00e9 cette appellation en pariant sur l\u2019introduction de c\u00e9pages fran\u00e7ais, \u00e0 l\u2019\u00e9poque non autoris\u00e9s, et la culture de vieilles vignes de Merlot, parmi les plus anciennes d\u2019Espagne, aux c\u00f4t\u00e9s du Tempranillo et du Cabernet sauvignon. Le soin extr\u00eame apport\u00e9 \u00e0 la culture et \u00e0 la vinification, gr\u00e2ce au savoir-faire familial, a permis de propulser les vins de la bodega au niveau international et d\u2019entrainer avec elle la forte appr\u00e9ciation de toute l\u2019AOC en dehors des fronti\u00e8res espagnoles.<\/p>\n<p class=\"p1\" style=\"text-align: justify;\">Le vignoble de Vi\u00f1a Maga\u00f1a, s\u2019\u00e9tend sur une surface de plus de 100 hectares, sur des sols pauvres, arides, et riches en min\u00e9raux.<\/p>\n<p class=\"p1\" style=\"text-align: justify;\">La famille Maga\u00f1a est r\u00e9put\u00e9e dans toute l\u2019Espagne pour la qualit\u00e9 haut de gamme de ses vins. Les Gran Reserva de Maga\u00f1a sont servis par la famille Royale d&rsquo;Espagne dans les diners protocolaires et r\u00e9ceptions de grands chefs d&rsquo;\u00e9tats.<\/p>\n<p class=\"p1\" style=\"text-align: justify;\">Aujourd\u2019hui, Diego, fils de Juan Maga\u00f1a, reprend progressivement les rennes de la bodega aux c\u00f4t\u00e9s de son p\u00e8re Juan et perp\u00e9tue la tradition familiale dans un esprit de combinaison de modernit\u00e9 et terroir qui a toujours \u00e9t\u00e9 le symbole de ses vins.<\/p>\n<p class=\"p1\" style=\"text-align: justify;\">L\u2019esprit des cuv\u00e9es de Maga\u00f1a se rapproche de nos grands M\u00e9doc, avec une typicit\u00e9 des meilleurs<span class=\"Apple-converted-space\">\u00a0 <\/span>terroir de Navarre.<span class=\"Apple-converted-space\">\u00a0 <\/span>Des grands vins \u00e0 d\u00e9couvrir.<\/p>","protected":false},"featured_media":15494,"comment_status":"closed","ping_status":"closed","template":"","meta":{"_monsterinsights_skip_tracking":false,"_monsterinsights_sitenote_active":false,"_monsterinsights_sitenote_note":"","_monsterinsights_sitenote_category":0},"product_brand":[],"product_cat":[107,231],"product_tag":[],"class_list":{"0":"post-15066","1":"product","2":"type-product","3":"status-publish","4":"has-post-thumbnail","6":"product_cat-navarre","7":"product_cat-gamme-espagne","9":"first","10":"instock","11":"featured","12":"shipping-taxable","13":"product-type-simple"},"aioseo_notices":[],"_links":{"self":[{"href":"https:\/\/www.b-et-c.com\/en\/wp-json\/wp\/v2\/product\/15066","targetHints":{"allow":["GET"]}}],"collection":[{"href":"https:\/\/www.b-et-c.com\/en\/wp-json\/wp\/v2\/product"}],"about":[{"href":"https:\/\/www.b-et-c.com\/en\/wp-json\/wp\/v2\/types\/product"}],"replies":[{"embeddable":true,"href":"https:\/\/www.b-et-c.com\/en\/wp-json\/wp\/v2\/comments?post=15066"}],"version-history":[{"count":2,"href":"https:\/\/www.b-et-c.com\/en\/wp-json\/wp\/v2\/product\/15066\/revisions"}],"predecessor-version":[{"id":17590,"href":"https:\/\/www.b-et-c.com\/en\/wp-json\/wp\/v2\/product\/15066\/revisions\/17590"}],"wp:featuredmedia":[{"embeddable":true,"href":"https:\/\/www.b-et-c.com\/en\/wp-json\/wp\/v2\/media\/15494"}],"wp:attachment":[{"href":"https:\/\/www.b-et-c.com\/en\/wp-json\/wp\/v2\/media?parent=15066"}],"wp:term":[{"taxonomy":"product_brand","embeddable":true,"href":"https:\/\/www.b-et-c.com\/en\/wp-json\/wp\/v2\/product_brand?post=15066"},{"taxonomy":"product_cat","embeddable":true,"href":"https:\/\/www.b-et-c.com\/en\/wp-json\/wp\/v2\/product_cat?post=15066"},{"taxonomy":"product_tag","embeddable":true,"href":"https:\/\/www.b-et-c.com\/en\/wp-json\/wp\/v2\/product_tag?post=15066"}],"curies":[{"name":"wp","href":"https:\/\/api.w.org\/{rel}","templated":true}]}}