{"id":15045,"date":"2015-10-21T09:54:11","date_gmt":"2015-10-21T08:54:11","guid":{"rendered":"http:\/\/www.b-et-c.com\/produit\/mas-doix\/"},"modified":"2019-07-01T09:13:18","modified_gmt":"2019-07-01T08:13:18","slug":"mas-doix","status":"publish","type":"product","link":"https:\/\/www.b-et-c.com\/en\/shop\/europe\/domaines-espagne\/priorat\/mas-doix\/","title":{"rendered":"Mas Doix"},"content":{"rendered":"<p>Mas Doix, domaine familial<\/p>\n<p><iframe title=\"Mas Doix 100 secs\" width=\"500\" height=\"281\" src=\"https:\/\/www.youtube.com\/embed\/pju5LaWbpXs?feature=oembed\" frameborder=\"0\" allow=\"accelerometer; autoplay; clipboard-write; encrypted-media; gyroscope; picture-in-picture; web-share\" referrerpolicy=\"strict-origin-when-cross-origin\" allowfullscreen><\/iframe><\/p>\n<p>Vendanges 2013<\/p>\n<p><iframe title=\"Mas Doix Harvest 2013  Winery\" width=\"500\" height=\"281\" src=\"https:\/\/www.youtube.com\/embed\/ZNmKVcr8BKg?feature=oembed\" frameborder=\"0\" allow=\"accelerometer; autoplay; clipboard-write; encrypted-media; gyroscope; picture-in-picture; web-share\" referrerpolicy=\"strict-origin-when-cross-origin\" allowfullscreen><\/iframe><\/p>\n<p>Interview de Valenti Llagostera pendant les vendanges 2013<\/p>\n<p><iframe title=\"Harvest 2013 Vineyard Mas Doix\" width=\"500\" height=\"281\" src=\"https:\/\/www.youtube.com\/embed\/lhoc6evNQAU?feature=oembed\" frameborder=\"0\" allow=\"accelerometer; autoplay; clipboard-write; encrypted-media; gyroscope; picture-in-picture; web-share\" referrerpolicy=\"strict-origin-when-cross-origin\" allowfullscreen><\/iframe><\/p>\n<p>Interview de Sandra Doix, oeonologue de Mas Doix<\/p>\n<p><iframe title=\"Interview with Doix family- Wine maker Sandra\" width=\"500\" height=\"281\" src=\"https:\/\/www.youtube.com\/embed\/KLhwu1EyzSQ?feature=oembed\" frameborder=\"0\" allow=\"accelerometer; autoplay; clipboard-write; encrypted-media; gyroscope; picture-in-picture; web-share\" referrerpolicy=\"strict-origin-when-cross-origin\" allowfullscreen><\/iframe><\/p>\n<p>D\u00e9gustation comment\u00e9e par Sandra Doix<\/p>\n<p><iframe title=\"Mas Doix Winemaker Sandra Doix E.V.)\" width=\"500\" height=\"281\" src=\"https:\/\/www.youtube.com\/embed\/uDgR4mVPSFU?feature=oembed\" frameborder=\"0\" allow=\"accelerometer; autoplay; clipboard-write; encrypted-media; gyroscope; picture-in-picture; web-share\" referrerpolicy=\"strict-origin-when-cross-origin\" allowfullscreen><\/iframe><\/p>\n<p>Interview de Valenti Llagostera au salon de Grandes Pagos de Espa\u00f1a<\/p>\n<p><iframe title=\"Celler Mas Doix- Grandes Pagos de Espa\u00f1a\" width=\"500\" height=\"281\" src=\"https:\/\/www.youtube.com\/embed\/FILeAQcd77E?feature=oembed\" frameborder=\"0\" allow=\"accelerometer; autoplay; clipboard-write; encrypted-media; gyroscope; picture-in-picture; web-share\" referrerpolicy=\"strict-origin-when-cross-origin\" allowfullscreen><\/iframe><\/p>\n<p>Greffe de pieds dans les vignes de Mas Doix par Maite Mora<\/p>\n<p><iframe title=\"Grafting in Mas Doix English version)\" width=\"500\" height=\"281\" src=\"https:\/\/www.youtube.com\/embed\/kTdI5TZwqGI?feature=oembed\" frameborder=\"0\" allow=\"accelerometer; autoplay; clipboard-write; encrypted-media; gyroscope; picture-in-picture; web-share\" referrerpolicy=\"strict-origin-when-cross-origin\" allowfullscreen><\/iframe><\/p>","protected":false},"excerpt":{"rendered":"<p class=\"p1\" style=\"text-align: justify;\"><span style=\"color: #eed7fa;\">Appellation : Priorat<\/span><\/p>\n<p class=\"p1\" style=\"text-align: justify;\"><b>Doix 2006<span class=\"Apple-converted-space\">\u00a0 <\/span>: \u00ab\u00a0Complexe et \u00e9l\u00e9gant dans le style de La T\u00e2che\u00a0\u00bb selon Robert Parker.<\/b><\/p>\n<p class=\"p1\" style=\"text-align: justify;\">En 1998, Ram\u00f3n Llagostera et Josep Doix reprennent le domaine de leur famille Mas Doix et avec lui le travail de 5 g\u00e9n\u00e9rations passionn\u00e9es, remontant \u00e0 1850 et l\u2019\u00e9poque pr\u00e9phyllox\u00e9rique.<\/p>\n<p class=\"p1\" style=\"text-align: justify;\">Leur philosophie et valeur principale est de transmettre les propri\u00e9t\u00e9s intrins\u00e8ques du terroir du Priorat.<\/p>\n<p class=\"p1\" style=\"text-align: justify;\">Oscar Llombart, oenologue, \u00e9paule Ramon dans son travail quotidien. De fait, leur<span class=\"Apple-converted-space\">\u00a0 <\/span>vin est vraiment le fruit d\u2019un environnement, d\u2019un sol, d\u2019une inclinaison des parcelles, d\u2019une orientation, d\u2019un micro-climat et des vari\u00e9t\u00e9s de c\u00e9pages autochtones propres \u00e0 la r\u00e9gion et \u00e0 leur savoir-faire.<\/p>\n<p class=\"p1\" style=\"text-align: justify;\">La situation g\u00e9ographique de Poboleda, situ\u00e9e dans le Nord Est du priorat, prot\u00e8ge le vignoble gr\u00e2ce \u00e0 deux barri\u00e8res naturelles\u00a0: le Montsant (faisant face au Nord-Ouest) et la Serra del Mollo (faisant face au Sud-Est). Etant proche de ces deux barri\u00e8res, Poboleda b\u00e9n\u00e9ficie des brises fraiches circulant dans la vall\u00e9e. Cette temp\u00e9rature inf\u00e9rieure \u00e0 la normale de la r\u00e9gion permet des vendanges plus tardives mais aussi un meilleur m\u00fbrissement des baies.<\/p>\n<p class=\"p1\" style=\"text-align: justify;\">Les sols sont principalement d\u2019ardoise \u00ab\u00a0licorelle\u00a0\u00bb. Toutes les parcelles sont situ\u00e9es \u00e0 une altitude de 350 \u00e0 400 m au dessus du niveau de la mer.<\/p>\n<p class=\"p1\" style=\"text-align: justify;\">La bodega poss\u00e8de 15 Ha dont 3 Ha sur la finca Doix plant\u00e9s en Grenache et Carignan depuis 85 ans, 3 Ha sur la finca Les Crestes plant\u00e9s en Grenache et Merlot, 4 Ha sur la finca Mas de l\u2019Osso plant\u00e9s en Grenache, Merlot et Syrah,<span class=\"Apple-converted-space\">\u00a0 <\/span>1 Ha sur la finca El Ullastres plant\u00e9 en Grenache et 1 Ha sur la fina La Venteta plant\u00e9 en Cabernet Sauvignon. Les vignes ont \u00e9t\u00e9 plant\u00e9es il y a entre 70 et 100 ans et les rendements sont tr\u00e8s bas (environ 400 g par pied).<\/p>\n<p class=\"p1\" style=\"text-align: justify;\">Les vins de la famille Llagostera sont des vins immenses, taill\u00e9s pour la garde, de forte personnalit\u00e9 et de production tr\u00e8s limit\u00e9e.<\/p>","protected":false},"featured_media":15046,"comment_status":"closed","ping_status":"closed","template":"","meta":{"_monsterinsights_skip_tracking":false,"_monsterinsights_sitenote_active":false,"_monsterinsights_sitenote_note":"","_monsterinsights_sitenote_category":0},"product_brand":[],"product_cat":[106,231],"product_tag":[],"class_list":{"0":"post-15045","1":"product","2":"type-product","3":"status-publish","4":"has-post-thumbnail","6":"product_cat-priorat","7":"product_cat-gamme-espagne","9":"first","10":"instock","11":"featured","12":"shipping-taxable","13":"product-type-simple"},"aioseo_notices":[],"_links":{"self":[{"href":"https:\/\/www.b-et-c.com\/en\/wp-json\/wp\/v2\/product\/15045","targetHints":{"allow":["GET"]}}],"collection":[{"href":"https:\/\/www.b-et-c.com\/en\/wp-json\/wp\/v2\/product"}],"about":[{"href":"https:\/\/www.b-et-c.com\/en\/wp-json\/wp\/v2\/types\/product"}],"replies":[{"embeddable":true,"href":"https:\/\/www.b-et-c.com\/en\/wp-json\/wp\/v2\/comments?post=15045"}],"version-history":[{"count":2,"href":"https:\/\/www.b-et-c.com\/en\/wp-json\/wp\/v2\/product\/15045\/revisions"}],"predecessor-version":[{"id":17591,"href":"https:\/\/www.b-et-c.com\/en\/wp-json\/wp\/v2\/product\/15045\/revisions\/17591"}],"wp:featuredmedia":[{"embeddable":true,"href":"https:\/\/www.b-et-c.com\/en\/wp-json\/wp\/v2\/media\/15046"}],"wp:attachment":[{"href":"https:\/\/www.b-et-c.com\/en\/wp-json\/wp\/v2\/media?parent=15045"}],"wp:term":[{"taxonomy":"product_brand","embeddable":true,"href":"https:\/\/www.b-et-c.com\/en\/wp-json\/wp\/v2\/product_brand?post=15045"},{"taxonomy":"product_cat","embeddable":true,"href":"https:\/\/www.b-et-c.com\/en\/wp-json\/wp\/v2\/product_cat?post=15045"},{"taxonomy":"product_tag","embeddable":true,"href":"https:\/\/www.b-et-c.com\/en\/wp-json\/wp\/v2\/product_tag?post=15045"}],"curies":[{"name":"wp","href":"https:\/\/api.w.org\/{rel}","templated":true}]}}