{"id":14964,"date":"2015-10-20T10:54:38","date_gmt":"2015-10-20T09:54:38","guid":{"rendered":"http:\/\/www.b-et-c.com\/produit\/decugnago\/"},"modified":"2019-07-01T09:13:38","modified_gmt":"2019-07-01T08:13:38","slug":"contador","status":"publish","type":"product","link":"https:\/\/www.b-et-c.com\/en\/shop\/europe\/domaines-espagne\/rioja\/contador\/","title":{"rendered":"Contador"},"content":{"rendered":"<p>La l\u00e9gende Contador<\/p>\n<p><iframe title=\"Bodega Contador\" width=\"500\" height=\"281\" src=\"https:\/\/www.youtube.com\/embed\/lcOy0gEwApk?feature=oembed\" frameborder=\"0\" allow=\"accelerometer; autoplay; clipboard-write; encrypted-media; gyroscope; picture-in-picture; web-share\" referrerpolicy=\"strict-origin-when-cross-origin\" allowfullscreen><\/iframe><\/p>\n<p class=\"p1\">Pour visionner les 7 chap\u00eetres de la vid\u00e9o suivante, il faut les visionner dans l&rsquo;ordre pour voir appara\u00eetre les suivantes.<\/p>\n<p class=\"p1\">Les vendanges chez Contador<\/p>\n<p><iframe title=\"Entrada de la uva en bodega - Bodega Contador (por Todovino)\" width=\"500\" height=\"281\" src=\"https:\/\/www.youtube.com\/embed\/Y2rh0Ubkre4?list=PLqew6G2RggCLpniQLEcSbjFaDUwyLHkUC\" frameborder=\"0\" allow=\"accelerometer; autoplay; clipboard-write; encrypted-media; gyroscope; picture-in-picture; web-share\" referrerpolicy=\"strict-origin-when-cross-origin\" allowfullscreen><\/iframe><\/p>\n<p>Arriv\u00e9e et s\u00e9lection des baies au chai<\/p>\n<p><iframe title=\"Entrada de la uva en bodega - Bodega Contador (por Todovino)\" width=\"500\" height=\"281\" src=\"https:\/\/www.youtube.com\/embed\/Y2rh0Ubkre4?list=PLqew6G2RggCLpniQLEcSbjFaDUwyLHkUC\" frameborder=\"0\" allow=\"accelerometer; autoplay; clipboard-write; encrypted-media; gyroscope; picture-in-picture; web-share\" referrerpolicy=\"strict-origin-when-cross-origin\" allowfullscreen><\/iframe><\/p>\n<p>Les derni\u00e8res grappes arrivent dans les chais<\/p>\n<p><iframe title=\"El final de la vendimia: llegan las \u00faltimas uvas a Bodega Contador - Todovino.com\" width=\"500\" height=\"281\" src=\"https:\/\/www.youtube.com\/embed\/04hwejHmArc?list=PLqew6G2RggCLpniQLEcSbjFaDUwyLHkUC\" frameborder=\"0\" allow=\"accelerometer; autoplay; clipboard-write; encrypted-media; gyroscope; picture-in-picture; web-share\" referrerpolicy=\"strict-origin-when-cross-origin\" allowfullscreen><\/iframe><\/p>\n<p>Fermentation dans les cuves en bois<\/p>\n<p><iframe title=\"Fermentaci\u00f3n en dep\u00f3sitos de madera - Bodega Contador (por Todovino)\" width=\"500\" height=\"281\" src=\"https:\/\/www.youtube.com\/embed\/lTUpu_-PpYI?list=PLqew6G2RggCLpniQLEcSbjFaDUwyLHkUC\" frameborder=\"0\" allow=\"accelerometer; autoplay; clipboard-write; encrypted-media; gyroscope; picture-in-picture; web-share\" referrerpolicy=\"strict-origin-when-cross-origin\" allowfullscreen><\/iframe><\/p>\n<p>La salle des barriques chez Contador<\/p>\n<p><iframe title=\"La espectacular sala de barricas - Bodega Contador (por Todovino)\" width=\"500\" height=\"281\" src=\"https:\/\/www.youtube.com\/embed\/VWwU4OXkNJw?list=PLqew6G2RggCLpniQLEcSbjFaDUwyLHkUC\" frameborder=\"0\" allow=\"accelerometer; autoplay; clipboard-write; encrypted-media; gyroscope; picture-in-picture; web-share\" referrerpolicy=\"strict-origin-when-cross-origin\" allowfullscreen><\/iframe><\/p>\n<p>Benjamin Romeo et ses grands vins<\/p>\n<p><iframe title=\"La puesta en escena: los vinos de Benjam\u00edn Romeo (por Todovino)\" width=\"500\" height=\"281\" src=\"https:\/\/www.youtube.com\/embed\/i-RJYK1-Veo?list=PLqew6G2RggCLpniQLEcSbjFaDUwyLHkUC\" frameborder=\"0\" allow=\"accelerometer; autoplay; clipboard-write; encrypted-media; gyroscope; picture-in-picture; web-share\" referrerpolicy=\"strict-origin-when-cross-origin\" allowfullscreen><\/iframe><\/p>\n<p>Dans la cueva (la grotte) de Contador<\/p>\n<p><iframe title=\"Con Benjam\u00edn Romeo en la cueva de Contador - Todovino.com\" width=\"500\" height=\"281\" src=\"https:\/\/www.youtube.com\/embed\/9DyOYWm14AE?list=PLqew6G2RggCLpniQLEcSbjFaDUwyLHkUC\" frameborder=\"0\" allow=\"accelerometer; autoplay; clipboard-write; encrypted-media; gyroscope; picture-in-picture; web-share\" referrerpolicy=\"strict-origin-when-cross-origin\" allowfullscreen><\/iframe><\/p>","protected":false},"excerpt":{"rendered":"<p class=\"p1\" style=\"text-align: justify;\"><span style=\"color: #eed7fa;\">Appellation : Rioja<\/span><\/p>\n<p class=\"p1\" style=\"text-align: justify;\"><b>Le mythe en personne, deux fois 100\/100 Parker.<\/b><\/p>\n<p class=\"p1\" style=\"text-align: justify;\">Au sortir de ses \u00e9tudes d\u2019\u0153nologue, Benjamin Romeo d\u00e9cide d\u2019aller se sp\u00e9cialiser \u00e0 Bordeaux. Il est tr\u00e8s vite rappel\u00e9 sur ses terres par la d\u00e9sormais mythique bodega ARTADI chez qui il travaille de 1986 \u00e0 2000. Le reste est rentr\u00e9 dans l\u2019histoire, Benjamin ayant cr\u00e9\u00e9 les vins El Pis\u00f3n et Pagos Viejos et amen\u00e9 ARTADI au<span class=\"Apple-converted-space\">\u00a0 <\/span>sommet qu\u2019elle a atteint.<br \/>\nEn parall\u00e8le, il commence en 1996 \u00e0 vinifier dans le garage de son p\u00e8re et \u00e0 \u00e9lever son propre vin dans la grotte creus\u00e9e \u00e0 m\u00eame\u00a0 la jupe de la montagne sous l\u2019\u00e9glise fortifi\u00e9e de San Vicente de la Sonsierra.<\/p>\n<p class=\"p1\" style=\"text-align: justify;\">En 2001 il d\u00e9cide de donner le nom de CONTADOR \u00e0 celui qui allait devenir tr\u00e8s rapidement son plus grand vin et devait le mener au plus haut niveau mondial, not\u00e9 deux fois 100 \/ 100 par R. Parker en 2004 et 2005.<br \/>\nLes vignes sont situ\u00e9es dans la Sonsierra autour de San Vicente, sur les meilleurs terroirs de toute l\u2019appellation.<br \/>\nLa Sierra Cantabria prot\u00e8ge San Vicente de la Sonsierra des vents humides et froids avec leur lot de pluies venues de l\u2019Atlantique.<\/p>\n<p class=\"p1\" style=\"text-align: justify;\">Sur ces terres splendides et prot\u00e9g\u00e9es, les vignes de Benjamin Romeo sont r\u00e9parties sur 80 petites parcelles diff\u00e9rentes, toutes taill\u00e9es en gobelet.<br \/>\nCertaines de ces parcelles magiques sont r\u00e9serv\u00e9es exclusivement au vin mythique Contador, telles que El Bomb\u00f3n, El Bosque, La Isla, El Sauco, etc.\u00a0Dans les assemblages \u00e9labor\u00e9s par Benjamin, on retrouve selon les vins essentiellement les baies provenant de sols argilo-calcaires, mais aussi de la grave \u00ab\u00a0alluviale\u00a0\u00bb, de l\u2019alluvion-calcaire ou encore de sols sablonneux.<\/p>\n<p class=\"p1\" style=\"text-align: justify;\">Pour ses assemblages, le Tempranillo pr\u00e9domine avec, selon les vins, un apport de Grenache rouge et parfois m\u00eame 1% de viura (c\u00e9page blanc) dans le cas du Predicador. Les blancs sont compos\u00e9s essentiellement de Viura, Grenache blanche et de Malvoisie.\u00a0Les vins de Benjamin Romeo sont tous extraordinaires, tout en finesse, subtilit\u00e9 et \u00e9l\u00e9gance.<\/p>\n<p class=\"p1\" style=\"text-align: justify;\">Il faut conna\u00eetre au moins une fois dans sa vie l&rsquo;exp\u00e9rience de d\u00e9guster les grandes cuv\u00e9es\u00a0de Benjamin Romeo. Des vins rac\u00e9s et grandioses.<\/p>","protected":false},"featured_media":14996,"comment_status":"closed","ping_status":"closed","template":"","meta":{"_monsterinsights_skip_tracking":false,"_monsterinsights_sitenote_active":false,"_monsterinsights_sitenote_note":"","_monsterinsights_sitenote_category":0},"product_brand":[],"product_cat":[104,231],"product_tag":[],"class_list":{"0":"post-14964","1":"product","2":"type-product","3":"status-publish","4":"has-post-thumbnail","6":"product_cat-rioja","7":"product_cat-gamme-espagne","9":"first","10":"instock","11":"featured","12":"shipping-taxable","13":"product-type-simple"},"aioseo_notices":[],"_links":{"self":[{"href":"https:\/\/www.b-et-c.com\/en\/wp-json\/wp\/v2\/product\/14964","targetHints":{"allow":["GET"]}}],"collection":[{"href":"https:\/\/www.b-et-c.com\/en\/wp-json\/wp\/v2\/product"}],"about":[{"href":"https:\/\/www.b-et-c.com\/en\/wp-json\/wp\/v2\/types\/product"}],"replies":[{"embeddable":true,"href":"https:\/\/www.b-et-c.com\/en\/wp-json\/wp\/v2\/comments?post=14964"}],"version-history":[{"count":4,"href":"https:\/\/www.b-et-c.com\/en\/wp-json\/wp\/v2\/product\/14964\/revisions"}],"predecessor-version":[{"id":24466,"href":"https:\/\/www.b-et-c.com\/en\/wp-json\/wp\/v2\/product\/14964\/revisions\/24466"}],"wp:featuredmedia":[{"embeddable":true,"href":"https:\/\/www.b-et-c.com\/en\/wp-json\/wp\/v2\/media\/14996"}],"wp:attachment":[{"href":"https:\/\/www.b-et-c.com\/en\/wp-json\/wp\/v2\/media?parent=14964"}],"wp:term":[{"taxonomy":"product_brand","embeddable":true,"href":"https:\/\/www.b-et-c.com\/en\/wp-json\/wp\/v2\/product_brand?post=14964"},{"taxonomy":"product_cat","embeddable":true,"href":"https:\/\/www.b-et-c.com\/en\/wp-json\/wp\/v2\/product_cat?post=14964"},{"taxonomy":"product_tag","embeddable":true,"href":"https:\/\/www.b-et-c.com\/en\/wp-json\/wp\/v2\/product_tag?post=14964"}],"curies":[{"name":"wp","href":"https:\/\/api.w.org\/{rel}","templated":true}]}}