{"id":14954,"date":"2015-10-20T10:43:03","date_gmt":"2015-10-20T09:43:03","guid":{"rendered":"http:\/\/www.b-et-c.com\/produit\/tenute-girolamo\/"},"modified":"2019-07-01T09:17:12","modified_gmt":"2019-07-01T08:17:12","slug":"tenute-girolamo","status":"publish","type":"product","link":"https:\/\/www.b-et-c.com\/en\/shop\/europe\/domaines-italie\/sud\/tenute-girolamo\/","title":{"rendered":"Tenute Girolamo"},"content":{"rendered":"<p>Pr\u00e9sentation du domaine par Piero Girolamo<\/p>\n<p><iframe title=\"Cantine Aperte con Tenute Girolamo\" width=\"500\" height=\"281\" src=\"https:\/\/www.youtube.com\/embed\/XAIDEtlZ248?feature=oembed\" frameborder=\"0\" allow=\"accelerometer; autoplay; clipboard-write; encrypted-media; gyroscope; picture-in-picture; web-share\" referrerpolicy=\"strict-origin-when-cross-origin\" allowfullscreen><\/iframe><\/p>\n<p>Reportage Slow Style sur Girolamo en 2011<\/p>\n<p><iframe title=\"Tenute Girolamo - Slow Style\" width=\"500\" height=\"375\" src=\"https:\/\/www.youtube.com\/embed\/Loaubr1VHqo?feature=oembed\" frameborder=\"0\" allow=\"accelerometer; autoplay; clipboard-write; encrypted-media; gyroscope; picture-in-picture; web-share\" referrerpolicy=\"strict-origin-when-cross-origin\" allowfullscreen><\/iframe><\/p>","protected":false},"excerpt":{"rendered":"<p class=\"p1\" style=\"text-align: justify;\"><span style=\"color: #eed7fa;\">Appellation : Pouilles<\/span><\/p>\n<p class=\"p1\" style=\"text-align: justify;\"><b>Au coeur de la c\u00e9l\u00e8bre vall\u00e9e d\u2019Itria\u2026\u00a0<\/b><\/p>\n<p class=\"p1\" style=\"text-align: justify;\">Cr\u00e9\u00e9 il y a une quinzaine d\u2019ann\u00e9e par la famille du m\u00eame nom, le domaine Tenute Girolamo poss\u00e8de aujourd\u2019hui une cinquantaine d\u2019hectares plant\u00e9s des principaux c\u00e9pages de la r\u00e9gion : aglianico, primitivo, negroamaro, fiano, chardonnay, verdecca, etc.<\/p>\n<p class=\"p1\" style=\"text-align: justify;\">Les vignes se trouvent autour de la ville de Martina Franca, dans la c\u00e9l\u00e8bre vall\u00e9e d\u2019Itria, sur les terres du prestigieux terroir du Salento.<\/p>\n<p class=\"p1\" style=\"text-align: justify;\">Les chais ont \u00e9t\u00e9 creus\u00e9s dans 16 m\u00e8tres de calcaire, et sont aujourd\u2019hui la clef des conditions optimales d\u2019\u00e9levage et de conservation des vins de la propri\u00e9t\u00e9, r\u00e9put\u00e9s pour leur \u00e9l\u00e9gance.<\/p>\n<p class=\"p1\" style=\"text-align: justify;\">Les vignes du domaine b\u00e9n\u00e9ficient de la cl\u00e9mence des vents venus de la mer balayant la vall\u00e9e d\u2019Itria et permettant d\u2019att\u00e9nuer la chaleur de l\u2019\u00e9t\u00e9.<\/p>\n<p class=\"p1\" style=\"text-align: justify;\">Les vins de Tenute Girolamo, sont \u00e9l\u00e9gants et \u00e9tonnants de fra\u00eecheur et l\u00e9g\u00e8ret\u00e9. Ils sont r\u00e9put\u00e9s pour leur excellent rapport qualit\u00e9-prix, mais \u00e9galement pour leur niveau de qualit\u00e9 extr\u00eamement \u00e9lev\u00e9. Ils sont savoureux et nous invitent au voyage.<\/p>","protected":false},"featured_media":14963,"comment_status":"closed","ping_status":"closed","template":"","meta":{"_monsterinsights_skip_tracking":false,"_monsterinsights_sitenote_active":false,"_monsterinsights_sitenote_note":"","_monsterinsights_sitenote_category":0},"product_brand":[],"product_cat":[120,230],"product_tag":[],"class_list":{"0":"post-14954","1":"product","2":"type-product","3":"status-publish","4":"has-post-thumbnail","6":"product_cat-sud","7":"product_cat-gamme-italie","9":"first","10":"instock","11":"featured","12":"shipping-taxable","13":"product-type-simple"},"aioseo_notices":[],"_links":{"self":[{"href":"https:\/\/www.b-et-c.com\/en\/wp-json\/wp\/v2\/product\/14954","targetHints":{"allow":["GET"]}}],"collection":[{"href":"https:\/\/www.b-et-c.com\/en\/wp-json\/wp\/v2\/product"}],"about":[{"href":"https:\/\/www.b-et-c.com\/en\/wp-json\/wp\/v2\/types\/product"}],"replies":[{"embeddable":true,"href":"https:\/\/www.b-et-c.com\/en\/wp-json\/wp\/v2\/comments?post=14954"}],"version-history":[{"count":2,"href":"https:\/\/www.b-et-c.com\/en\/wp-json\/wp\/v2\/product\/14954\/revisions"}],"predecessor-version":[{"id":17606,"href":"https:\/\/www.b-et-c.com\/en\/wp-json\/wp\/v2\/product\/14954\/revisions\/17606"}],"wp:featuredmedia":[{"embeddable":true,"href":"https:\/\/www.b-et-c.com\/en\/wp-json\/wp\/v2\/media\/14963"}],"wp:attachment":[{"href":"https:\/\/www.b-et-c.com\/en\/wp-json\/wp\/v2\/media?parent=14954"}],"wp:term":[{"taxonomy":"product_brand","embeddable":true,"href":"https:\/\/www.b-et-c.com\/en\/wp-json\/wp\/v2\/product_brand?post=14954"},{"taxonomy":"product_cat","embeddable":true,"href":"https:\/\/www.b-et-c.com\/en\/wp-json\/wp\/v2\/product_cat?post=14954"},{"taxonomy":"product_tag","embeddable":true,"href":"https:\/\/www.b-et-c.com\/en\/wp-json\/wp\/v2\/product_tag?post=14954"}],"curies":[{"name":"wp","href":"https:\/\/api.w.org\/{rel}","templated":true}]}}