{"id":14949,"date":"2015-10-20T10:34:32","date_gmt":"2015-10-20T09:34:32","guid":{"rendered":"http:\/\/www.b-et-c.com\/produit\/villamedoro\/"},"modified":"2023-06-14T10:22:14","modified_gmt":"2023-06-14T09:22:14","slug":"villamedoro","status":"publish","type":"product","link":"https:\/\/www.b-et-c.com\/en\/shop\/europe\/domaines-italie\/marches-et-abbruzes\/villamedoro\/","title":{"rendered":"Villa Medoro"},"content":{"rendered":"<p>Interview de Federica Morricone<\/p>\n<p><iframe title=\"Villa Medoro: Francesca Morricone\" width=\"500\" height=\"375\" src=\"https:\/\/www.youtube.com\/embed\/ttcnnkpcoFQ?feature=oembed\" frameborder=\"0\" allow=\"accelerometer; autoplay; clipboard-write; encrypted-media; gyroscope; picture-in-picture; web-share\" referrerpolicy=\"strict-origin-when-cross-origin\" allowfullscreen><\/iframe><\/p>\n<p>Reportage sur Villa Medoro \u00e0 Vinitaly 2015<\/p>\n<p><iframe title=\"villa medoro\" width=\"500\" height=\"281\" src=\"https:\/\/www.youtube.com\/embed\/9jwvbvuvWJ0?feature=oembed\" frameborder=\"0\" allow=\"accelerometer; autoplay; clipboard-write; encrypted-media; gyroscope; picture-in-picture; web-share\" referrerpolicy=\"strict-origin-when-cross-origin\" allowfullscreen><\/iframe><\/p>\n<p>Pr\u00e9sentation des vins de Villa Medoro<\/p>\n<p><iframe title=\"Villa Medoro Montepulciano d&#039; Abruzzo.m4v\" width=\"500\" height=\"281\" src=\"https:\/\/www.youtube.com\/embed\/qZwiwTfTm-M?feature=oembed\" frameborder=\"0\" allow=\"accelerometer; autoplay; clipboard-write; encrypted-media; gyroscope; picture-in-picture; web-share\" referrerpolicy=\"strict-origin-when-cross-origin\" allowfullscreen><\/iframe><\/p>","protected":false},"excerpt":{"rendered":"<p class=\"p1\" style=\"text-align: justify;\"><span style=\"color: #eed7fa;\">Appelation : Abruzzes<\/span><\/p>\n<p class=\"p1\" style=\"text-align: justify;\"><b>Le coup de c\u0153ur des Abruzzes<\/b><\/p>\n<p class=\"p1\" style=\"text-align: justify;\">Villamedoro appartient \u00e0 la famille Della Loggia \u2013 Morricone depuis 1966. A cette \u00e9poque, Luigi Della Loggia, grand-p\u00e8re de l&rsquo;actuelle propri\u00e9taire Federica Moricone, planta 92 Ha de vignes sur les meilleurs coteaux de l&rsquo;appellation, autour de la prestigieuse r\u00e9gion de Teramo.<\/p>\n<p class=\"p1\" style=\"text-align: justify;\">Federica a repris le domaine familial tr\u00e8s jeune, \u00e0 tout juste 22 ans en 1996 et l&rsquo;a ind\u00e9niablement dirig\u00e9 sur les chemins de l&rsquo;excellence, en le hissant au sommet de son appellation.<\/p>\n<p class=\"p1\" style=\"text-align: justify;\">Le domaine est r\u00e9compens\u00e9 r\u00e9guli\u00e8rement par les plus grands critiques : R. Parker, le Gambero Rosso (2 \u00e0 3 bicchieri m\u00eame pour les cuv\u00e9es les simples du domaine !)<\/p>\n<p class=\"p1\" style=\"text-align: justify;\">Il a \u00e9t\u00e9 \u00e9lu \u00ab\u00a0Top emerging winery\u00a0\u00bb par le Gambero Rosso et Slow Food r\u00e9cemment.<\/p>\n<p class=\"p1\" style=\"text-align: justify;\">La particularit\u00e9 propre au domaine Villa Medoro est d&rsquo;avoir sous ses vignes les meilleurs sols de l&rsquo;appellation avec de l&rsquo;argile sur calcaire ce qui est rare pour la r\u00e9gion. Ce sont des sols pauvres, favorisant une min\u00e9ralit\u00e9 et une \u00e9l\u00e9gance unique pour l&rsquo;appellation.<\/p>\n<p class=\"p1\" style=\"text-align: justify;\">Les vins de Villa Medoro, et notamment son Montepulciano d&rsquo;Abruzzo et son Trebbiano blanc sont r\u00e9put\u00e9s au niveau international comme l&rsquo;un des meilleurs rapports qualit\u00e9-prix de toute l&rsquo;Italie.<\/p>\n<p class=\"p1\" style=\"text-align: justify;\">La texture obtenue sur le Montepulciano pour ce prix laisse r\u00eaveur la plupart de nos grands vignerons fran\u00e7ais.<\/p>\n<p class=\"p1\" style=\"text-align: justify;\">La gamme des rouges de Villa Medoro impressionne par sa qualit\u00e9 et par la capacit\u00e9 d&rsquo;expression du terroir, et les blancs sont d\u00e9licieux avec des prix absolument incroyables.<\/p>","protected":false},"featured_media":14953,"comment_status":"closed","ping_status":"closed","template":"","meta":{"_monsterinsights_skip_tracking":false,"_monsterinsights_sitenote_active":false,"_monsterinsights_sitenote_note":"","_monsterinsights_sitenote_category":0},"product_brand":[],"product_cat":[251,230],"product_tag":[],"class_list":{"0":"post-14949","1":"product","2":"type-product","3":"status-publish","4":"has-post-thumbnail","6":"product_cat-marches-et-abbruzes","7":"product_cat-gamme-italie","9":"first","10":"instock","11":"featured","12":"shipping-taxable","13":"product-type-simple"},"aioseo_notices":[],"_links":{"self":[{"href":"https:\/\/www.b-et-c.com\/en\/wp-json\/wp\/v2\/product\/14949","targetHints":{"allow":["GET"]}}],"collection":[{"href":"https:\/\/www.b-et-c.com\/en\/wp-json\/wp\/v2\/product"}],"about":[{"href":"https:\/\/www.b-et-c.com\/en\/wp-json\/wp\/v2\/types\/product"}],"replies":[{"embeddable":true,"href":"https:\/\/www.b-et-c.com\/en\/wp-json\/wp\/v2\/comments?post=14949"}],"version-history":[{"count":2,"href":"https:\/\/www.b-et-c.com\/en\/wp-json\/wp\/v2\/product\/14949\/revisions"}],"predecessor-version":[{"id":17602,"href":"https:\/\/www.b-et-c.com\/en\/wp-json\/wp\/v2\/product\/14949\/revisions\/17602"}],"wp:featuredmedia":[{"embeddable":true,"href":"https:\/\/www.b-et-c.com\/en\/wp-json\/wp\/v2\/media\/14953"}],"wp:attachment":[{"href":"https:\/\/www.b-et-c.com\/en\/wp-json\/wp\/v2\/media?parent=14949"}],"wp:term":[{"taxonomy":"product_brand","embeddable":true,"href":"https:\/\/www.b-et-c.com\/en\/wp-json\/wp\/v2\/product_brand?post=14949"},{"taxonomy":"product_cat","embeddable":true,"href":"https:\/\/www.b-et-c.com\/en\/wp-json\/wp\/v2\/product_cat?post=14949"},{"taxonomy":"product_tag","embeddable":true,"href":"https:\/\/www.b-et-c.com\/en\/wp-json\/wp\/v2\/product_tag?post=14949"}],"curies":[{"name":"wp","href":"https:\/\/api.w.org\/{rel}","templated":true}]}}