{"id":14937,"date":"2015-10-20T10:21:31","date_gmt":"2015-10-20T09:21:31","guid":{"rendered":"http:\/\/www.b-et-c.com\/produit\/elena-fucci\/"},"modified":"2019-10-31T16:46:20","modified_gmt":"2019-10-31T15:46:20","slug":"elena-fucci","status":"publish","type":"product","link":"https:\/\/www.b-et-c.com\/en\/shop\/europe\/domaines-italie\/sud\/elena-fucci\/","title":{"rendered":"Elena Fucci"},"content":{"rendered":"<p>Pr\u00e9sentation du domaine par Elena Fucci<\/p>\n<p><iframe title=\"RESTARTSUD - ELENA FUCCI\" width=\"500\" height=\"281\" src=\"https:\/\/www.youtube.com\/embed\/lsmugQkOfRk?feature=oembed\" frameborder=\"0\" allow=\"accelerometer; autoplay; clipboard-write; encrypted-media; gyroscope; picture-in-picture; web-share\" referrerpolicy=\"strict-origin-when-cross-origin\" allowfullscreen><\/iframe><\/p>\n<p>Pr\u00e9sentation de Vitolo au salon Vinitaly 2015, V\u00e9rone<\/p>\n<p><iframe title=\"Vinitaly 2015 #13 Elena Fucci\" width=\"500\" height=\"281\" src=\"https:\/\/www.youtube.com\/embed\/A_8OT4pzx6U?feature=oembed\" frameborder=\"0\" allow=\"accelerometer; autoplay; clipboard-write; encrypted-media; gyroscope; picture-in-picture; web-share\" referrerpolicy=\"strict-origin-when-cross-origin\" allowfullscreen><\/iframe><\/p>\n<p>Interview d&rsquo;Elena Fucci<\/p>\n<p><iframe title=\"Elena Fucci. Intervista finale #ReStartSud\" width=\"500\" height=\"281\" src=\"https:\/\/www.youtube.com\/embed\/c_6cDlbxZVY?feature=oembed\" frameborder=\"0\" allow=\"accelerometer; autoplay; clipboard-write; encrypted-media; gyroscope; picture-in-picture; web-share\" referrerpolicy=\"strict-origin-when-cross-origin\" allowfullscreen><\/iframe><\/p>\n<p>Reportage t\u00e9l\u00e9 sur Elena Fucci en 2015<\/p>\n<p><iframe title=\"Il Settimanale   Elena Fucci\" width=\"500\" height=\"375\" src=\"https:\/\/www.youtube.com\/embed\/75SNUQUAOXI?feature=oembed\" frameborder=\"0\" allow=\"accelerometer; autoplay; clipboard-write; encrypted-media; gyroscope; picture-in-picture; web-share\" referrerpolicy=\"strict-origin-when-cross-origin\" allowfullscreen><\/iframe><\/p>\n<p>Reportage t\u00e9l\u00e9 sur Elena Fucci en 2014<\/p>\n<p><iframe title=\"Elena Fucci\" width=\"500\" height=\"281\" src=\"https:\/\/www.youtube.com\/embed\/2Mx2Lsuf94E?feature=oembed\" frameborder=\"0\" allow=\"accelerometer; autoplay; clipboard-write; encrypted-media; gyroscope; picture-in-picture; web-share\" referrerpolicy=\"strict-origin-when-cross-origin\" allowfullscreen><\/iframe><\/p>\n<p>Viste de l&rsquo;\u00e9crivain Gaetano Cappelli chez Elena Fucci en 2014<\/p>\n<p><iframe title=\"RESTARTSUD - GAETANO CAPPELLI NELLA CANTINA DI ELENA FUCCI\" width=\"500\" height=\"281\" src=\"https:\/\/www.youtube.com\/embed\/pokzh5BCw0w?feature=oembed\" frameborder=\"0\" allow=\"accelerometer; autoplay; clipboard-write; encrypted-media; gyroscope; picture-in-picture; web-share\" referrerpolicy=\"strict-origin-when-cross-origin\" allowfullscreen><\/iframe><\/p>","protected":false},"excerpt":{"rendered":"<p class=\"p1\" style=\"text-align: justify;\"><span style=\"color: #eed7fa;\">Appellation : Basilicate<\/span><\/p>\n<p class=\"p1\" style=\"text-align: justify;\"><b>Une vigneronne immense, la nouvelle \u00e9g\u00e9rie du sud de l\u2019Italie<\/b><\/p>\n<p class=\"p1\" style=\"text-align: justify;\">Le superbe domaine d&rsquo;Elena Fucci se trouve pr\u00e8s de la ville de Barile, au Nord de la Basilicata au c\u0153ur des plus belles vignes de la r\u00e9gion et des champs d&rsquo;oliviers, sur les pentes fertiles de lave solidifi\u00e9e d&rsquo;un ancien volcan, le Mont Vulture.<\/p>\n<p class=\"p1\" style=\"text-align: justify;\">Le domaine, cr\u00e9\u00e9 par Salvatore Fucci est aujourd&rsquo;hui dirig\u00e9 par sa fille Elena, dont il reprend le nom, qui travaille avec passion pour obtenir la qualit\u00e9 et l&rsquo;expressivit\u00e9 la plus absolue de l&rsquo;aglianico del Vulture, et produit un vin unique \u00e0 la personnalit\u00e9 identifiable entre mille.<\/p>\n<p class=\"p1\" style=\"text-align: justify;\">Les 7 Ha du vignoble du domaine sont situ\u00e9s \u00e0 une altitude de 650 m sur une coul\u00e9e de lave du volcan. Le sol est compos\u00e9 de roche volcanique et cendre, appel\u00e9 \u00ab\u00a0pozolana\u00a0\u00bb.\u00a0Cette caract\u00e9ristique du sol donne au vin sa force, sa structure et sa min\u00e9ralit\u00e9 qui se fondent dans un bouquet \u00e9l\u00e9gant et une finesse de texture impressionnante.<\/p>\n<p class=\"p1\" style=\"text-align: justify;\">La complexit\u00e9 du vin d&rsquo;Elena Fucci, Titolo, fait tourner la t\u00eate autant que la beaut\u00e9 italienne et sauvage de sa propri\u00e9taire, un vigneronne stellaire.\u00a0Depuis qu\u2019elle a repris les rennes du domaines, Elena a d\u00e9cid\u00e9 de tout miser sur la qualit\u00e9 absolue et l\u2019obsession du d\u00e9tail, ces caract\u00e9ristiques qui peuvent donner naissance \u00e0 des grands vins.<\/p>\n<p class=\"p1\" style=\"text-align: justify;\">Il faut suivre de tr\u00e8s pr\u00e8s cette immense vigneronne au devenir tr\u00e8s prometteur.<\/p>","protected":false},"featured_media":23437,"comment_status":"closed","ping_status":"closed","template":"","meta":{"_monsterinsights_skip_tracking":false,"_monsterinsights_sitenote_active":false,"_monsterinsights_sitenote_note":"","_monsterinsights_sitenote_category":0},"product_brand":[],"product_cat":[120,230],"product_tag":[],"class_list":{"0":"post-14937","1":"product","2":"type-product","3":"status-publish","4":"has-post-thumbnail","6":"product_cat-sud","7":"product_cat-gamme-italie","9":"first","10":"instock","11":"featured","12":"shipping-taxable","13":"product-type-simple"},"aioseo_notices":[],"_links":{"self":[{"href":"https:\/\/www.b-et-c.com\/en\/wp-json\/wp\/v2\/product\/14937","targetHints":{"allow":["GET"]}}],"collection":[{"href":"https:\/\/www.b-et-c.com\/en\/wp-json\/wp\/v2\/product"}],"about":[{"href":"https:\/\/www.b-et-c.com\/en\/wp-json\/wp\/v2\/types\/product"}],"replies":[{"embeddable":true,"href":"https:\/\/www.b-et-c.com\/en\/wp-json\/wp\/v2\/comments?post=14937"}],"version-history":[{"count":3,"href":"https:\/\/www.b-et-c.com\/en\/wp-json\/wp\/v2\/product\/14937\/revisions"}],"predecessor-version":[{"id":23438,"href":"https:\/\/www.b-et-c.com\/en\/wp-json\/wp\/v2\/product\/14937\/revisions\/23438"}],"wp:featuredmedia":[{"embeddable":true,"href":"https:\/\/www.b-et-c.com\/en\/wp-json\/wp\/v2\/media\/23437"}],"wp:attachment":[{"href":"https:\/\/www.b-et-c.com\/en\/wp-json\/wp\/v2\/media?parent=14937"}],"wp:term":[{"taxonomy":"product_brand","embeddable":true,"href":"https:\/\/www.b-et-c.com\/en\/wp-json\/wp\/v2\/product_brand?post=14937"},{"taxonomy":"product_cat","embeddable":true,"href":"https:\/\/www.b-et-c.com\/en\/wp-json\/wp\/v2\/product_cat?post=14937"},{"taxonomy":"product_tag","embeddable":true,"href":"https:\/\/www.b-et-c.com\/en\/wp-json\/wp\/v2\/product_tag?post=14937"}],"curies":[{"name":"wp","href":"https:\/\/api.w.org\/{rel}","templated":true}]}}