{"id":14891,"date":"2015-10-20T09:34:34","date_gmt":"2015-10-20T08:34:34","guid":{"rendered":"http:\/\/www.b-et-c.com\/produit\/vaporetto\/"},"modified":"2019-10-08T08:29:54","modified_gmt":"2019-10-08T07:29:54","slug":"vaporetto","status":"publish","type":"product","link":"https:\/\/www.b-et-c.com\/en\/shop\/europe\/domaines-italie\/gamme-italie\/vaporetto\/","title":{"rendered":"Vaporetto de Bisol"},"content":{"rendered":"<p>Article France Info &#8211; Prosecco : Les Raisins Du Succ\u00e8s<\/p>\n<p><iframe width=\"500\" height=\"300\" src=\"\/\/embedftv-a.akamaihd.net\/cbb583c682c3305e2cea7dc4c5bc5d72\" frameborder=\"0\" scrolling=\"no\" allowfullscreen><\/iframe><\/p>\n<p>Bisol, producteur de l\u00e9gende \u00e0 Valdobbiadene<\/p>\n<p><iframe title=\"Bisol - Viticoltori in Valdobbiadene\" width=\"500\" height=\"281\" src=\"https:\/\/www.youtube.com\/embed\/jbI5a7fZvJ0?feature=oembed\" frameborder=\"0\" allow=\"accelerometer; autoplay; clipboard-write; encrypted-media; gyroscope; picture-in-picture; web-share\" referrerpolicy=\"strict-origin-when-cross-origin\" allowfullscreen><\/iframe><\/p>\n<p>Pr\u00e9sentation du domaine<\/p>\n<p><iframe title=\"Bisol - Vitivinivoltori in Valdobbiadene\" width=\"500\" height=\"281\" src=\"https:\/\/www.youtube.com\/embed\/wkYY-EBBp5I?feature=oembed\" frameborder=\"0\" allow=\"accelerometer; autoplay; clipboard-write; encrypted-media; gyroscope; picture-in-picture; web-share\" referrerpolicy=\"strict-origin-when-cross-origin\" allowfullscreen><\/iframe><\/p>\n<p>Interview de Gianluca Bisol sur Vinitaly 2014<\/p>\n<p><iframe title=\"Gianluca BISOL: Prosecco, territorio, impegno, cultura... Ferrari e Venissa\" width=\"500\" height=\"281\" src=\"https:\/\/www.youtube.com\/embed\/AOosCEKGp50?feature=oembed\" frameborder=\"0\" allow=\"accelerometer; autoplay; clipboard-write; encrypted-media; gyroscope; picture-in-picture; web-share\" referrerpolicy=\"strict-origin-when-cross-origin\" allowfullscreen><\/iframe><\/p>\n<p>&nbsp;<\/p>","protected":false},"excerpt":{"rendered":"<p class=\"p1\" style=\"text-align: justify;\"><span style=\"color: #eed7fa;\">Appellation : Prosecco Valdobbiadene Superiore<\/span><\/p>\n<p class=\"p1\" style=\"text-align: justify;\"><b>Un grand prosseco au rapport qualit\u00e9-prix impressionnant.<\/b><\/p>\n<p class=\"p1\" style=\"text-align: justify;\">Cela fait maintenant cinq si\u00e8cles que la famille Bisol cultive de la vigne au coeur de l\u2019appellation Prosecco et sur le cru l\u00e9gendaire \u00ab\u00a0Cartizze\u00a0\u00bb.\u00a0La famille cultive 20 des plus belles parcelles de toute l\u2019appellation, jusqu\u2019\u00e0 une altitude de 300 m en moyenne.<\/p>\n<p class=\"p1\" style=\"text-align: justify;\">Les caract\u00e9ristiques rares et versatiles du terroir qui abrite les vignes utilis\u00e9es pour le prosecco Vaporetto, en font un vin unique. Les sols argileux de Tr\u00e9vise conf\u00e8rent au vin un beau volume en bouche avec des notes de pommes et nuances de fruits jaunes, tandis que les sols pierreux de la r\u00e9gion du frioul lui apportent finesse et l\u00e9g\u00e8ret\u00e9 et favorisent les ar\u00f4mes frais et floraux.<\/p>\n<p class=\"p1\" style=\"text-align: justify;\">Les caract\u00e9ristiques climatiques des r\u00e9gions o\u00f9 les vignes sont cultiv\u00e9es sont extr\u00eamement int\u00e9ressantes avec un climat g\u00e9n\u00e9ralement frais, typique du nord-est de l&rsquo;Italie. Vaporetto est le nom du fameux bateau-bus de Venise.<\/p>\n<p class=\"p1\" style=\"text-align: justify;\">Un domaine et un prosecco \u00e0 d\u00e9couvrir !!!\u00a0D\u2019ailleurs, le journal LE MONDE l\u2019a justement s\u00e9lectionn\u00e9 et plac\u00e9 en t\u00eate de sa s\u00e9lection derni\u00e8rement.<\/p>\n<p class=\"p1\" style=\"text-align: justify;\">La famille Bisol poss\u00e8de justement la seule parcelle de vignes natives de Venise, dans son domaine de Venissa sur l\u2019\u00eele de Mazzorbo, \u00e0 Venise m\u00eame, mais \u00e9galement le plus haut vignoble d\u2019Europe, dans les montagnes des Dolomites, et aussi sur l\u2019ancien volcan en Colli Euganei face \u00e0 Venise avec son autre domaine Maeli.<\/p>","protected":false},"featured_media":14893,"comment_status":"closed","ping_status":"closed","template":"","meta":{"_monsterinsights_skip_tracking":false,"_monsterinsights_sitenote_active":false,"_monsterinsights_sitenote_note":"","_monsterinsights_sitenote_category":0},"product_brand":[],"product_cat":[230,103],"product_tag":[],"class_list":{"0":"post-14891","1":"product","2":"type-product","3":"status-publish","4":"has-post-thumbnail","6":"product_cat-gamme-italie","7":"product_cat-venetie","9":"first","10":"instock","11":"featured","12":"shipping-taxable","13":"product-type-simple"},"aioseo_notices":[],"_links":{"self":[{"href":"https:\/\/www.b-et-c.com\/en\/wp-json\/wp\/v2\/product\/14891","targetHints":{"allow":["GET"]}}],"collection":[{"href":"https:\/\/www.b-et-c.com\/en\/wp-json\/wp\/v2\/product"}],"about":[{"href":"https:\/\/www.b-et-c.com\/en\/wp-json\/wp\/v2\/types\/product"}],"replies":[{"embeddable":true,"href":"https:\/\/www.b-et-c.com\/en\/wp-json\/wp\/v2\/comments?post=14891"}],"version-history":[{"count":6,"href":"https:\/\/www.b-et-c.com\/en\/wp-json\/wp\/v2\/product\/14891\/revisions"}],"predecessor-version":[{"id":16301,"href":"https:\/\/www.b-et-c.com\/en\/wp-json\/wp\/v2\/product\/14891\/revisions\/16301"}],"wp:featuredmedia":[{"embeddable":true,"href":"https:\/\/www.b-et-c.com\/en\/wp-json\/wp\/v2\/media\/14893"}],"wp:attachment":[{"href":"https:\/\/www.b-et-c.com\/en\/wp-json\/wp\/v2\/media?parent=14891"}],"wp:term":[{"taxonomy":"product_brand","embeddable":true,"href":"https:\/\/www.b-et-c.com\/en\/wp-json\/wp\/v2\/product_brand?post=14891"},{"taxonomy":"product_cat","embeddable":true,"href":"https:\/\/www.b-et-c.com\/en\/wp-json\/wp\/v2\/product_cat?post=14891"},{"taxonomy":"product_tag","embeddable":true,"href":"https:\/\/www.b-et-c.com\/en\/wp-json\/wp\/v2\/product_tag?post=14891"}],"curies":[{"name":"wp","href":"https:\/\/api.w.org\/{rel}","templated":true}]}}