{"id":14853,"date":"2015-10-19T22:59:39","date_gmt":"2015-10-19T21:59:39","guid":{"rendered":"http:\/\/www.b-et-c.com\/produit\/musella\/"},"modified":"2019-07-01T09:20:54","modified_gmt":"2019-07-01T08:20:54","slug":"musella","status":"publish","type":"product","link":"https:\/\/www.b-et-c.com\/en\/shop\/europe\/domaines-italie\/gamme-italie\/musella\/","title":{"rendered":"Musella"},"content":{"rendered":"<p>Pr\u00e9sentation du domaine par Maddalena Pasqua di Bisceglie<\/p>\n<p><iframe title=\"Maddalena Pasqua on Musella Ripasso\" width=\"500\" height=\"281\" src=\"https:\/\/www.youtube.com\/embed\/6Aoj0XPykLM?feature=oembed\" frameborder=\"0\" allow=\"accelerometer; autoplay; clipboard-write; encrypted-media; gyroscope; picture-in-picture; web-share\" referrerpolicy=\"strict-origin-when-cross-origin\" allowfullscreen><\/iframe><\/p>\n<p>Pr\u00e9sentation de l&rsquo;Enticha Bottega del Vino, restaurant mythique italien, dont Maddalena est copropri\u00e9taire<\/p>\n<p><iframe title=\"Antica Bottega del Vino - Verona (EN)\" width=\"500\" height=\"281\" src=\"https:\/\/www.youtube.com\/embed\/84bWUAqU6u4?feature=oembed\" frameborder=\"0\" allow=\"accelerometer; autoplay; clipboard-write; encrypted-media; gyroscope; picture-in-picture; web-share\" referrerpolicy=\"strict-origin-when-cross-origin\" allowfullscreen><\/iframe><\/p>\n<p>Interview de Maddalena Pasqua di Bisceglie sur Vinitaly 2012<\/p>\n<p><iframe title=\"Fruit, Love, and Soil - Musella Amarone with Maddalena Pasqua\" width=\"500\" height=\"281\" src=\"https:\/\/www.youtube.com\/embed\/6pUWenAZqgc?feature=oembed\" frameborder=\"0\" allow=\"accelerometer; autoplay; clipboard-write; encrypted-media; gyroscope; picture-in-picture; web-share\" referrerpolicy=\"strict-origin-when-cross-origin\" allowfullscreen><\/iframe><\/p>\n<p>Interview d&rsquo;Enrico Raber<\/p>\n<p><iframe title=\"Meet Enrico Raber - Musella Wines, Veneto, Italy.\" width=\"500\" height=\"281\" src=\"https:\/\/www.youtube.com\/embed\/eEZpmS_8BQE?feature=oembed\" frameborder=\"0\" allow=\"accelerometer; autoplay; clipboard-write; encrypted-media; gyroscope; picture-in-picture; web-share\" referrerpolicy=\"strict-origin-when-cross-origin\" allowfullscreen><\/iframe><\/p>\n<p>Pr\u00e9sentation du Relais B&amp;B Musella pr\u00e8s de V\u00e9rone<\/p>\n<p><iframe title=\"Karen Brown&#039;s Musella B&amp;B and Winery, San Martino Buon Albergo, Italy\" width=\"500\" height=\"281\" src=\"https:\/\/www.youtube.com\/embed\/NGhD3V7T424?feature=oembed\" frameborder=\"0\" allow=\"accelerometer; autoplay; clipboard-write; encrypted-media; gyroscope; picture-in-picture; web-share\" referrerpolicy=\"strict-origin-when-cross-origin\" allowfullscreen><\/iframe><\/p>","protected":false},"excerpt":{"rendered":"<p class=\"p1\" style=\"text-align: justify;\"><span style=\"color: #eed7fa;\">Appellations : Amarone, Valpolicella Superiore<\/span><\/p>\n<p class=\"p1\" style=\"text-align: justify;\"><b>La reine de la Valopicella Superiore.\u00a0 Une immense vigneronne !<\/b><\/p>\n<p class=\"p1\" style=\"text-align: justify;\">Situ\u00e9 sur les hauteurs de San Martino Buon Albergo, le domaine familial de Musella est l\u2019une des plus belles propri\u00e9t\u00e9s viticoles de toute la V\u00e9n\u00e9tie, qui remonte \u00e0 l\u2019\u00e9poque des comtes de Musella au 16\u00e8me si\u00e8cle.<\/p>\n<p class=\"p1\" style=\"text-align: justify;\">Les chais sont install\u00e9s dans une ancienne cours d\u2019\u00e9curies datant du 16\u00e8me si\u00e8cle, aux abords de la rivi\u00e8re Fibbio.<\/p>\n<p class=\"p1\" style=\"text-align: justify;\">La grange ancestrale au dessus des anciennes \u00e9curies a \u00e9t\u00e9 r\u00e9nov\u00e9es pour accueillir la zone de passerillage des raisins, qui y sont s\u00e9ch\u00e9s soigneusement avec une temp\u00e9rature \u00a0et une ventilation rigoureusement contr\u00f4l\u00e9es. Le parc du domaine, riche en for\u00eats, rivi\u00e8res, autres plantes rares et oliveraies, s\u2019\u00e9tend sur plus de 400 Ha d\u2019un seul tenant.<\/p>\n<p class=\"p1\" style=\"text-align: justify;\">Seules 50\u00a0Ha sont plant\u00e9es de vignes. La taille importante de la propri\u00e9t\u00e9 permet d\u2019avoir une diversit\u00e9 de sols extr\u00eamement importante et d\u2019avoir pu s\u00e9lectionner les meilleures parcelles o\u00f9 poussent les vignes des vins de Musella.<\/p>\n<p class=\"p1\" style=\"text-align: justify;\">Le domaine est conduit et certifi\u00e9 par Demeter en biodynamie. Les vignes sont r\u00e9parties sur trois collines expos\u00e9es au sud-ouest et \u00e0 l\u2019ouest.<\/p>\n<p class=\"p1\" style=\"text-align: justify;\">Les sols d\u2019argile rouge, de calcaire et de tuf (roche poreuse ayant pour origine des cendres volcaniques agglom\u00e9r\u00e9es) octroient au domaine une position privil\u00e9gi\u00e9e pour \u00e9laborer des grands Valpolicella Superiore, Ripasso et Amarone tout simplement fabuleux, d\u2019une belle finesse avec un grain de tanins d\u2019une puret\u00e9 magnifique, et avec une fra\u00eecheur splendide.<\/p>\n<p class=\"p1\" style=\"text-align: justify;\">Maddalena Pasqua di Bisceglie m\u00e8ne le domaine avec brio et ses vins sont r\u00e9put\u00e9s pour leur finesse et leur fra\u00eecheur fruit\u00e9e.<\/p>","protected":false},"featured_media":14860,"comment_status":"closed","ping_status":"closed","template":"","meta":{"_monsterinsights_skip_tracking":false,"_monsterinsights_sitenote_active":false,"_monsterinsights_sitenote_note":"","_monsterinsights_sitenote_category":0},"product_brand":[],"product_cat":[230,103],"product_tag":[],"class_list":{"0":"post-14853","1":"product","2":"type-product","3":"status-publish","4":"has-post-thumbnail","6":"product_cat-gamme-italie","7":"product_cat-venetie","9":"first","10":"instock","11":"featured","12":"shipping-taxable","13":"product-type-simple"},"aioseo_notices":[],"_links":{"self":[{"href":"https:\/\/www.b-et-c.com\/en\/wp-json\/wp\/v2\/product\/14853","targetHints":{"allow":["GET"]}}],"collection":[{"href":"https:\/\/www.b-et-c.com\/en\/wp-json\/wp\/v2\/product"}],"about":[{"href":"https:\/\/www.b-et-c.com\/en\/wp-json\/wp\/v2\/types\/product"}],"replies":[{"embeddable":true,"href":"https:\/\/www.b-et-c.com\/en\/wp-json\/wp\/v2\/comments?post=14853"}],"version-history":[{"count":2,"href":"https:\/\/www.b-et-c.com\/en\/wp-json\/wp\/v2\/product\/14853\/revisions"}],"predecessor-version":[{"id":17624,"href":"https:\/\/www.b-et-c.com\/en\/wp-json\/wp\/v2\/product\/14853\/revisions\/17624"}],"wp:featuredmedia":[{"embeddable":true,"href":"https:\/\/www.b-et-c.com\/en\/wp-json\/wp\/v2\/media\/14860"}],"wp:attachment":[{"href":"https:\/\/www.b-et-c.com\/en\/wp-json\/wp\/v2\/media?parent=14853"}],"wp:term":[{"taxonomy":"product_brand","embeddable":true,"href":"https:\/\/www.b-et-c.com\/en\/wp-json\/wp\/v2\/product_brand?post=14853"},{"taxonomy":"product_cat","embeddable":true,"href":"https:\/\/www.b-et-c.com\/en\/wp-json\/wp\/v2\/product_cat?post=14853"},{"taxonomy":"product_tag","embeddable":true,"href":"https:\/\/www.b-et-c.com\/en\/wp-json\/wp\/v2\/product_tag?post=14853"}],"curies":[{"name":"wp","href":"https:\/\/api.w.org\/{rel}","templated":true}]}}