{"id":14814,"date":"2015-10-19T21:50:15","date_gmt":"2015-10-19T20:50:15","guid":{"rendered":"http:\/\/www.b-et-c.com\/produit\/romano-dal-forno\/"},"modified":"2019-07-01T09:20:46","modified_gmt":"2019-07-01T08:20:46","slug":"romano-dal-forno","status":"publish","type":"product","link":"https:\/\/www.b-et-c.com\/en\/shop\/europe\/domaines-italie\/gamme-italie\/romano-dal-forno\/","title":{"rendered":"Romano Dal Forno"},"content":{"rendered":"<p>Le mythe Dal Forno<\/p>\n<p><iframe title=\"Dal Forno\" width=\"500\" height=\"281\" src=\"https:\/\/www.youtube.com\/embed\/dhO3YaSP2OQ?feature=oembed\" frameborder=\"0\" allow=\"accelerometer; autoplay; clipboard-write; encrypted-media; gyroscope; picture-in-picture; web-share\" referrerpolicy=\"strict-origin-when-cross-origin\" allowfullscreen><\/iframe><\/p>\n<p>Remise du prix du meilleur vin d&rsquo;Italie, au BIWA<\/p>\n<p><iframe title=\"BIWA Best Italian Wine Award 2014 Romano Dal Forno Primo Classificato con il suo Valpolicella\" width=\"500\" height=\"281\" src=\"https:\/\/www.youtube.com\/embed\/uANWjZYKdzM?feature=oembed\" frameborder=\"0\" allow=\"accelerometer; autoplay; clipboard-write; encrypted-media; gyroscope; picture-in-picture; web-share\" referrerpolicy=\"strict-origin-when-cross-origin\" allowfullscreen><\/iframe><\/p>\n<p>Romano Dal Forno pr\u00e9sente son Amarone 2006<\/p>\n<p><iframe title=\"&quot;Amarone Tv&quot; - Romano Dal Forno - Amarone 2006 - &quot;Italian Wine&quot; - by Amarone Tv\" width=\"500\" height=\"281\" src=\"https:\/\/www.youtube.com\/embed\/EGgtpA6geRY?feature=oembed\" frameborder=\"0\" allow=\"accelerometer; autoplay; clipboard-write; encrypted-media; gyroscope; picture-in-picture; web-share\" referrerpolicy=\"strict-origin-when-cross-origin\" allowfullscreen><\/iframe><\/p>\n<p>Romano Dal Forno pr\u00e9sente son Valpolicella Superiore 2007<\/p>\n<p><iframe title=\"&quot;Wine for Gentleman&quot; -  &quot;Romano dal Forno&quot;  Valpolicella Superiore 2007  &quot;Italian Wine&quot; &quot;Amarone&quot; Tv\" width=\"500\" height=\"281\" src=\"https:\/\/www.youtube.com\/embed\/unBQ56BQfKI?feature=oembed\" frameborder=\"0\" allow=\"accelerometer; autoplay; clipboard-write; encrypted-media; gyroscope; picture-in-picture; web-share\" referrerpolicy=\"strict-origin-when-cross-origin\" allowfullscreen><\/iframe><\/p>\n<p>Romano Dal Forno pr\u00e9sente son Recioto Vigna Ser\u00e8 2004<\/p>\n<p><iframe title=\"&quot;Wine for Gentleman&quot; - Romano Dal Forno - Recioto 2004  - &quot;Italian Wine&quot; &quot;Amarone TV&quot;\" width=\"500\" height=\"281\" src=\"https:\/\/www.youtube.com\/embed\/MgrnhrgZ04E?feature=oembed\" frameborder=\"0\" allow=\"accelerometer; autoplay; clipboard-write; encrypted-media; gyroscope; picture-in-picture; web-share\" referrerpolicy=\"strict-origin-when-cross-origin\" allowfullscreen><\/iframe><\/p>\n<p>Interview de Michele Dal Forno<\/p>\n<p><iframe title=\"Historien om Amarone\" width=\"500\" height=\"281\" src=\"https:\/\/www.youtube.com\/embed\/Tf-0CotLrOM?feature=oembed\" frameborder=\"0\" allow=\"accelerometer; autoplay; clipboard-write; encrypted-media; gyroscope; picture-in-picture; web-share\" referrerpolicy=\"strict-origin-when-cross-origin\" allowfullscreen><\/iframe><\/p>\n<p>Interview de Romano\u00a0Dal Forno<\/p>\n<p><iframe title=\"Romano Dal Forno, l&#039;Amarone n\u00b0 1 nel mondo, a Prowein 2014\" width=\"500\" height=\"281\" src=\"https:\/\/www.youtube.com\/embed\/4TuuxVxHMe8?feature=oembed\" frameborder=\"0\" allow=\"accelerometer; autoplay; clipboard-write; encrypted-media; gyroscope; picture-in-picture; web-share\" referrerpolicy=\"strict-origin-when-cross-origin\" allowfullscreen><\/iframe><\/p>\n<p>Romano Dal Forno raconte sa rencontre avec \u00ab\u00a0il Beppi\u00a0\u00bb Quintarelli<\/p>\n<p><iframe title=\"intervista a dal forno\" width=\"500\" height=\"281\" src=\"https:\/\/www.youtube.com\/embed\/pfmvTSJ8v6k?feature=oembed\" frameborder=\"0\" allow=\"accelerometer; autoplay; clipboard-write; encrypted-media; gyroscope; picture-in-picture; web-share\" referrerpolicy=\"strict-origin-when-cross-origin\" allowfullscreen><\/iframe><\/p>\n<p>D\u00e9gustation Wine Spectator Amarone Dal Forno 1997 et 2002 par Joe Cooke<\/p>\n<p><iframe title=\"Dal Forno Amarone l Wine Spectator\" width=\"500\" height=\"375\" src=\"https:\/\/www.youtube.com\/embed\/q3wk2ZW0VvA?feature=oembed\" frameborder=\"0\" allow=\"accelerometer; autoplay; clipboard-write; encrypted-media; gyroscope; picture-in-picture; web-share\" referrerpolicy=\"strict-origin-when-cross-origin\" allowfullscreen><\/iframe><\/p>","protected":false},"excerpt":{"rendered":"<p class=\"p1\"><span style=\"color: #eed7fa;\">Appellations : Amarone, Valpolicella Superiore<\/span><\/p>\n<p class=\"p1\"><b>LE MYTHE VIVANT DE L\u2019AMARONE<\/b><\/p>\n<p class=\"p1\"><b><i>Meilleur vin d\u2019Italie<\/i> par le B.I.W.A. : Valpolicella Dal Forno<\/b><\/p>\n<p class=\"p1\">Issu de la quatri\u00e8me g\u00e9n\u00e9ration d&rsquo;une famille de vignerons, Romano Dal Forno a grandi avec l\u2019amour de sa r\u00e9gion et une passion indestructible et obsessionnelle pour son travail et l\u2019am\u00e9lioration continue de la qualit\u00e9 de ses grands vins. Depuis la cr\u00e9ation du domaine en 1983 dans la vall\u00e9e d\u2019Illasi \u00e0 l\u2019est de V\u00e9rone, au climat continental, la famille toute enti\u00e8re s\u2019est engag\u00e9e \u00e0 ses c\u00f4t\u00e9s pour cr\u00e9er le mythe vivant qu\u2019est devenu Dal Forno.<\/p>\n<p class=\"p1\">Travailleur infatigable, Romano est \u00e9paul\u00e9 par ses trois fils : Marco, Luca et Michele.<\/p>\n<p class=\"p1\">Ses voisins de la Valpolicella disent de lui : \u00ab\u00a0Il ne connait pas seulement chaque pied de ses vigne, il connait \u00e9galement et tutoie chaque grappe !\u00a0\u00bb.<\/p>\n<p class=\"p1\">Le domaine compte aujourd\u2019hui 26 Ha de vignes, avec une densit\u00e9 incroyable de 12.800 pieds \/ Ha.<\/p>\n<p class=\"p1\">Dou\u00e9 d\u2019une grand talent de visionnaire, Romano a op\u00e9r\u00e9 une s\u00e9lection extr\u00eamement minutieuse des pieds de son domaine, et qui l\u2019a amen\u00e9 \u00e0 prendre la d\u00e9cision courageuse d\u2019\u00e9liminer la traditionnelle molinara de ses assemblages, au profit de l\u2019Oseleta qu\u2019il a r\u00e9introduite aux c\u00f4t\u00e9 de la\u00a0Corvina, la corvina grossa, la rondinella et la croatina.<\/p>\n<p class=\"p1\">Le domaine ne produit que 3 cuv\u00e9es d\u2019exceptions :<\/p>\n<p class=\"p1\">Un Valpolicella Superiore, \u00e9labor\u00e9 avec le m\u00eame soin que l\u2019Amarone, et dont les baies sont passerill\u00e9es pendant 4 \u00e0 6 semaines, ce qui conf\u00e8re au vin une intensit\u00e9 aromatique exceptionnelle.<\/p>\n<p class=\"p1\">Un Amarone issue des plus vieilles vignes du domaine, et dont les baies subissent un passerillage de 3 mois, donnant au vin de la force et de l\u2019\u00e9l\u00e9gance (100 kg de raisins donnent \u00e0 peine 15 l de ce pr\u00e9cieux Amarone).<\/p>\n<p class=\"p1\">Un Recioto, joyau incontest\u00e9 de la couronne Dal Forno et consid\u00e9r\u00e9 comme le \u00ab\u00a0noble p\u00e8re\u00a0\u00bb de l\u2019Amarone, produit en micro quantit\u00e9 exclusivement lors des mill\u00e9simes exceptionnels, et issu de vignes orient\u00e9es d\u2019est en ouest pr\u00e8s de Trenago sur des sols argilo-crayeux.<\/p>\n<p class=\"p1\">Le travail incroyable \u00e0 la vigne, la ma\u00eetrise absolue du bois lors de l\u2019\u00e9levage et le soin minutieux apport\u00e9 lors du passerillage permettent \u00e0 Romano Dal Forno d\u2019atteindre le sommet absolu de l\u2019expression de L\u2019Amarone et du Valpolicella, aujourd\u2019hui nomm\u00e9 meilleur vin d\u2019Italie par la grande institution italienne Best Italian Wine Awards.\u00a0En 30 ans, la qu\u00eate absolue de qualit\u00e9 de Romano a permis d\u2019\u00e9lever son domaine Dal Forno au meilleur niveau mondial.<\/p>","protected":false},"featured_media":14815,"comment_status":"closed","ping_status":"closed","template":"","meta":{"_monsterinsights_skip_tracking":false,"_monsterinsights_sitenote_active":false,"_monsterinsights_sitenote_note":"","_monsterinsights_sitenote_category":0},"product_brand":[],"product_cat":[230,103],"product_tag":[],"class_list":{"0":"post-14814","1":"product","2":"type-product","3":"status-publish","4":"has-post-thumbnail","6":"product_cat-gamme-italie","7":"product_cat-venetie","9":"first","10":"instock","11":"featured","12":"shipping-taxable","13":"product-type-simple"},"aioseo_notices":[],"_links":{"self":[{"href":"https:\/\/www.b-et-c.com\/en\/wp-json\/wp\/v2\/product\/14814","targetHints":{"allow":["GET"]}}],"collection":[{"href":"https:\/\/www.b-et-c.com\/en\/wp-json\/wp\/v2\/product"}],"about":[{"href":"https:\/\/www.b-et-c.com\/en\/wp-json\/wp\/v2\/types\/product"}],"replies":[{"embeddable":true,"href":"https:\/\/www.b-et-c.com\/en\/wp-json\/wp\/v2\/comments?post=14814"}],"version-history":[{"count":2,"href":"https:\/\/www.b-et-c.com\/en\/wp-json\/wp\/v2\/product\/14814\/revisions"}],"predecessor-version":[{"id":17622,"href":"https:\/\/www.b-et-c.com\/en\/wp-json\/wp\/v2\/product\/14814\/revisions\/17622"}],"wp:featuredmedia":[{"embeddable":true,"href":"https:\/\/www.b-et-c.com\/en\/wp-json\/wp\/v2\/media\/14815"}],"wp:attachment":[{"href":"https:\/\/www.b-et-c.com\/en\/wp-json\/wp\/v2\/media?parent=14814"}],"wp:term":[{"taxonomy":"product_brand","embeddable":true,"href":"https:\/\/www.b-et-c.com\/en\/wp-json\/wp\/v2\/product_brand?post=14814"},{"taxonomy":"product_cat","embeddable":true,"href":"https:\/\/www.b-et-c.com\/en\/wp-json\/wp\/v2\/product_cat?post=14814"},{"taxonomy":"product_tag","embeddable":true,"href":"https:\/\/www.b-et-c.com\/en\/wp-json\/wp\/v2\/product_tag?post=14814"}],"curies":[{"name":"wp","href":"https:\/\/api.w.org\/{rel}","templated":true}]}}