{"id":14799,"date":"2015-10-19T21:10:24","date_gmt":"2015-10-19T20:10:24","guid":{"rendered":"http:\/\/www.b-et-c.com\/produit\/musita\/"},"modified":"2019-07-01T09:17:53","modified_gmt":"2019-07-01T08:17:53","slug":"musita","status":"publish","type":"product","link":"https:\/\/www.b-et-c.com\/en\/shop\/europe\/domaines-italie\/sicile\/musita\/","title":{"rendered":"Musita"},"content":{"rendered":"","protected":false},"excerpt":{"rendered":"<p class=\"p1\" style=\"text-align: justify;\"><span style=\"color: #eed7fa;\">Appellation : Sicile<\/span><\/p>\n<p class=\"p1\" style=\"text-align: justify;\"><b>Une famille de tradition au c\u0153ur de la Sicile<\/b><\/p>\n<p class=\"p1\" style=\"text-align: justify;\">Depuis la fin du XIX\u00e8me si\u00e8cle, les 5 g\u00e9n\u00e9rations de la famille Ardagna ont cultiv\u00e9 les vignes de la propri\u00e9t\u00e9 familiale situ\u00e9e dans l\u2019ouest de la Sicile autour du village de Salemi, dans la vall\u00e9e du Belice, sur les collines que les arabes appelaient \u201cMusita\u201d.<\/p>\n<p class=\"p1\" style=\"text-align: justify;\">Les premi\u00e8res vignes du domaines ont \u00e9t\u00e9 plant\u00e9es par la famille Ardagna il y a plus de 120 ans.\u00a0Musita poss\u00e8de aujourd\u2019hui 50 Ha plant\u00e9s de Grillo, Catarratto, Chardonnay, Nero d\u2019Avola, Syrah, etc., \u00e0 420 m d\u2019altitude au-dessus de la mer.<\/p>\n<p class=\"p1\" style=\"text-align: justify;\">Les sols sont principalement<span class=\"Apple-converted-space\">\u00a0 <\/span>argilo-calcaires et sablonneux sur du calcaire.<\/p>\n<p class=\"p1\" style=\"text-align: justify;\">Musita s\u2019est toujours illustr\u00e9e dans l\u2019\u00e9laboration de jolies cuv\u00e9es avec un rapport qualit\u00e9-prix absolument extraordinaire et reconnues internationalement. les vins sont \u00e9labor\u00e9s avec l&rsquo;aide d&rsquo;un oenologue consultant qui travaille avec Romano Dal Forno.<\/p>\n<p class=\"p1\" style=\"text-align: justify;\">Les vins de Musita sont juteux, croquants, savoureux et frais. Des vins de Sicile typ\u00e9s et invitant au voyage.<\/p>","protected":false},"featured_media":14812,"comment_status":"closed","ping_status":"closed","template":"","meta":{"_monsterinsights_skip_tracking":false,"_monsterinsights_sitenote_active":false,"_monsterinsights_sitenote_note":"","_monsterinsights_sitenote_category":0},"product_brand":[],"product_cat":[102,230],"product_tag":[],"class_list":{"0":"post-14799","1":"product","2":"type-product","3":"status-publish","4":"has-post-thumbnail","6":"product_cat-sicile","7":"product_cat-gamme-italie","9":"first","10":"instock","11":"featured","12":"shipping-taxable","13":"product-type-simple"},"aioseo_notices":[],"_links":{"self":[{"href":"https:\/\/www.b-et-c.com\/en\/wp-json\/wp\/v2\/product\/14799","targetHints":{"allow":["GET"]}}],"collection":[{"href":"https:\/\/www.b-et-c.com\/en\/wp-json\/wp\/v2\/product"}],"about":[{"href":"https:\/\/www.b-et-c.com\/en\/wp-json\/wp\/v2\/types\/product"}],"replies":[{"embeddable":true,"href":"https:\/\/www.b-et-c.com\/en\/wp-json\/wp\/v2\/comments?post=14799"}],"version-history":[{"count":2,"href":"https:\/\/www.b-et-c.com\/en\/wp-json\/wp\/v2\/product\/14799\/revisions"}],"predecessor-version":[{"id":17611,"href":"https:\/\/www.b-et-c.com\/en\/wp-json\/wp\/v2\/product\/14799\/revisions\/17611"}],"wp:featuredmedia":[{"embeddable":true,"href":"https:\/\/www.b-et-c.com\/en\/wp-json\/wp\/v2\/media\/14812"}],"wp:attachment":[{"href":"https:\/\/www.b-et-c.com\/en\/wp-json\/wp\/v2\/media?parent=14799"}],"wp:term":[{"taxonomy":"product_brand","embeddable":true,"href":"https:\/\/www.b-et-c.com\/en\/wp-json\/wp\/v2\/product_brand?post=14799"},{"taxonomy":"product_cat","embeddable":true,"href":"https:\/\/www.b-et-c.com\/en\/wp-json\/wp\/v2\/product_cat?post=14799"},{"taxonomy":"product_tag","embeddable":true,"href":"https:\/\/www.b-et-c.com\/en\/wp-json\/wp\/v2\/product_tag?post=14799"}],"curies":[{"name":"wp","href":"https:\/\/api.w.org\/{rel}","templated":true}]}}