{"id":14730,"date":"2015-10-15T13:59:10","date_gmt":"2015-10-15T12:59:10","guid":{"rendered":"http:\/\/www.b-et-c.com\/produit\/luigi-pira\/"},"modified":"2023-06-19T13:38:54","modified_gmt":"2023-06-19T12:38:54","slug":"luigi-pira","status":"publish","type":"product","link":"https:\/\/www.b-et-c.com\/en\/shop\/europe\/domaines-italie\/piemont\/luigi-pira\/","title":{"rendered":"Luigi Pira"},"content":{"rendered":"<p>Pr\u00e9sentation du Barolo Margheria 2005 de Luigi Pira par Sem. Virolent<\/p>\n<p><iframe title=\"Seminario Veronelli Degustazione del 17-12-2009.wmv\" width=\"500\" height=\"375\" src=\"https:\/\/www.youtube.com\/embed\/Nwe-_gecVu0?feature=oembed\" frameborder=\"0\" allow=\"accelerometer; autoplay; clipboard-write; encrypted-media; gyroscope; picture-in-picture; web-share\" referrerpolicy=\"strict-origin-when-cross-origin\" allowfullscreen><\/iframe><\/p>","protected":false},"excerpt":{"rendered":"<p style=\"text-align: justify;\"><span style=\"color: #eed7fa;\">Appellations : Barolo, Dolcetto d&rsquo;Alba, Barbera d&rsquo;Alba, Langhe<\/span><\/p>\n<p style=\"text-align: justify;\"><strong>L\u2019\u00e9toile montante en Pi\u00e9mont, un nouveau g\u00e9ant\u2026<\/strong><\/p>\n<p style=\"text-align: justify;\">Luigi Pira est sans conteste l&rsquo;\u00e9toile montante du Pi\u00e9mont et nous offre des vins exceptionnels \u00e0 des prix vraiment tr\u00e8s raisonnables et loin des envol\u00e9es de certains grands crus. Le rapport qualit\u00e9-prix de ces vins est absolument fabuleux, sachant qu&rsquo;il s&rsquo;agit de vins immenses.<\/p>\n<p style=\"text-align: justify;\">Situ\u00e9 \u00e0 Serralunga d&rsquo;Alba, au c\u0153ur des Langhe et plus pr\u00e9cis\u00e9ment de la r\u00e9gion du Barolo, le domaine a \u00e9t\u00e9 cr\u00e9\u00e9 dans les ann\u00e9es 1950 par Luigi Pira. Aujourd&rsquo;hui men\u00e9 par son fils, l&rsquo;immense et discret vigneron Gianpaolo Pira, le domaine qui compte 10 Ha, \u00a0poss\u00e8des des parcelles sur les terroirs les plus r\u00e9put\u00e9s de la r\u00e9gions comme Marenca, Margheria ou Vignarionda et partage m\u00eame certaines parcelles avec son illustre voisin Angelo Gaja.<\/p>\n<p style=\"text-align: justify;\">Les barolo de Luigi Pira, issus de vinifications m\u00e9ticuleuses et cultures sans produits chimiques, \u00a0sont puissants, structur\u00e9s et complexes. Ils refl\u00e8tent toute la typicit\u00e9 de chacun de ces terroirs uniques. Le Dolcetto est impressionnant de richesse et concentration.\u00a0Il faut vraiment suivre de tr\u00e8s pr\u00e8s cet immense vigneron et mettre ses vins en caves. Ce sont de tr\u00e9sors pour l&rsquo;avenir, encore accessibles et qui prendront de la valeur pour ceux qui sauront les attendre.<\/p>\n<p style=\"text-align: justify;\">L\u2019article paru en novembre 2013 dans La Revue du Vin de France sur Luigi Pira titrait d\u2019ailleurs : \u00ab\u00a0Pira, des barolo d\u2019une grande sensualit\u00e9\u00a0\u00bb\u2026<\/p>","protected":false},"featured_media":15596,"comment_status":"closed","ping_status":"closed","template":"","meta":{"_monsterinsights_skip_tracking":false,"_monsterinsights_sitenote_active":false,"_monsterinsights_sitenote_note":"","_monsterinsights_sitenote_category":0},"product_brand":[],"product_cat":[98,230],"product_tag":[],"class_list":{"0":"post-14730","1":"product","2":"type-product","3":"status-publish","4":"has-post-thumbnail","6":"product_cat-piemont","7":"product_cat-gamme-italie","9":"first","10":"instock","11":"featured","12":"shipping-taxable","13":"product-type-simple"},"aioseo_notices":[],"_links":{"self":[{"href":"https:\/\/www.b-et-c.com\/en\/wp-json\/wp\/v2\/product\/14730","targetHints":{"allow":["GET"]}}],"collection":[{"href":"https:\/\/www.b-et-c.com\/en\/wp-json\/wp\/v2\/product"}],"about":[{"href":"https:\/\/www.b-et-c.com\/en\/wp-json\/wp\/v2\/types\/product"}],"replies":[{"embeddable":true,"href":"https:\/\/www.b-et-c.com\/en\/wp-json\/wp\/v2\/comments?post=14730"}],"version-history":[{"count":2,"href":"https:\/\/www.b-et-c.com\/en\/wp-json\/wp\/v2\/product\/14730\/revisions"}],"predecessor-version":[{"id":31287,"href":"https:\/\/www.b-et-c.com\/en\/wp-json\/wp\/v2\/product\/14730\/revisions\/31287"}],"wp:featuredmedia":[{"embeddable":true,"href":"https:\/\/www.b-et-c.com\/en\/wp-json\/wp\/v2\/media\/15596"}],"wp:attachment":[{"href":"https:\/\/www.b-et-c.com\/en\/wp-json\/wp\/v2\/media?parent=14730"}],"wp:term":[{"taxonomy":"product_brand","embeddable":true,"href":"https:\/\/www.b-et-c.com\/en\/wp-json\/wp\/v2\/product_brand?post=14730"},{"taxonomy":"product_cat","embeddable":true,"href":"https:\/\/www.b-et-c.com\/en\/wp-json\/wp\/v2\/product_cat?post=14730"},{"taxonomy":"product_tag","embeddable":true,"href":"https:\/\/www.b-et-c.com\/en\/wp-json\/wp\/v2\/product_tag?post=14730"}],"curies":[{"name":"wp","href":"https:\/\/api.w.org\/{rel}","templated":true}]}}