{"id":14702,"date":"2015-10-15T11:09:46","date_gmt":"2015-10-15T10:09:46","guid":{"rendered":"http:\/\/www.b-et-c.com\/produit\/elio-altare\/"},"modified":"2019-07-01T09:21:15","modified_gmt":"2019-07-01T08:21:15","slug":"elio-altare","status":"publish","type":"product","link":"https:\/\/www.b-et-c.com\/en\/shop\/europe\/domaines-italie\/piemont\/elio-altare\/","title":{"rendered":"Elio Altare"},"content":{"rendered":"<p>Silvia Altare parle du Barolo et du domaine<\/p>\n<p><iframe title=\"Sylvia Altare talks about Barolo 4.3 FULL.flv\" width=\"500\" height=\"281\" src=\"https:\/\/www.youtube.com\/embed\/AMsp2HAk1Ec?feature=oembed\" frameborder=\"0\" allow=\"accelerometer; autoplay; clipboard-write; encrypted-media; gyroscope; picture-in-picture; web-share\" referrerpolicy=\"strict-origin-when-cross-origin\" allowfullscreen><\/iframe><\/p>\n<p>Interview d&rsquo;Elio Altare, partie 1<\/p>\n<p><iframe title=\"ELIO ALTARE BAROLO DOCG @ilmangiaweb  parte due\" width=\"500\" height=\"375\" src=\"https:\/\/www.youtube.com\/embed\/ko1gMOeHyf8?feature=oembed\" frameborder=\"0\" allow=\"accelerometer; autoplay; clipboard-write; encrypted-media; gyroscope; picture-in-picture; web-share\" referrerpolicy=\"strict-origin-when-cross-origin\" allowfullscreen><\/iframe><\/p>\n<p>Interview d&rsquo;Elio Altare, partie 2<\/p>\n<p><iframe title=\"ELIO ALTARE BAROLO DOCG @ilmangiaweb   parte uno\" width=\"500\" height=\"375\" src=\"https:\/\/www.youtube.com\/embed\/TK_ikS_4ZVY?feature=oembed\" frameborder=\"0\" allow=\"accelerometer; autoplay; clipboard-write; encrypted-media; gyroscope; picture-in-picture; web-share\" referrerpolicy=\"strict-origin-when-cross-origin\" allowfullscreen><\/iframe><\/p>\n<p>Interview d&rsquo;Elio Altare, partie 3<\/p>\n<p><iframe title=\"ELIO ALTARE BAROLO DOCG @ilmangiaweb  parte tre\" width=\"500\" height=\"375\" src=\"https:\/\/www.youtube.com\/embed\/Av7fWLYUv6Q?feature=oembed\" frameborder=\"0\" allow=\"accelerometer; autoplay; clipboard-write; encrypted-media; gyroscope; picture-in-picture; web-share\" referrerpolicy=\"strict-origin-when-cross-origin\" allowfullscreen><\/iframe><\/p>\n<p>Interview d&rsquo;Elio et Silvia Altare par Jim Seder<\/p>\n<p><iframe title=\"Elio &amp; Silvia Altare Discuss Their Upcoming Cannubi Barolo Release\" width=\"500\" height=\"375\" src=\"https:\/\/www.youtube.com\/embed\/gC-PehTaaIU?feature=oembed\" frameborder=\"0\" allow=\"accelerometer; autoplay; clipboard-write; encrypted-media; gyroscope; picture-in-picture; web-share\" referrerpolicy=\"strict-origin-when-cross-origin\" allowfullscreen><\/iframe><\/p>\n<p>&nbsp;<\/p>","protected":false},"excerpt":{"rendered":"<p><span style=\"color: #eed7fa;\">Appellations : Barolo, Langhe, Dolceto d&rsquo;Alba, Barbera d&rsquo;Alba<\/span><\/p>\n<p><strong>Que dire de la l\u00e9gende vivante Elio Altare, qui n&rsquo;ait encore \u00e9t\u00e9 dit ou \u00e9crit ? <\/strong><\/p>\n<p>Avec Angelo Gaja, il fait partie de ce groupe restreint de vignerons qui ont os\u00e9 et \u00e0 qui l\u2019on doit l&rsquo;excellence qualitative de la production pi\u00e9montaise.<\/p>\n<p>Au grand d\u00e9sespoir de son p\u00e8re, Elio a chambard\u00e9 la tradition de Barolo apr\u00e8s son premier voyage en Bourgogne, voyage qui devait transformer radicalement sa fa\u00e7on de concevoir le vin. Allant \u00e0 l\u2019encontre des m\u0153urs \u00e0 l\u2019\u00e9poque, il fut rapidement tax\u00e9 de \u00ab moderniste \u00bb. Il poussa tellement loin sa volont\u00e9 visc\u00e9rale d&rsquo;am\u00e9liorer les vins du Pi\u00e9mont que son p\u00e8re le d\u00e9sh\u00e9rita, et \u00e0 la mort de celui-ci, Elio \u00a0d\u00fb racheter le domaine pour continuer son travail.<\/p>\n<p>Le domaine est \u00e9tabli \u00e0 La Morra, commune du Barolo reconnue pour la finesse et l\u2019\u00e9l\u00e9gance de ses vins. Comme les plus grands de la r\u00e9gion, il n&rsquo;utilise aucun pesticide ou traitement chimique, n&rsquo;ensemence pas les vins en fermentation, ne filtre pas.<\/p>\n<p>Le domaine est aujourd\u2019hui g\u00e9r\u00e9 avec brio par sa fille, la bouillonnante et p\u00e9tillante Silvia, avec l&rsquo;appui d&rsquo;Elio, toujours pr\u00e9sent au quotidien.<\/p>\n<p>Quiconque a eu l&rsquo;occasion de boire un Barolo d&rsquo;Elio Altare en garde un souvenir \u00e9mu pour toute la vie.<\/p>\n<p>Les vins sont rac\u00e9s, \u00e9l\u00e9gants avec des tanins d&rsquo;un soyeux absolument fabuleux, d&rsquo;un \u00e9quilibre et d&rsquo;une fra\u00eecheur incroyables.\u00a0Ils sont comme le personnage, plein de vie et de po\u00e9sie \u00e0 fleur de peau.<\/p>\n<p>Ces vins sont des chefs d&rsquo;oeuvre d&rsquo;oenologie, d\u00e9montrant comment allier tradition et innovation peut devenir grandiose.\u00a0Un grand moment d&rsquo;\u00e9motion !<\/p>","protected":false},"featured_media":15595,"comment_status":"closed","ping_status":"closed","template":"","meta":{"_monsterinsights_skip_tracking":false,"_monsterinsights_sitenote_active":false,"_monsterinsights_sitenote_note":"","_monsterinsights_sitenote_category":0},"product_brand":[],"product_cat":[98,230],"product_tag":[],"class_list":{"0":"post-14702","1":"product","2":"type-product","3":"status-publish","4":"has-post-thumbnail","6":"product_cat-piemont","7":"product_cat-gamme-italie","9":"first","10":"instock","11":"featured","12":"shipping-taxable","13":"product-type-simple"},"aioseo_notices":[],"_links":{"self":[{"href":"https:\/\/www.b-et-c.com\/en\/wp-json\/wp\/v2\/product\/14702","targetHints":{"allow":["GET"]}}],"collection":[{"href":"https:\/\/www.b-et-c.com\/en\/wp-json\/wp\/v2\/product"}],"about":[{"href":"https:\/\/www.b-et-c.com\/en\/wp-json\/wp\/v2\/types\/product"}],"replies":[{"embeddable":true,"href":"https:\/\/www.b-et-c.com\/en\/wp-json\/wp\/v2\/comments?post=14702"}],"version-history":[{"count":2,"href":"https:\/\/www.b-et-c.com\/en\/wp-json\/wp\/v2\/product\/14702\/revisions"}],"predecessor-version":[{"id":17630,"href":"https:\/\/www.b-et-c.com\/en\/wp-json\/wp\/v2\/product\/14702\/revisions\/17630"}],"wp:featuredmedia":[{"embeddable":true,"href":"https:\/\/www.b-et-c.com\/en\/wp-json\/wp\/v2\/media\/15595"}],"wp:attachment":[{"href":"https:\/\/www.b-et-c.com\/en\/wp-json\/wp\/v2\/media?parent=14702"}],"wp:term":[{"taxonomy":"product_brand","embeddable":true,"href":"https:\/\/www.b-et-c.com\/en\/wp-json\/wp\/v2\/product_brand?post=14702"},{"taxonomy":"product_cat","embeddable":true,"href":"https:\/\/www.b-et-c.com\/en\/wp-json\/wp\/v2\/product_cat?post=14702"},{"taxonomy":"product_tag","embeddable":true,"href":"https:\/\/www.b-et-c.com\/en\/wp-json\/wp\/v2\/product_tag?post=14702"}],"curies":[{"name":"wp","href":"https:\/\/api.w.org\/{rel}","templated":true}]}}