{"id":2,"date":"2015-10-08T23:50:04","date_gmt":"2015-10-08T22:50:04","guid":{"rendered":"http:\/\/www.b-et-c.com\/?page_id=2"},"modified":"2020-04-16T11:19:22","modified_gmt":"2020-04-16T10:19:22","slug":"pro","status":"publish","type":"page","link":"https:\/\/www.b-et-c.com\/en\/pro\/","title":{"rendered":"Acc\u00e8s agents"},"content":{"rendered":"<h4>Vous poss\u00e9dez d\u00e9j\u00e0 votre acc\u00e8s agent<\/h4>\n<a class=\"sf-button standard accent default  sf-button-has-icon\" href=\"http:\/\/www.b-et-c.com\/en\/pro2\/\" target=\"_self\" rel=\"\"><span class=\"text\">\u00a0 \u00a0Acc\u00e8s Agent\u00a0 \u00a0 <\/span><i class=\"fa-key\"><\/i><\/a>\n<p>&nbsp;<\/p>\n<h4>Vous souhaitez obtenir vos codes d&rsquo;acc\u00e8s agent, remplissez ce formulaire<\/h4>\n\n<div class=\"wpcf7 no-js\" id=\"wpcf7-f16171-o1\" lang=\"fr-FR\" dir=\"ltr\" data-wpcf7-id=\"16171\">\n<div class=\"screen-reader-response\"><p role=\"status\" aria-live=\"polite\" aria-atomic=\"true\"><\/p> <ul><\/ul><\/div>\n<form action=\"\/en\/wp-json\/wp\/v2\/pages\/2#wpcf7-f16171-o1\" method=\"post\" class=\"wpcf7-form init\" aria-label=\"Formulaire de contact\" novalidate=\"novalidate\" data-status=\"init\" data-trp-original-action=\"\/en\/wp-json\/wp\/v2\/pages\/2#wpcf7-f16171-o1\">\n<fieldset class=\"hidden-fields-container\"><input type=\"hidden\" name=\"_wpcf7\" value=\"16171\" \/><input type=\"hidden\" name=\"_wpcf7_version\" value=\"6.1.5\" \/><input type=\"hidden\" name=\"_wpcf7_locale\" value=\"fr_FR\" \/><input type=\"hidden\" name=\"_wpcf7_unit_tag\" value=\"wpcf7-f16171-o1\" \/><input type=\"hidden\" name=\"_wpcf7_container_post\" value=\"0\" \/><input type=\"hidden\" name=\"_wpcf7_posted_data_hash\" value=\"\" \/><input type=\"hidden\" name=\"_wpcf7_recaptcha_response\" value=\"\" \/>\n<\/fieldset>\n<p>Votre nom (obligatoire)\n<\/p>\n<p><span class=\"wpcf7-form-control-wrap\" data-name=\"nom\"><input size=\"40\" maxlength=\"400\" class=\"wpcf7-form-control wpcf7-text wpcf7-validates-as-required\" aria-required=\"true\" aria-invalid=\"false\" value=\"\" type=\"text\" name=\"nom\" \/><\/span>\n<\/p>\n<p>Votre email (obligatoire)\n<\/p>\n<p><span class=\"wpcf7-form-control-wrap\" data-name=\"email\"><input size=\"40\" maxlength=\"400\" class=\"wpcf7-form-control wpcf7-email wpcf7-validates-as-required wpcf7-text wpcf7-validates-as-email\" aria-required=\"true\" aria-invalid=\"false\" value=\"\" type=\"email\" name=\"email\" \/><\/span>\n<\/p>\n<p>Votre soci\u00e9t\u00e9\n<\/p>\n<p><span class=\"wpcf7-form-control-wrap\" data-name=\"societe\"><input size=\"40\" maxlength=\"400\" class=\"wpcf7-form-control wpcf7-text\" aria-invalid=\"false\" value=\"\" type=\"text\" name=\"societe\" \/><\/span>\n<\/p>\n<p>Votre zone de distribution\n<\/p>\n<p><span class=\"wpcf7-form-control-wrap\" data-name=\"textarea\"><textarea cols=\"40\" rows=\"10\" maxlength=\"2000\" class=\"wpcf7-form-control wpcf7-textarea\" aria-invalid=\"false\" name=\"textarea\"><\/textarea><\/span>\n<\/p>\n\n<p><input class=\"wpcf7-form-control wpcf7-submit has-spinner\" type=\"submit\" value=\"envoyer\" \/>\n<\/p><div class=\"wpcf7-response-output\" aria-hidden=\"true\"><\/div>\n<input type=\"hidden\" name=\"trp-form-language\" value=\"en\"\/><\/form>\n<\/div>\n\n<p>&nbsp;<\/p>\n<p>Un mail avec votre code personnel vous sera envoy\u00e9 par notre service Pro.<br \/>\nIl vous donnera acc\u00e8s \u00e0 la page avec nos promotions en cours et le catalogue PDF \u00e0 t\u00e9l\u00e9charger.<\/p>","protected":false},"excerpt":{"rendered":"<p>Vous poss\u00e9dez d\u00e9j\u00e0 votre acc\u00e8s agent &nbsp; Vous souhaitez obtenir vos codes d&rsquo;acc\u00e8s agent, remplissez ce formulaire &nbsp; Un mail avec votre code personnel vous sera envoy\u00e9 par notre service Pro. Il vous donnera acc\u00e8s \u00e0 la page avec nos promotions en cours et le catalogue PDF \u00e0 t\u00e9l\u00e9charger.<\/p>","protected":false},"author":5,"featured_media":0,"parent":0,"menu_order":0,"comment_status":"closed","ping_status":"open","template":"","meta":{"_monsterinsights_skip_tracking":false,"_monsterinsights_sitenote_active":false,"_monsterinsights_sitenote_note":"","_monsterinsights_sitenote_category":0,"footnotes":""},"class_list":["post-2","page","type-page","status-publish","hentry"],"aioseo_notices":[],"_links":{"self":[{"href":"https:\/\/www.b-et-c.com\/en\/wp-json\/wp\/v2\/pages\/2","targetHints":{"allow":["GET"]}}],"collection":[{"href":"https:\/\/www.b-et-c.com\/en\/wp-json\/wp\/v2\/pages"}],"about":[{"href":"https:\/\/www.b-et-c.com\/en\/wp-json\/wp\/v2\/types\/page"}],"author":[{"embeddable":true,"href":"https:\/\/www.b-et-c.com\/en\/wp-json\/wp\/v2\/users\/5"}],"replies":[{"embeddable":true,"href":"https:\/\/www.b-et-c.com\/en\/wp-json\/wp\/v2\/comments?post=2"}],"version-history":[{"count":11,"href":"https:\/\/www.b-et-c.com\/en\/wp-json\/wp\/v2\/pages\/2\/revisions"}],"predecessor-version":[{"id":16813,"href":"https:\/\/www.b-et-c.com\/en\/wp-json\/wp\/v2\/pages\/2\/revisions\/16813"}],"wp:attachment":[{"href":"https:\/\/www.b-et-c.com\/en\/wp-json\/wp\/v2\/media?parent=2"}],"curies":[{"name":"wp","href":"https:\/\/api.w.org\/{rel}","templated":true}]}}